{"id":1586,"date":"2024-12-21T12:30:24","date_gmt":"2024-12-21T12:30:24","guid":{"rendered":"https:\/\/motovitalex.md\/?post_type=product&#038;p=1586"},"modified":"2024-12-21T12:30:24","modified_gmt":"2024-12-21T12:30:24","slug":"duza-injector-pentru-tractor-cu-motor-diesel-186f-scurt","status":"publish","type":"product","link":"https:\/\/motovitalex.md\/ru\/product\/duza-injector-pentru-tractor-cu-motor-diesel-186f-scurt\/","title":{"rendered":"Duza injector pentru tractor cu motor diesel 186F, scurt"},"content":{"rendered":"<p>Atomizor injector\u00a0 pentru tractor cu motor diesel 186F, scurt &#8211; un element injector de combustibil conceput pentru atomizarea fin\u0103 a combustibilului \u00een camera de ardere a unei unit\u0103\u021bi de alimentare diesel. Fabricat din o\u021bel de \u00eenalt\u0103 calitate \u0219i este format dintr-un corp \u0219i un ac de blocare.<\/p>\n<p>Elementele sunt o pereche special asortat\u0103, care asigur\u0103 o func\u021bionare fiabil\u0103 la presiune ridicat\u0103. Sub influen\u021ba for\u021belor de frecare \u0219i a substan\u021belor abrazive care intr\u0103 cu combustibilul, piesele se uzeaz\u0103, ceea ce duce la scurgeri de combustibil \u0219i la perturbarea sincronizarii supapelor.<strong> Dac\u0103 apare o func\u021bionare instabil\u0103 a motorului, puterea scade \u0219i consumul de combustibil cre\u0219te, este necesar\u0103 diagnosticarea \u0219i \u00eenlocuirea piesei defecte.<\/strong><\/p>","protected":false},"excerpt":{"rendered":"<p>Atomizor injector\u00a0 pentru tractor cu motor diesel 186F, scurt &#8211; un element injector de combustibil conceput pentru atomizarea fin\u0103 a combustibilului \u00een camera de ardere a unei unit\u0103\u021bi de alimentare diesel. Fabricat din o\u021bel de \u00eenalt\u0103 calitate \u0219i este format dintr-un corp \u0219i un ac de blocare. Elementele sunt o pereche special asortat\u0103, care asigur\u0103&hellip;<\/p>","protected":false},"featured_media":1587,"template":"","meta":[],"product_cat":[64],"product_tag":[],"class_list":{"0":"post-1586","1":"product","2":"type-product","3":"status-publish","4":"has-post-thumbnail","6":"product_cat-piese-auto","8":"first","9":"instock","10":"shipping-taxable","11":"product-type-simple"},"_links":{"self":[{"href":"https:\/\/motovitalex.md\/ru\/wp-json\/wp\/v2\/product\/1586","targetHints":{"allow":["GET"]}}],"collection":[{"href":"https:\/\/motovitalex.md\/ru\/wp-json\/wp\/v2\/product"}],"about":[{"href":"https:\/\/motovitalex.md\/ru\/wp-json\/wp\/v2\/types\/product"}],"version-history":[{"count":1,"href":"https:\/\/motovitalex.md\/ru\/wp-json\/wp\/v2\/product\/1586\/revisions"}],"predecessor-version":[{"id":1588,"href":"https:\/\/motovitalex.md\/ru\/wp-json\/wp\/v2\/product\/1586\/revisions\/1588"}],"wp:featuredmedia":[{"embeddable":true,"href":"https:\/\/motovitalex.md\/ru\/wp-json\/wp\/v2\/media\/1587"}],"wp:attachment":[{"href":"https:\/\/motovitalex.md\/ru\/wp-json\/wp\/v2\/media?parent=1586"}],"wp:term":[{"taxonomy":"product_cat","embeddable":true,"href":"https:\/\/motovitalex.md\/ru\/wp-json\/wp\/v2\/product_cat?post=1586"},{"taxonomy":"product_tag","embeddable":true,"href":"https:\/\/motovitalex.md\/ru\/wp-json\/wp\/v2\/product_tag?post=1586"}],"curies":[{"name":"wp","href":"https:\/\/api.w.org\/{rel}","templated":true}]}}