{"id":1577,"date":"2024-12-21T12:19:01","date_gmt":"2024-12-21T12:19:01","guid":{"rendered":"https:\/\/motovitalex.md\/?post_type=product&#038;p=1577"},"modified":"2024-12-21T12:19:01","modified_gmt":"2024-12-21T12:19:01","slug":"conducta-de-combustibil-de-inalta-presiune-nr-2-186f","status":"publish","type":"product","link":"https:\/\/motovitalex.md\/ru\/product\/conducta-de-combustibil-de-inalta-presiune-nr-2-186f\/","title":{"rendered":"Conducta de combustibil de \u00eenalt\u0103 presiune nr. 2 &#8211; 186F"},"content":{"rendered":"<p>Conducta de combustibil de \u00eenalt\u0103 presiune Nr. 2 &#8211; 186F este potrivit\u0103 pentru motoarele diesel ale tractoarelor, generatoarelor \u0219i altor echipamente cu o putere de 6\/10 CP. aer r\u0103cit.<\/p>\n<p>Lungime total\u0103 (mm) &#8211; 470<\/p>\n<p>Filet interior (mm) &#8211; 11 la cheie Nr. 17<\/p>\n<p>Filet exterior (mm) &#8211; 14 la cheie Nr. 17<\/p>\n<p>Greutate (gr.) &#8211; 115<\/p>","protected":false},"excerpt":{"rendered":"<p>Conducta de combustibil de \u00eenalt\u0103 presiune Nr. 2 &#8211; 186F este potrivit\u0103 pentru motoarele diesel ale tractoarelor, generatoarelor \u0219i altor echipamente cu o putere de 6\/10 CP. aer r\u0103cit. Lungime total\u0103 (mm) &#8211; 470 Filet interior (mm) &#8211; 11 la cheie Nr. 17 Filet exterior (mm) &#8211; 14 la cheie Nr. 17 Greutate (gr.) &#8211;&hellip;<\/p>","protected":false},"featured_media":1578,"template":"","meta":[],"product_cat":[64],"product_tag":[],"class_list":{"0":"post-1577","1":"product","2":"type-product","3":"status-publish","4":"has-post-thumbnail","6":"product_cat-piese-auto","8":"first","9":"instock","10":"shipping-taxable","11":"product-type-simple"},"_links":{"self":[{"href":"https:\/\/motovitalex.md\/ru\/wp-json\/wp\/v2\/product\/1577","targetHints":{"allow":["GET"]}}],"collection":[{"href":"https:\/\/motovitalex.md\/ru\/wp-json\/wp\/v2\/product"}],"about":[{"href":"https:\/\/motovitalex.md\/ru\/wp-json\/wp\/v2\/types\/product"}],"version-history":[{"count":1,"href":"https:\/\/motovitalex.md\/ru\/wp-json\/wp\/v2\/product\/1577\/revisions"}],"predecessor-version":[{"id":1579,"href":"https:\/\/motovitalex.md\/ru\/wp-json\/wp\/v2\/product\/1577\/revisions\/1579"}],"wp:featuredmedia":[{"embeddable":true,"href":"https:\/\/motovitalex.md\/ru\/wp-json\/wp\/v2\/media\/1578"}],"wp:attachment":[{"href":"https:\/\/motovitalex.md\/ru\/wp-json\/wp\/v2\/media?parent=1577"}],"wp:term":[{"taxonomy":"product_cat","embeddable":true,"href":"https:\/\/motovitalex.md\/ru\/wp-json\/wp\/v2\/product_cat?post=1577"},{"taxonomy":"product_tag","embeddable":true,"href":"https:\/\/motovitalex.md\/ru\/wp-json\/wp\/v2\/product_tag?post=1577"}],"curies":[{"name":"wp","href":"https:\/\/api.w.org\/{rel}","templated":true}]}}