{"id":1574,"date":"2024-12-21T12:16:24","date_gmt":"2024-12-21T12:16:24","guid":{"rendered":"https:\/\/motovitalex.md\/?post_type=product&#038;p=1574"},"modified":"2024-12-21T12:16:24","modified_gmt":"2024-12-21T12:16:24","slug":"colector-de-admisie-g-in-forma-186f","status":"publish","type":"product","link":"https:\/\/motovitalex.md\/ru\/product\/colector-de-admisie-g-in-forma-186f\/","title":{"rendered":"Colector de admisie &#8222;G&#8221; &#8211; \u00een form\u0103 &#8211; 186F"},"content":{"rendered":"<p>Galeria de admisie \u201eG\u201d &#8211; \u00een form\u0103 de &#8211; 186F este potrivit\u0103 pentru motoarele diesel ale tractoarelor cu mers pe jos \u0219i alte echipamente de 10 CP. aer r\u0103cit.<\/p>\n<p>Material &#8211; aluminiu.<\/p>\n<p>Distan\u021ba dintre g\u0103urile de montare (mm) &#8211; 57<\/p>\n<p>Greutate (gr.) &#8211; 275<\/p>","protected":false},"excerpt":{"rendered":"<p>Galeria de admisie \u201eG\u201d &#8211; \u00een form\u0103 de &#8211; 186F este potrivit\u0103 pentru motoarele diesel ale tractoarelor cu mers pe jos \u0219i alte echipamente de 10 CP. aer r\u0103cit. Material &#8211; aluminiu. Distan\u021ba dintre g\u0103urile de montare (mm) &#8211; 57 Greutate (gr.) &#8211; 275<\/p>","protected":false},"featured_media":1575,"template":"","meta":[],"product_cat":[64],"product_tag":[],"class_list":{"0":"post-1574","1":"product","2":"type-product","3":"status-publish","4":"has-post-thumbnail","6":"product_cat-piese-auto","8":"first","9":"instock","10":"shipping-taxable","11":"product-type-simple"},"_links":{"self":[{"href":"https:\/\/motovitalex.md\/ru\/wp-json\/wp\/v2\/product\/1574","targetHints":{"allow":["GET"]}}],"collection":[{"href":"https:\/\/motovitalex.md\/ru\/wp-json\/wp\/v2\/product"}],"about":[{"href":"https:\/\/motovitalex.md\/ru\/wp-json\/wp\/v2\/types\/product"}],"version-history":[{"count":1,"href":"https:\/\/motovitalex.md\/ru\/wp-json\/wp\/v2\/product\/1574\/revisions"}],"predecessor-version":[{"id":1576,"href":"https:\/\/motovitalex.md\/ru\/wp-json\/wp\/v2\/product\/1574\/revisions\/1576"}],"wp:featuredmedia":[{"embeddable":true,"href":"https:\/\/motovitalex.md\/ru\/wp-json\/wp\/v2\/media\/1575"}],"wp:attachment":[{"href":"https:\/\/motovitalex.md\/ru\/wp-json\/wp\/v2\/media?parent=1574"}],"wp:term":[{"taxonomy":"product_cat","embeddable":true,"href":"https:\/\/motovitalex.md\/ru\/wp-json\/wp\/v2\/product_cat?post=1574"},{"taxonomy":"product_tag","embeddable":true,"href":"https:\/\/motovitalex.md\/ru\/wp-json\/wp\/v2\/product_tag?post=1574"}],"curies":[{"name":"wp","href":"https:\/\/api.w.org\/{rel}","templated":true}]}}