{"id":1568,"date":"2024-12-21T12:08:58","date_gmt":"2024-12-21T12:08:58","guid":{"rendered":"https:\/\/motovitalex.md\/?post_type=product&#038;p=1568"},"modified":"2024-12-21T12:08:58","modified_gmt":"2024-12-21T12:08:58","slug":"bucsa-arbore-cotit-lagar-principal-000-mm-std-pentru-motor-diesel-186f","status":"publish","type":"product","link":"https:\/\/motovitalex.md\/ru\/product\/bucsa-arbore-cotit-lagar-principal-000-mm-std-pentru-motor-diesel-186f\/","title":{"rendered":"Buc\u0219\u0103 arbore cotit (lag\u0103r principal) 0,00 mm STD  pentru motor diesel 186F"},"content":{"rendered":"<p>Buc\u0219a arborelui cotit (lag\u0103r principal) STD &#8211; 186F este proiectat\u0103 pentru utilizarea pe motoarele diesel de 10 CP. r\u0103cit cu aer, cum ar fi tractoare cu mers pe jos \u0219i alte echipamente.<\/p>\n<p>Buc\u0219a arborelui cotit este o parte important\u0103 care se potrive\u0219te \u00een rulmentul principal al arborelui cotit. Ofer\u0103 o func\u021bionare precis\u0103 \u0219i lin\u0103 a arborelui cotit, reduc\u00e2nd frecarea \u0219i uzura.<strong> La \u00eenlocuirea buc\u0219ei arborelui cotit, se recomand\u0103 s\u0103 consulta\u021bi un specialist sau s\u0103 urma\u021bi manualul de utilizare \u0219i instalare pentru a asigura instalarea \u0219i func\u021bionarea corect\u0103 a motorului.<\/strong><\/p>\n<p>Utilizarea buc\u0219elor arborelui cotit este pentru a reduce frecarea \u0219i uzura dintre arborele cotit \u0219i fusele principale ale blocului motor. Arborele cotit este principalul element rotativ al motorului \u0219i are fuseli principale care sprijin\u0103 func\u021bionarea acestuia \u0219i sunt conectate la biele. Rulmen\u021bii principali sunt instala\u021bi \u00een suporturile principale ale arborelui cotit, cre\u00e2nd un suport metalic moale pentru a reduce frecarea.<\/p>","protected":false},"excerpt":{"rendered":"<p>Buc\u0219a arborelui cotit (lag\u0103r principal) STD &#8211; 186F este proiectat\u0103 pentru utilizarea pe motoarele diesel de 10 CP. r\u0103cit cu aer, cum ar fi tractoare cu mers pe jos \u0219i alte echipamente. Buc\u0219a arborelui cotit este o parte important\u0103 care se potrive\u0219te \u00een rulmentul principal al arborelui cotit. Ofer\u0103 o func\u021bionare precis\u0103 \u0219i lin\u0103 a&hellip;<\/p>","protected":false},"featured_media":1569,"template":"","meta":[],"product_cat":[64],"product_tag":[],"class_list":{"0":"post-1568","1":"product","2":"type-product","3":"status-publish","4":"has-post-thumbnail","6":"product_cat-piese-auto","8":"first","9":"instock","10":"shipping-taxable","11":"product-type-simple"},"_links":{"self":[{"href":"https:\/\/motovitalex.md\/ru\/wp-json\/wp\/v2\/product\/1568","targetHints":{"allow":["GET"]}}],"collection":[{"href":"https:\/\/motovitalex.md\/ru\/wp-json\/wp\/v2\/product"}],"about":[{"href":"https:\/\/motovitalex.md\/ru\/wp-json\/wp\/v2\/types\/product"}],"version-history":[{"count":1,"href":"https:\/\/motovitalex.md\/ru\/wp-json\/wp\/v2\/product\/1568\/revisions"}],"predecessor-version":[{"id":1570,"href":"https:\/\/motovitalex.md\/ru\/wp-json\/wp\/v2\/product\/1568\/revisions\/1570"}],"wp:featuredmedia":[{"embeddable":true,"href":"https:\/\/motovitalex.md\/ru\/wp-json\/wp\/v2\/media\/1569"}],"wp:attachment":[{"href":"https:\/\/motovitalex.md\/ru\/wp-json\/wp\/v2\/media?parent=1568"}],"wp:term":[{"taxonomy":"product_cat","embeddable":true,"href":"https:\/\/motovitalex.md\/ru\/wp-json\/wp\/v2\/product_cat?post=1568"},{"taxonomy":"product_tag","embeddable":true,"href":"https:\/\/motovitalex.md\/ru\/wp-json\/wp\/v2\/product_tag?post=1568"}],"curies":[{"name":"wp","href":"https:\/\/api.w.org\/{rel}","templated":true}]}}