{"id":1565,"date":"2024-12-21T12:04:37","date_gmt":"2024-12-21T12:04:37","guid":{"rendered":"https:\/\/motovitalex.md\/?post_type=product&#038;p=1565"},"modified":"2024-12-21T12:04:37","modified_gmt":"2024-12-21T12:04:37","slug":"biela-186f","status":"publish","type":"product","link":"https:\/\/motovitalex.md\/ru\/product\/biela-186f\/","title":{"rendered":"Biela 186F"},"content":{"rendered":"<p>Biela\u00a0 186F este o pies\u0103 care conecteaz\u0103 pistonul \u0219i suportul bielei arborelui cotit sau ro\u021bilor motrice ale unei locomotive cu abur. Serve\u0219te pentru a transfera for\u021bele de gaz ale pistonului alternativ la arborele cotit rotativ. Biela 186F este potrivit\u0103 pentru motoarele diesel ale tractoarelor, freze de z\u0103pad\u0103, motopompe \u0219i alte echipamente cu o putere de 10 CP. aer r\u0103cit.<\/p>\n<p><strong> Parametrii modelului de biela 186F:<\/strong><\/p>\n<p>\u2022 lungime total\u0103 (mm) &#8211; 164;<\/p>\n<p>\u2022 distanta de la deget la garnituri (mm) &#8211; 84,5;<\/p>\n<p>\u2022 diametrul g\u00e2tului pentru c\u0103ptu\u0219eli (mm) \u2013 43;<\/p>\n<p>\u2022 greutate (gr.) &#8211; 555.<\/p>","protected":false},"excerpt":{"rendered":"<p>Biela\u00a0 186F este o pies\u0103 care conecteaz\u0103 pistonul \u0219i suportul bielei arborelui cotit sau ro\u021bilor motrice ale unei locomotive cu abur. Serve\u0219te pentru a transfera for\u021bele de gaz ale pistonului alternativ la arborele cotit rotativ. Biela 186F este potrivit\u0103 pentru motoarele diesel ale tractoarelor, freze de z\u0103pad\u0103, motopompe \u0219i alte echipamente cu o putere de&hellip;<\/p>","protected":false},"featured_media":1566,"template":"","meta":[],"product_cat":[64],"product_tag":[],"class_list":{"0":"post-1565","1":"product","2":"type-product","3":"status-publish","4":"has-post-thumbnail","6":"product_cat-piese-auto","8":"first","9":"instock","10":"shipping-taxable","11":"product-type-simple"},"_links":{"self":[{"href":"https:\/\/motovitalex.md\/ru\/wp-json\/wp\/v2\/product\/1565","targetHints":{"allow":["GET"]}}],"collection":[{"href":"https:\/\/motovitalex.md\/ru\/wp-json\/wp\/v2\/product"}],"about":[{"href":"https:\/\/motovitalex.md\/ru\/wp-json\/wp\/v2\/types\/product"}],"version-history":[{"count":1,"href":"https:\/\/motovitalex.md\/ru\/wp-json\/wp\/v2\/product\/1565\/revisions"}],"predecessor-version":[{"id":1567,"href":"https:\/\/motovitalex.md\/ru\/wp-json\/wp\/v2\/product\/1565\/revisions\/1567"}],"wp:featuredmedia":[{"embeddable":true,"href":"https:\/\/motovitalex.md\/ru\/wp-json\/wp\/v2\/media\/1566"}],"wp:attachment":[{"href":"https:\/\/motovitalex.md\/ru\/wp-json\/wp\/v2\/media?parent=1565"}],"wp:term":[{"taxonomy":"product_cat","embeddable":true,"href":"https:\/\/motovitalex.md\/ru\/wp-json\/wp\/v2\/product_cat?post=1565"},{"taxonomy":"product_tag","embeddable":true,"href":"https:\/\/motovitalex.md\/ru\/wp-json\/wp\/v2\/product_tag?post=1565"}],"curies":[{"name":"wp","href":"https:\/\/api.w.org\/{rel}","templated":true}]}}