{"id":1556,"date":"2024-12-21T11:53:26","date_gmt":"2024-12-21T11:53:26","guid":{"rendered":"https:\/\/motovitalex.md\/?post_type=product&#038;p=1556"},"modified":"2024-12-21T11:53:26","modified_gmt":"2024-12-21T11:53:26","slug":"arc-demaror-pentru-motor-diesel-186f","status":"publish","type":"product","link":"https:\/\/motovitalex.md\/ru\/product\/arc-demaror-pentru-motor-diesel-186f\/","title":{"rendered":"Arc demaror  pentru motor diesel 186F"},"content":{"rendered":"<p>Arcul de pornire 186F este proiectat pentru utilizarea pe motoarele diesel ale tractoarelor, generatoarelor \u0219i altor echipamente cu o putere de 10 CP. si sistem de racire cu aer.<\/p>\n<p>Arcul de pornire joac\u0103 un rol important \u00een mecanismul de pornire a motorului, ofer\u0103 tensiunea \u0219i for\u021ba necesare pentru a \u00eenv\u00e2rti arborele cotit al motorului atunci c\u00e2nd este pornit manual. Datorit\u0103 structurii sale elastice, arcul stocheaz\u0103 energie atunci c\u00e2nd este \u00eentins \u0219i o elibereaz\u0103 atunci c\u00e2nd este comprimat, cre\u00e2nd o mi\u0219care de rota\u021bie pentru a porni motorul.<\/p>","protected":false},"excerpt":{"rendered":"<p>Arcul de pornire 186F este proiectat pentru utilizarea pe motoarele diesel ale tractoarelor, generatoarelor \u0219i altor echipamente cu o putere de 10 CP. si sistem de racire cu aer. Arcul de pornire joac\u0103 un rol important \u00een mecanismul de pornire a motorului, ofer\u0103 tensiunea \u0219i for\u021ba necesare pentru a \u00eenv\u00e2rti arborele cotit al motorului atunci&hellip;<\/p>","protected":false},"featured_media":1557,"template":"","meta":[],"product_cat":[64],"product_tag":[],"class_list":{"0":"post-1556","1":"product","2":"type-product","3":"status-publish","4":"has-post-thumbnail","6":"product_cat-piese-auto","8":"first","9":"instock","10":"shipping-taxable","11":"product-type-simple"},"_links":{"self":[{"href":"https:\/\/motovitalex.md\/ru\/wp-json\/wp\/v2\/product\/1556","targetHints":{"allow":["GET"]}}],"collection":[{"href":"https:\/\/motovitalex.md\/ru\/wp-json\/wp\/v2\/product"}],"about":[{"href":"https:\/\/motovitalex.md\/ru\/wp-json\/wp\/v2\/types\/product"}],"version-history":[{"count":1,"href":"https:\/\/motovitalex.md\/ru\/wp-json\/wp\/v2\/product\/1556\/revisions"}],"predecessor-version":[{"id":1558,"href":"https:\/\/motovitalex.md\/ru\/wp-json\/wp\/v2\/product\/1556\/revisions\/1558"}],"wp:featuredmedia":[{"embeddable":true,"href":"https:\/\/motovitalex.md\/ru\/wp-json\/wp\/v2\/media\/1557"}],"wp:attachment":[{"href":"https:\/\/motovitalex.md\/ru\/wp-json\/wp\/v2\/media?parent=1556"}],"wp:term":[{"taxonomy":"product_cat","embeddable":true,"href":"https:\/\/motovitalex.md\/ru\/wp-json\/wp\/v2\/product_cat?post=1556"},{"taxonomy":"product_tag","embeddable":true,"href":"https:\/\/motovitalex.md\/ru\/wp-json\/wp\/v2\/product_tag?post=1556"}],"curies":[{"name":"wp","href":"https:\/\/api.w.org\/{rel}","templated":true}]}}