{"id":1553,"date":"2024-12-21T11:48:26","date_gmt":"2024-12-21T11:48:26","guid":{"rendered":"https:\/\/motovitalex.md\/?post_type=product&#038;p=1553"},"modified":"2024-12-21T11:48:26","modified_gmt":"2024-12-21T11:48:26","slug":"arborele-cu-came-cu-angrenaj-z-78-pentru-motor-diesel-186f","status":"publish","type":"product","link":"https:\/\/motovitalex.md\/ru\/product\/arborele-cu-came-cu-angrenaj-z-78-pentru-motor-diesel-186f\/","title":{"rendered":"Arborele cu came cu angrenaj Z-78  pentru motor diesel 186F"},"content":{"rendered":"<p>Arborele cu came , cu angrenaj Z-78, utilizat \u00een motorul diesel 186F al unui generator de 5 kW, este o component\u0103 cheie care controleaz\u0103 deschiderea \u0219i \u00eenchiderea supapelor din sistemul de distribu\u021bie a gazelor.<\/p>\n<p>Func\u021bia sa principal\u0103 este de a sincroniza cu precizie func\u021bionarea supapelor, regl\u00e2nd cursa acestora \u00een anumite momente. Acest lucru este esen\u021bial pentru performan\u021ba optim\u0103 a motorului, asigur\u00e2nd arderea corespunz\u0103toare a combustibilului \u0219i eliminarea gazelor de e\u0219apament.<\/p>\n<p>Utilizarea unui arbore cu came Z-78 defect sau uzat pe un motor generator diesel 186F de 5kW poate avea consecin\u021be negative. O pies\u0103 defect\u0103 poate perturba momentul deschiderii \u0219i \u00eenchiderii supapei, ceea ce va afecta eficien\u021ba motorului, performan\u021ba neuniform\u0103 \u0219i pierderea puterii. Acest lucru poate duce \u00een cele din urm\u0103 la oprirea complet\u0103 a motorului. \u00cen plus, defec\u021biunile arborelui cu came pot deteriora supapele \u0219i alte componente interne, necesit\u00e2nd repara\u021bii mai complexe \u0219i costisitoare la \u00eentregul sistem.<\/p>","protected":false},"excerpt":{"rendered":"<p>Arborele cu came , cu angrenaj Z-78, utilizat \u00een motorul diesel 186F al unui generator de 5 kW, este o component\u0103 cheie care controleaz\u0103 deschiderea \u0219i \u00eenchiderea supapelor din sistemul de distribu\u021bie a gazelor. Func\u021bia sa principal\u0103 este de a sincroniza cu precizie func\u021bionarea supapelor, regl\u00e2nd cursa acestora \u00een anumite momente. Acest lucru este esen\u021bial&hellip;<\/p>","protected":false},"featured_media":1554,"template":"","meta":[],"product_cat":[64],"product_tag":[],"class_list":{"0":"post-1553","1":"product","2":"type-product","3":"status-publish","4":"has-post-thumbnail","6":"product_cat-piese-auto","8":"first","9":"instock","10":"shipping-taxable","11":"product-type-simple"},"_links":{"self":[{"href":"https:\/\/motovitalex.md\/ru\/wp-json\/wp\/v2\/product\/1553","targetHints":{"allow":["GET"]}}],"collection":[{"href":"https:\/\/motovitalex.md\/ru\/wp-json\/wp\/v2\/product"}],"about":[{"href":"https:\/\/motovitalex.md\/ru\/wp-json\/wp\/v2\/types\/product"}],"version-history":[{"count":1,"href":"https:\/\/motovitalex.md\/ru\/wp-json\/wp\/v2\/product\/1553\/revisions"}],"predecessor-version":[{"id":1555,"href":"https:\/\/motovitalex.md\/ru\/wp-json\/wp\/v2\/product\/1553\/revisions\/1555"}],"wp:featuredmedia":[{"embeddable":true,"href":"https:\/\/motovitalex.md\/ru\/wp-json\/wp\/v2\/media\/1554"}],"wp:attachment":[{"href":"https:\/\/motovitalex.md\/ru\/wp-json\/wp\/v2\/media?parent=1553"}],"wp:term":[{"taxonomy":"product_cat","embeddable":true,"href":"https:\/\/motovitalex.md\/ru\/wp-json\/wp\/v2\/product_cat?post=1553"},{"taxonomy":"product_tag","embeddable":true,"href":"https:\/\/motovitalex.md\/ru\/wp-json\/wp\/v2\/product_tag?post=1553"}],"curies":[{"name":"wp","href":"https:\/\/api.w.org\/{rel}","templated":true}]}}