{"id":1550,"date":"2024-12-21T11:44:13","date_gmt":"2024-12-21T11:44:13","guid":{"rendered":"https:\/\/motovitalex.md\/?post_type=product&#038;p=1550"},"modified":"2024-12-21T11:44:13","modified_gmt":"2024-12-21T11:44:13","slug":"arbore-cotit-gol-pentru-splines-o25-mm-186f","status":"publish","type":"product","link":"https:\/\/motovitalex.md\/ru\/product\/arbore-cotit-gol-pentru-splines-o25-mm-186f\/","title":{"rendered":"Arbore cotit gol pentru splines \u00d825 mm &#8211; 186F"},"content":{"rendered":"<p>Arborele cotit gol pentru caneluri 186F, diametru 25 mm, este un element al unui motor de tractor cu mers \u00een spate \u0219i formeaz\u0103 un ansamblu de piese \u00een cazul unui arbore compozit.<\/p>\n<p>Arborele cotit este potrivit pentru motoarele pe benzin\u0103 r\u0103cite cu aer cu o putere de 10 CP.<\/p>\n<p><strong> Parametrii arborelui cotit pentru caneluri\u00a0 186F:<\/strong><\/p>\n<p>\u2022 g\u00e2tul principal are un diametru de 25mm;<\/p>\n<p>\u2022 lungime total\u0103 (mm) \u2013 288;<\/p>\n<p>\u2022 lungimea piesei canelare (mm) \u2013 35;<\/p>\n<p>\u2022 diametrul arborelui (mm) &#8211; 25;<\/p>\n<p>\u2022 diametrul g\u00e2tului pentru c\u0103ptu\u0219eli (mm) \u2013 40;<\/p>\n<p>\u2022 greutate par\u021bial\u0103 (g) \u2013 4145.<\/p>","protected":false},"excerpt":{"rendered":"<p>Arborele cotit gol pentru caneluri 186F, diametru 25 mm, este un element al unui motor de tractor cu mers \u00een spate \u0219i formeaz\u0103 un ansamblu de piese \u00een cazul unui arbore compozit. Arborele cotit este potrivit pentru motoarele pe benzin\u0103 r\u0103cite cu aer cu o putere de 10 CP. Parametrii arborelui cotit pentru caneluri\u00a0 186F:&hellip;<\/p>","protected":false},"featured_media":1551,"template":"","meta":[],"product_cat":[64],"product_tag":[],"class_list":{"0":"post-1550","1":"product","2":"type-product","3":"status-publish","4":"has-post-thumbnail","6":"product_cat-piese-auto","8":"first","9":"instock","10":"shipping-taxable","11":"product-type-simple"},"_links":{"self":[{"href":"https:\/\/motovitalex.md\/ru\/wp-json\/wp\/v2\/product\/1550","targetHints":{"allow":["GET"]}}],"collection":[{"href":"https:\/\/motovitalex.md\/ru\/wp-json\/wp\/v2\/product"}],"about":[{"href":"https:\/\/motovitalex.md\/ru\/wp-json\/wp\/v2\/types\/product"}],"version-history":[{"count":1,"href":"https:\/\/motovitalex.md\/ru\/wp-json\/wp\/v2\/product\/1550\/revisions"}],"predecessor-version":[{"id":1552,"href":"https:\/\/motovitalex.md\/ru\/wp-json\/wp\/v2\/product\/1550\/revisions\/1552"}],"wp:featuredmedia":[{"embeddable":true,"href":"https:\/\/motovitalex.md\/ru\/wp-json\/wp\/v2\/media\/1551"}],"wp:attachment":[{"href":"https:\/\/motovitalex.md\/ru\/wp-json\/wp\/v2\/media?parent=1550"}],"wp:term":[{"taxonomy":"product_cat","embeddable":true,"href":"https:\/\/motovitalex.md\/ru\/wp-json\/wp\/v2\/product_cat?post=1550"},{"taxonomy":"product_tag","embeddable":true,"href":"https:\/\/motovitalex.md\/ru\/wp-json\/wp\/v2\/product_tag?post=1550"}],"curies":[{"name":"wp","href":"https:\/\/api.w.org\/{rel}","templated":true}]}}