{"id":1544,"date":"2024-12-21T11:00:48","date_gmt":"2024-12-21T11:00:48","guid":{"rendered":"https:\/\/motovitalex.md\/?post_type=product&#038;p=1544"},"modified":"2024-12-21T11:00:48","modified_gmt":"2024-12-21T11:00:48","slug":"saiba-de-etansare-pentru-o-duza-lunga-pentru-un-motor-diesel-178f-186f","status":"publish","type":"product","link":"https:\/\/motovitalex.md\/ru\/product\/saiba-de-etansare-pentru-o-duza-lunga-pentru-un-motor-diesel-178f-186f\/","title":{"rendered":"\u0218aib\u0103 de etan\u0219are pentru o duz\u0103 lung\u0103 pentru un motor diesel 178F\/186F"},"content":{"rendered":"<p>Saiba de etansare este conceputa pentru a fi utilizata cu duza lunga special conceputa pentru motoarele diesel 178F si 186F.<\/p>\n<p>Aceast\u0103 \u0219aib\u0103 este dimensionat\u0103 precis pentru a oferi o etan\u0219are fiabil\u0103 \u0219i eficient\u0103 \u00eentre injector \u0219i motor. Ma\u0219ina de sp\u0103lat este realizat\u0103 din material de \u00eenalt\u0103 calitate, care este foarte rezistent la stres mecanic \u0219i termic, ceea ce asigur\u0103 o durat\u0103 lung\u0103 de via\u021b\u0103 \u0219i o func\u021bionare fiabil\u0103.<\/p>\n<p>Dimensiunile sale compacte permit instalarea \u0219i \u00eenlocuirea u\u0219oar\u0103 f\u0103r\u0103 a fi nevoie de proceduri complicate. Asamblarea \u0219i instalarea \u0219aibei de etan\u0219are pe injector\u00a0 se efectueaz\u0103 \u00een conformitate cu recomand\u0103rile produc\u0103torului de motoare diesel. <strong>C\u00e2nd este instalat\u0103 corect, ma\u0219ina de sp\u0103lat asigur\u0103 o etan\u0219are etan\u0219\u0103 \u0219i previne scurgerea combustibilului, ceea ce este important pentru func\u021bionarea eficient\u0103 a motorului.<\/strong><\/p>\n<p>\u00cen\u0103l\u021bimea total\u0103 a \u0219aibei de etan\u0219are este de 13,5 mm, diametrul exterior este de 16,8 mm \u0219i diametrul interior este de 7,75 mm.<\/p>\n<p>Greutatea sa u\u0219oar\u0103 de numai 5 grame \u00eel face compact \u0219i u\u0219or de instalat.<\/p>","protected":false},"excerpt":{"rendered":"<p>Saiba de etansare este conceputa pentru a fi utilizata cu duza lunga special conceputa pentru motoarele diesel 178F si 186F. Aceast\u0103 \u0219aib\u0103 este dimensionat\u0103 precis pentru a oferi o etan\u0219are fiabil\u0103 \u0219i eficient\u0103 \u00eentre injector \u0219i motor. Ma\u0219ina de sp\u0103lat este realizat\u0103 din material de \u00eenalt\u0103 calitate, care este foarte rezistent la stres mecanic \u0219i&hellip;<\/p>","protected":false},"featured_media":1545,"template":"","meta":[],"product_cat":[64],"product_tag":[],"class_list":{"0":"post-1544","1":"product","2":"type-product","3":"status-publish","4":"has-post-thumbnail","6":"product_cat-piese-auto","8":"first","9":"instock","10":"shipping-taxable","11":"product-type-simple"},"_links":{"self":[{"href":"https:\/\/motovitalex.md\/ru\/wp-json\/wp\/v2\/product\/1544","targetHints":{"allow":["GET"]}}],"collection":[{"href":"https:\/\/motovitalex.md\/ru\/wp-json\/wp\/v2\/product"}],"about":[{"href":"https:\/\/motovitalex.md\/ru\/wp-json\/wp\/v2\/types\/product"}],"version-history":[{"count":1,"href":"https:\/\/motovitalex.md\/ru\/wp-json\/wp\/v2\/product\/1544\/revisions"}],"predecessor-version":[{"id":1546,"href":"https:\/\/motovitalex.md\/ru\/wp-json\/wp\/v2\/product\/1544\/revisions\/1546"}],"wp:featuredmedia":[{"embeddable":true,"href":"https:\/\/motovitalex.md\/ru\/wp-json\/wp\/v2\/media\/1545"}],"wp:attachment":[{"href":"https:\/\/motovitalex.md\/ru\/wp-json\/wp\/v2\/media?parent=1544"}],"wp:term":[{"taxonomy":"product_cat","embeddable":true,"href":"https:\/\/motovitalex.md\/ru\/wp-json\/wp\/v2\/product_cat?post=1544"},{"taxonomy":"product_tag","embeddable":true,"href":"https:\/\/motovitalex.md\/ru\/wp-json\/wp\/v2\/product_tag?post=1544"}],"curies":[{"name":"wp","href":"https:\/\/api.w.org\/{rel}","templated":true}]}}