{"id":1539,"date":"2024-12-21T10:55:47","date_gmt":"2024-12-21T10:55:47","guid":{"rendered":"https:\/\/motovitalex.md\/?post_type=product&#038;p=1539"},"modified":"2024-12-21T10:56:55","modified_gmt":"2024-12-21T10:56:55","slug":"saiba-de-etansare-injector-pentru-motor-diesel-178f-186f","status":"publish","type":"product","link":"https:\/\/motovitalex.md\/ru\/product\/saiba-de-etansare-injector-pentru-motor-diesel-178f-186f\/","title":{"rendered":"Saiba de etansare injector  pentru motor diesel 178F\/186F"},"content":{"rendered":"<p>\u0218aiba de etan\u0219are a injectorului este proiectat\u0103 pentru a fi utilizat\u0103 cu motoarele diesel 178F \u0219i 186F. Aceast\u0103 \u0219aib\u0103 de cupru este o component\u0103 important\u0103 a sistemului de injec\u021bie de combustibil, oferind o bun\u0103 etan\u0219are \u00eentre injector \u0219i motor.<\/p>\n<p>Cuprul din care este realizat\u0103 \u0219aiba are rezisten\u021b\u0103 termic\u0103 \u0219i chimic\u0103 ridicat\u0103, ceea ce \u00eel face potrivit pentru medii cu temperatur\u0103 ridicat\u0103 \u0219i corozive. Acest lucru asigur\u0103 o durat\u0103 lung\u0103 de via\u021b\u0103 \u0219i o func\u021bionare fiabil\u0103 a sp\u0103l\u0103torului \u00een sistemul de alimentare cu combustibil<strong>. \u00cenlocuirea \u0219aibei de etan\u0219are a injectorului este un aspect important al \u00eentre\u021binerii regulate a motorului diesel, dac\u0103 apar scurgeri de combustibil sau defec\u021biuni la sistemul de injec\u021bie, se recomand\u0103 verificarea \u0219i, dac\u0103 este necesar, \u00eenlocuirea acestei \u0219aibe pentru a preveni pierderea de combustibil \u0219i a asigura performan\u021ba optim\u0103 a motorului.<\/strong><\/p>","protected":false},"excerpt":{"rendered":"<p>\u0218aiba de etan\u0219are a injectorului este proiectat\u0103 pentru a fi utilizat\u0103 cu motoarele diesel 178F \u0219i 186F. Aceast\u0103 \u0219aib\u0103 de cupru este o component\u0103 important\u0103 a sistemului de injec\u021bie de combustibil, oferind o bun\u0103 etan\u0219are \u00eentre injector \u0219i motor. Cuprul din care este realizat\u0103 \u0219aiba are rezisten\u021b\u0103 termic\u0103 \u0219i chimic\u0103 ridicat\u0103, ceea ce \u00eel face&hellip;<\/p>","protected":false},"featured_media":1540,"template":"","meta":[],"product_cat":[64],"product_tag":[],"class_list":{"0":"post-1539","1":"product","2":"type-product","3":"status-publish","4":"has-post-thumbnail","6":"product_cat-piese-auto","8":"first","9":"instock","10":"shipping-taxable","11":"product-type-simple"},"_links":{"self":[{"href":"https:\/\/motovitalex.md\/ru\/wp-json\/wp\/v2\/product\/1539","targetHints":{"allow":["GET"]}}],"collection":[{"href":"https:\/\/motovitalex.md\/ru\/wp-json\/wp\/v2\/product"}],"about":[{"href":"https:\/\/motovitalex.md\/ru\/wp-json\/wp\/v2\/types\/product"}],"version-history":[{"count":3,"href":"https:\/\/motovitalex.md\/ru\/wp-json\/wp\/v2\/product\/1539\/revisions"}],"predecessor-version":[{"id":1543,"href":"https:\/\/motovitalex.md\/ru\/wp-json\/wp\/v2\/product\/1539\/revisions\/1543"}],"wp:featuredmedia":[{"embeddable":true,"href":"https:\/\/motovitalex.md\/ru\/wp-json\/wp\/v2\/media\/1540"}],"wp:attachment":[{"href":"https:\/\/motovitalex.md\/ru\/wp-json\/wp\/v2\/media?parent=1539"}],"wp:term":[{"taxonomy":"product_cat","embeddable":true,"href":"https:\/\/motovitalex.md\/ru\/wp-json\/wp\/v2\/product_cat?post=1539"},{"taxonomy":"product_tag","embeddable":true,"href":"https:\/\/motovitalex.md\/ru\/wp-json\/wp\/v2\/product_tag?post=1539"}],"curies":[{"name":"wp","href":"https:\/\/api.w.org\/{rel}","templated":true}]}}