{"id":1509,"date":"2024-12-21T10:24:05","date_gmt":"2024-12-21T10:24:05","guid":{"rendered":"https:\/\/motovitalex.md\/?post_type=product&#038;p=1509"},"modified":"2024-12-21T10:24:05","modified_gmt":"2024-12-21T10:24:05","slug":"demaror-electric-pentru-arbore-de-rotatie-stanga-pentru-motor-diesel-178f-186f","status":"publish","type":"product","link":"https:\/\/motovitalex.md\/ru\/product\/demaror-electric-pentru-arbore-de-rotatie-stanga-pentru-motor-diesel-178f-186f\/","title":{"rendered":"Demaror electric (pentru arbore de rota\u021bie st\u00e2nga) pentru motor diesel 178F\/186F"},"content":{"rendered":"<p>Demarorul electric Weima\/Kipor\u00a0 (sub un arbore de rota\u021bie din st\u00e2nga) pentru un motor diesel 178\/186F este o component\u0103 conceput\u0103 pentru a porni un motor cu ardere intern\u0103 prin conversia energiei electrice provenite de la baterie \u00een energie mecanic\u0103 de rota\u021bie a arborelui cotit.<\/p>\n<p><strong> Elementele de baz\u0103 ale unui demaror electric includ:<\/strong><\/p>\n<p>&#8211; un motor electric, care serve\u0219te drept surs\u0103 de energie<\/p>\n<p>-bendixul, un mecanism care transmite cuplul de la motorul electric c\u0103tre volantul motorului<\/p>\n<p>-releul solenoid , care ac\u021bioneaz\u0103 ca un dispozitiv care ini\u021biaz\u0103 activarea motorului electric de pornire.<\/p>\n<p>C\u00e2nd motorul porne\u0219te, bateria direc\u021bioneaz\u0103 curentul electric c\u0103tre releul solenoid, care apoi comut\u0103 circuite puternice pentru a alimenta motorul electric. Bendix, conectat la volantul motorului, transmite cuplul necesar pentru pornirea motorului.<\/p>\n<p>O caracteristic\u0103 remarcabil\u0103 a demarorului electric este utilizarea \u00eenf\u0103\u0219ur\u0103rii de cupru, care ajut\u0103 la reducerea \u00eenc\u0103lzirii \u0219i la cre\u0219terea fiabilit\u0103\u021bii \u00eentregului dispozitiv.<\/p>","protected":false},"excerpt":{"rendered":"<p>Demarorul electric Weima\/Kipor\u00a0 (sub un arbore de rota\u021bie din st\u00e2nga) pentru un motor diesel 178\/186F este o component\u0103 conceput\u0103 pentru a porni un motor cu ardere intern\u0103 prin conversia energiei electrice provenite de la baterie \u00een energie mecanic\u0103 de rota\u021bie a arborelui cotit. Elementele de baz\u0103 ale unui demaror electric includ: &#8211; un motor electric,&hellip;<\/p>","protected":false},"featured_media":1510,"template":"","meta":[],"product_cat":[64],"product_tag":[],"class_list":{"0":"post-1509","1":"product","2":"type-product","3":"status-publish","4":"has-post-thumbnail","6":"product_cat-piese-auto","8":"first","9":"instock","10":"shipping-taxable","11":"product-type-simple"},"_links":{"self":[{"href":"https:\/\/motovitalex.md\/ru\/wp-json\/wp\/v2\/product\/1509","targetHints":{"allow":["GET"]}}],"collection":[{"href":"https:\/\/motovitalex.md\/ru\/wp-json\/wp\/v2\/product"}],"about":[{"href":"https:\/\/motovitalex.md\/ru\/wp-json\/wp\/v2\/types\/product"}],"version-history":[{"count":1,"href":"https:\/\/motovitalex.md\/ru\/wp-json\/wp\/v2\/product\/1509\/revisions"}],"predecessor-version":[{"id":1511,"href":"https:\/\/motovitalex.md\/ru\/wp-json\/wp\/v2\/product\/1509\/revisions\/1511"}],"wp:featuredmedia":[{"embeddable":true,"href":"https:\/\/motovitalex.md\/ru\/wp-json\/wp\/v2\/media\/1510"}],"wp:attachment":[{"href":"https:\/\/motovitalex.md\/ru\/wp-json\/wp\/v2\/media?parent=1509"}],"wp:term":[{"taxonomy":"product_cat","embeddable":true,"href":"https:\/\/motovitalex.md\/ru\/wp-json\/wp\/v2\/product_cat?post=1509"},{"taxonomy":"product_tag","embeddable":true,"href":"https:\/\/motovitalex.md\/ru\/wp-json\/wp\/v2\/product_tag?post=1509"}],"curies":[{"name":"wp","href":"https:\/\/api.w.org\/{rel}","templated":true}]}}