{"id":1505,"date":"2024-12-21T10:18:02","date_gmt":"2024-12-21T10:18:02","guid":{"rendered":"https:\/\/motovitalex.md\/?post_type=product&#038;p=1505"},"modified":"2024-12-21T10:18:02","modified_gmt":"2024-12-21T10:18:02","slug":"demaror-electric-retractor-pentru-motor-diesel-178f-186f","status":"publish","type":"product","link":"https:\/\/motovitalex.md\/ru\/product\/demaror-electric-retractor-pentru-motor-diesel-178f-186f\/","title":{"rendered":"Demaror electric retractor pentru motor diesel 178F\/186F"},"content":{"rendered":"<p>Retractor electric de pornire\u00a0 pentru motor diesel 178F \/ 186F, suportul -este un dispozitiv electromagnetic care controleaz\u0103 plecarea bendixului \u0219i transmiterea cuplului la volantul motorului. Este un solenoid care include un grup de contacte puternic din cupru \u0219i furnizeaz\u0103 tensiune bobin\u0103rii demarorului electric \u00een momentul pornirii motorului. Releul solenoid este controlat de un semnal de la cheia de contact sau de la comutatorul de pornire. C\u00e2nd cheia de contact este rotit\u0103 \u00een pozi\u021bia \u201eStart\u201d, releul prime\u0219te un semnal electric \u0219i \u00ee\u0219i activeaz\u0103 electromagnetul, care printr-un sistem de p\u00e2rghii, controleaz\u0103 mi\u0219carea ro\u021bii libere a arm\u0103turii.<\/p>","protected":false},"excerpt":{"rendered":"<p>Retractor electric de pornire\u00a0 pentru motor diesel 178F \/ 186F, suportul -este un dispozitiv electromagnetic care controleaz\u0103 plecarea bendixului \u0219i transmiterea cuplului la volantul motorului. Este un solenoid care include un grup de contacte puternic din cupru \u0219i furnizeaz\u0103 tensiune bobin\u0103rii demarorului electric \u00een momentul pornirii motorului. Releul solenoid este controlat de un semnal de&hellip;<\/p>","protected":false},"featured_media":1506,"template":"","meta":[],"product_cat":[64],"product_tag":[],"class_list":{"0":"post-1505","1":"product","2":"type-product","3":"status-publish","4":"has-post-thumbnail","6":"product_cat-piese-auto","8":"first","9":"instock","10":"shipping-taxable","11":"product-type-simple"},"_links":{"self":[{"href":"https:\/\/motovitalex.md\/ru\/wp-json\/wp\/v2\/product\/1505","targetHints":{"allow":["GET"]}}],"collection":[{"href":"https:\/\/motovitalex.md\/ru\/wp-json\/wp\/v2\/product"}],"about":[{"href":"https:\/\/motovitalex.md\/ru\/wp-json\/wp\/v2\/types\/product"}],"version-history":[{"count":1,"href":"https:\/\/motovitalex.md\/ru\/wp-json\/wp\/v2\/product\/1505\/revisions"}],"predecessor-version":[{"id":1507,"href":"https:\/\/motovitalex.md\/ru\/wp-json\/wp\/v2\/product\/1505\/revisions\/1507"}],"wp:featuredmedia":[{"embeddable":true,"href":"https:\/\/motovitalex.md\/ru\/wp-json\/wp\/v2\/media\/1506"}],"wp:attachment":[{"href":"https:\/\/motovitalex.md\/ru\/wp-json\/wp\/v2\/media?parent=1505"}],"wp:term":[{"taxonomy":"product_cat","embeddable":true,"href":"https:\/\/motovitalex.md\/ru\/wp-json\/wp\/v2\/product_cat?post=1505"},{"taxonomy":"product_tag","embeddable":true,"href":"https:\/\/motovitalex.md\/ru\/wp-json\/wp\/v2\/product_tag?post=1505"}],"curies":[{"name":"wp","href":"https:\/\/api.w.org\/{rel}","templated":true}]}}