{"id":1497,"date":"2024-12-21T10:10:47","date_gmt":"2024-12-21T10:10:47","guid":{"rendered":"https:\/\/motovitalex.md\/?post_type=product&#038;p=1497"},"modified":"2024-12-21T10:11:59","modified_gmt":"2024-12-21T10:11:59","slug":"cutitul-taietor-stanga-325gr-l-225-mm-178f-186f","status":"publish","type":"product","link":"https:\/\/motovitalex.md\/ru\/product\/cutitul-taietor-stanga-325gr-l-225-mm-178f-186f\/","title":{"rendered":"Cu\u021bitul t\u0103ietor st\u00e2nga 325gr L-225 mm &#8211; 178F \/ 186F"},"content":{"rendered":"<p>Cu\u021bitul de t\u0103iere st\u00e2nga\u00a0 178F\/186F este o parte a c\u00e2rligului pentru un tractor. Principiul de func\u021bionare al motocultorului 178F\/186F este c\u0103 muchia de t\u0103iere zdrobe\u0219te solul \u00een buc\u0103\u021bi cu un diametru de p\u00e2n\u0103 la 5 cm. Lamele de t\u0103iere\u00a0 178F\/186F sub greutatea lor de 325 g p\u0103trund treptat ad\u00e2nc \u00een sol, oferind af\u00e2nare.<\/p>\n<p><strong>Parametrii cu\u021bitului de t\u0103iere st\u00e2nga\u00a0 178F\/186F:<\/strong><\/p>\n<p>\u2022 lungimea cu\u021bitului (mm) \u2013 225;<\/p>\n<p>\u2022 distanta intre suruburi (mm) \u2013 70;<\/p>\n<p>\u2022 diametrul orificiului (mm) \u2013 11;<\/p>\n<p>\u2022 grosimea metalului (mm) \u2013 5,5;<\/p>\n<p>\u2022 greutate (gr.) &#8211; 325.<\/p>","protected":false},"excerpt":{"rendered":"<p>Cu\u021bitul de t\u0103iere st\u00e2nga\u00a0 178F\/186F este o parte a c\u00e2rligului pentru un tractor. Principiul de func\u021bionare al motocultorului 178F\/186F este c\u0103 muchia de t\u0103iere zdrobe\u0219te solul \u00een buc\u0103\u021bi cu un diametru de p\u00e2n\u0103 la 5 cm. Lamele de t\u0103iere\u00a0 178F\/186F sub greutatea lor de 325 g p\u0103trund treptat ad\u00e2nc \u00een sol, oferind af\u00e2nare. Parametrii cu\u021bitului&hellip;<\/p>","protected":false},"featured_media":1498,"template":"","meta":[],"product_cat":[64],"product_tag":[],"class_list":{"0":"post-1497","1":"product","2":"type-product","3":"status-publish","4":"has-post-thumbnail","6":"product_cat-piese-auto","8":"first","9":"instock","10":"shipping-taxable","11":"product-type-simple"},"_links":{"self":[{"href":"https:\/\/motovitalex.md\/ru\/wp-json\/wp\/v2\/product\/1497","targetHints":{"allow":["GET"]}}],"collection":[{"href":"https:\/\/motovitalex.md\/ru\/wp-json\/wp\/v2\/product"}],"about":[{"href":"https:\/\/motovitalex.md\/ru\/wp-json\/wp\/v2\/types\/product"}],"version-history":[{"count":3,"href":"https:\/\/motovitalex.md\/ru\/wp-json\/wp\/v2\/product\/1497\/revisions"}],"predecessor-version":[{"id":1501,"href":"https:\/\/motovitalex.md\/ru\/wp-json\/wp\/v2\/product\/1497\/revisions\/1501"}],"wp:featuredmedia":[{"embeddable":true,"href":"https:\/\/motovitalex.md\/ru\/wp-json\/wp\/v2\/media\/1498"}],"wp:attachment":[{"href":"https:\/\/motovitalex.md\/ru\/wp-json\/wp\/v2\/media?parent=1497"}],"wp:term":[{"taxonomy":"product_cat","embeddable":true,"href":"https:\/\/motovitalex.md\/ru\/wp-json\/wp\/v2\/product_cat?post=1497"},{"taxonomy":"product_tag","embeddable":true,"href":"https:\/\/motovitalex.md\/ru\/wp-json\/wp\/v2\/product_tag?post=1497"}],"curies":[{"name":"wp","href":"https:\/\/api.w.org\/{rel}","templated":true}]}}