{"id":1462,"date":"2024-12-21T09:19:04","date_gmt":"2024-12-21T09:19:04","guid":{"rendered":"https:\/\/motovitalex.md\/?post_type=product&#038;p=1462"},"modified":"2024-12-22T09:04:19","modified_gmt":"2024-12-22T09:04:19","slug":"ansamblu-injector-duza-190n-ttg","status":"publish","type":"product","link":"https:\/\/motovitalex.md\/ru\/product\/ansamblu-injector-duza-190n-ttg\/","title":{"rendered":"Ansamblu injector (duz\u0103) &#8211; 190N &#8211; TTG"},"content":{"rendered":"<div class=\"sc-product-attr-list-item d-flex\">\n<div class=\"dark-text fw-500 fsz-14\"><span style=\"color: #000000;\">Marca motorului-190N (10 CP)<\/span><\/div>\n<div><\/div>\n<\/div>\n<div class=\"sc-product-attr-list-item d-flex\">\n<div class=\"dark-text fw-500 fsz-14\"><span style=\"color: #000000;\">Tip de r\u0103cire-Ap\u0103<\/span><\/div>\n<div><\/div>\n<\/div>\n<div class=\"sc-product-attr-list-item d-flex\">\n<div class=\"dark-text fw-500 fsz-14\"><span style=\"color: #000000;\">Tipul motorului-Motorin\u0103<\/span><\/div>\n<\/div>","protected":false},"excerpt":{"rendered":"<p>Marca motorului-190N (10 CP) Tip de r\u0103cire-Ap\u0103 Tipul motorului-Motorin\u0103<\/p>","protected":false},"featured_media":1723,"template":"","meta":[],"product_cat":[64],"product_tag":[],"class_list":{"0":"post-1462","1":"product","2":"type-product","3":"status-publish","4":"has-post-thumbnail","6":"product_cat-piese-auto","8":"first","9":"instock","10":"shipping-taxable","11":"product-type-simple"},"_links":{"self":[{"href":"https:\/\/motovitalex.md\/ru\/wp-json\/wp\/v2\/product\/1462","targetHints":{"allow":["GET"]}}],"collection":[{"href":"https:\/\/motovitalex.md\/ru\/wp-json\/wp\/v2\/product"}],"about":[{"href":"https:\/\/motovitalex.md\/ru\/wp-json\/wp\/v2\/types\/product"}],"version-history":[{"count":2,"href":"https:\/\/motovitalex.md\/ru\/wp-json\/wp\/v2\/product\/1462\/revisions"}],"predecessor-version":[{"id":1465,"href":"https:\/\/motovitalex.md\/ru\/wp-json\/wp\/v2\/product\/1462\/revisions\/1465"}],"wp:featuredmedia":[{"embeddable":true,"href":"https:\/\/motovitalex.md\/ru\/wp-json\/wp\/v2\/media\/1723"}],"wp:attachment":[{"href":"https:\/\/motovitalex.md\/ru\/wp-json\/wp\/v2\/media?parent=1462"}],"wp:term":[{"taxonomy":"product_cat","embeddable":true,"href":"https:\/\/motovitalex.md\/ru\/wp-json\/wp\/v2\/product_cat?post=1462"},{"taxonomy":"product_tag","embeddable":true,"href":"https:\/\/motovitalex.md\/ru\/wp-json\/wp\/v2\/product_tag?post=1462"}],"curies":[{"name":"wp","href":"https:\/\/api.w.org\/{rel}","templated":true}]}}