{"id":1451,"date":"2024-12-21T09:04:37","date_gmt":"2024-12-21T09:04:37","guid":{"rendered":"https:\/\/motovitalex.md\/?post_type=product&#038;p=1451"},"modified":"2024-12-21T09:06:06","modified_gmt":"2024-12-21T09:06:06","slug":"volan-cu-coroana-z-120-190n","status":"publish","type":"product","link":"https:\/\/motovitalex.md\/ru\/product\/volan-cu-coroana-z-120-190n\/","title":{"rendered":"Volan cu coroana Z-120 190N"},"content":{"rendered":"<p>Volanul Z-120\u00a0 190N este o parte a mecanismului de manivel\u0103, a sistemului de ambreiaj \u0219i a sistemului de pornire a motorului, sub forma unui disc de mas\u0103 mare cu o jant\u0103 de vitez\u0103.<\/p>\n<p>Prezen\u021ba unei coroane sub bendix v\u0103 permite s\u0103 instala\u021bi un demaror electric. Volan model Z-118\u00a0 195N este o roat\u0103 rotativ\u0103 masiv\u0103 folosit\u0103 ca acumulator de energie cinetic\u0103 sau pentru a crea un moment de iner\u021bie.<\/p>\n<p>Volanta cu coroana Z-120 190N este potrivita pentru motoarele diesel ale motocultoarelor si mototractoarelor cu o putere de 10 CP., cu racire cu apa. Materialul corpurilor componente este fonta.<\/p>\n<p><strong>Parametrii volantului Z-120 190N:<\/strong><\/p>\n<p>\u2022 diametrul total al volantului (mm) \u2013 365;<\/p>\n<p>\u2022 con de aterizare sub arborele cotit (mm) &#8211; 45-49,5;<\/p>\n<p>\u2022 latime totala (mm) &#8211; 75;<\/p>\n<p>\u2022 distan\u021ba dintre \u0219uruburi pentru scripete de antrenare (mm) \u2013 137;<\/p>\n<p>\u2022 distan\u021ba \u00eentre \u0219uruburi de fixare a scripetei ventilatorului (mm) \u2013 175;<\/p>\n<p>\u2022 greutate (kg) &#8211; 19,8<\/p>","protected":false},"excerpt":{"rendered":"<p>Volanul Z-120\u00a0 190N este o parte a mecanismului de manivel\u0103, a sistemului de ambreiaj \u0219i a sistemului de pornire a motorului, sub forma unui disc de mas\u0103 mare cu o jant\u0103 de vitez\u0103. Prezen\u021ba unei coroane sub bendix v\u0103 permite s\u0103 instala\u021bi un demaror electric. Volan model Z-118\u00a0 195N este o roat\u0103 rotativ\u0103 masiv\u0103 folosit\u0103&hellip;<\/p>","protected":false},"featured_media":1452,"template":"","meta":[],"product_cat":[64],"product_tag":[],"class_list":{"0":"post-1451","1":"product","2":"type-product","3":"status-publish","4":"has-post-thumbnail","6":"product_cat-piese-auto","8":"first","9":"instock","10":"shipping-taxable","11":"product-type-simple"},"_links":{"self":[{"href":"https:\/\/motovitalex.md\/ru\/wp-json\/wp\/v2\/product\/1451","targetHints":{"allow":["GET"]}}],"collection":[{"href":"https:\/\/motovitalex.md\/ru\/wp-json\/wp\/v2\/product"}],"about":[{"href":"https:\/\/motovitalex.md\/ru\/wp-json\/wp\/v2\/types\/product"}],"version-history":[{"count":2,"href":"https:\/\/motovitalex.md\/ru\/wp-json\/wp\/v2\/product\/1451\/revisions"}],"predecessor-version":[{"id":1454,"href":"https:\/\/motovitalex.md\/ru\/wp-json\/wp\/v2\/product\/1451\/revisions\/1454"}],"wp:featuredmedia":[{"embeddable":true,"href":"https:\/\/motovitalex.md\/ru\/wp-json\/wp\/v2\/media\/1452"}],"wp:attachment":[{"href":"https:\/\/motovitalex.md\/ru\/wp-json\/wp\/v2\/media?parent=1451"}],"wp:term":[{"taxonomy":"product_cat","embeddable":true,"href":"https:\/\/motovitalex.md\/ru\/wp-json\/wp\/v2\/product_cat?post=1451"},{"taxonomy":"product_tag","embeddable":true,"href":"https:\/\/motovitalex.md\/ru\/wp-json\/wp\/v2\/product_tag?post=1451"}],"curies":[{"name":"wp","href":"https:\/\/api.w.org\/{rel}","templated":true}]}}