{"id":1442,"date":"2024-12-20T19:55:04","date_gmt":"2024-12-20T19:55:04","guid":{"rendered":"https:\/\/motovitalex.md\/?post_type=product&#038;p=1442"},"modified":"2024-12-20T19:55:04","modified_gmt":"2024-12-20T19:55:04","slug":"supapa-cap-de-scurgere-a-lichidului-de-racire-pentru-motor-diesel-190n","status":"publish","type":"product","link":"https:\/\/motovitalex.md\/ru\/product\/supapa-cap-de-scurgere-a-lichidului-de-racire-pentru-motor-diesel-190n\/","title":{"rendered":"Supapa cap de scurgere a lichidului de racire pentru motor diesel 190N"},"content":{"rendered":"<p>Supapa capului de scurgere a lichidului de r\u0103cire pentru motorul diesel 190N este un dispozitiv instalat \u00een sistemul de r\u0103cire a motorului pentru a permite golirea lichidului de r\u0103cire atunci c\u00e2nd este necesar s\u0103 se efectueze \u00eentre\u021binerea sau \u00eenlocuirea acestui lichid.<\/p>\n<p>Func\u021bia principal\u0103 a supapei de evacuare a lichidului de r\u0103cire este de a oferi un proces convenabil \u0219i controlat pentru scurgerea lichidului de r\u0103cire, care este important atunci c\u00e2nd se \u00eentre\u021bine sistemul de r\u0103cire a motorului, permite \u00eendep\u0103rtarea \u0219i \u00eenlocuirea \u00een siguran\u021b\u0103 a lichidului de r\u0103cire vechi, ajut\u00e2nd la men\u021binerea eficien\u021bei sistemului de r\u0103cire. <strong>Efectuarea \u00eentre\u021binerii regulate a sistemului de r\u0103cire, inclusiv golirea \u0219i \u00eenlocuirea lichidului de r\u0103cire folosind supapa specificat\u0103, este un pas important pentru a preveni posibila defec\u021biune a motorului din cauza supra\u00eenc\u0103lzirii.<\/strong> Supapa capului de scurgere a lichidului de r\u0103cire joac\u0103 un rol cheie \u00een acest proces, asigur\u00e2nd o gestionare eficient\u0103 a scurgerii \u0219i \u00eenlocuirii lichidului de r\u0103cire \u00een timpul \u00eentre\u021binerii.<\/p>","protected":false},"excerpt":{"rendered":"<p>Supapa capului de scurgere a lichidului de r\u0103cire pentru motorul diesel 190N este un dispozitiv instalat \u00een sistemul de r\u0103cire a motorului pentru a permite golirea lichidului de r\u0103cire atunci c\u00e2nd este necesar s\u0103 se efectueze \u00eentre\u021binerea sau \u00eenlocuirea acestui lichid. Func\u021bia principal\u0103 a supapei de evacuare a lichidului de r\u0103cire este de a oferi&hellip;<\/p>","protected":false},"featured_media":1443,"template":"","meta":[],"product_cat":[64],"product_tag":[],"class_list":{"0":"post-1442","1":"product","2":"type-product","3":"status-publish","4":"has-post-thumbnail","6":"product_cat-piese-auto","8":"first","9":"instock","10":"shipping-taxable","11":"product-type-simple"},"_links":{"self":[{"href":"https:\/\/motovitalex.md\/ru\/wp-json\/wp\/v2\/product\/1442","targetHints":{"allow":["GET"]}}],"collection":[{"href":"https:\/\/motovitalex.md\/ru\/wp-json\/wp\/v2\/product"}],"about":[{"href":"https:\/\/motovitalex.md\/ru\/wp-json\/wp\/v2\/types\/product"}],"version-history":[{"count":1,"href":"https:\/\/motovitalex.md\/ru\/wp-json\/wp\/v2\/product\/1442\/revisions"}],"predecessor-version":[{"id":1444,"href":"https:\/\/motovitalex.md\/ru\/wp-json\/wp\/v2\/product\/1442\/revisions\/1444"}],"wp:featuredmedia":[{"embeddable":true,"href":"https:\/\/motovitalex.md\/ru\/wp-json\/wp\/v2\/media\/1443"}],"wp:attachment":[{"href":"https:\/\/motovitalex.md\/ru\/wp-json\/wp\/v2\/media?parent=1442"}],"wp:term":[{"taxonomy":"product_cat","embeddable":true,"href":"https:\/\/motovitalex.md\/ru\/wp-json\/wp\/v2\/product_cat?post=1442"},{"taxonomy":"product_tag","embeddable":true,"href":"https:\/\/motovitalex.md\/ru\/wp-json\/wp\/v2\/product_tag?post=1442"}],"curies":[{"name":"wp","href":"https:\/\/api.w.org\/{rel}","templated":true}]}}