{"id":1427,"date":"2024-12-20T19:29:04","date_gmt":"2024-12-20T19:29:04","guid":{"rendered":"https:\/\/motovitalex.md\/?post_type=product&#038;p=1427"},"modified":"2024-12-20T19:29:04","modified_gmt":"2024-12-20T19:29:04","slug":"rolie-intinzatoare-curele-alternator-pentru-motor-diesel-190n","status":"publish","type":"product","link":"https:\/\/motovitalex.md\/ru\/product\/rolie-intinzatoare-curele-alternator-pentru-motor-diesel-190n\/","title":{"rendered":"Rolie \u00eentinz\u0103toare curele alternator pentru motor diesel 190N"},"content":{"rendered":"<p>Piesa de schimb este conceput\u0103 pentru a crea for\u021ba de tensiune necesar\u0103 pentru cureaua de transmisie a alternatorului. Fixa\u021bi pe carcasa motorului cu un \u0219urub. Este format dintr-un suport metalic, un rulment, o rol\u0103 pentru o curea cu profil \u201eZ\u201d \u0219i un capac care protejeaz\u0103 rulmentul de praf \u0219i umiditate. \u00cen timpul func\u021bion\u0103rii, rulmentul se poate defecta, ceea ce va duce la blocarea rolei \u0219i la defec\u021biunea sistemului de antrenare a generatorului.<strong> Pentru func\u021bionarea fiabil\u0103 a unit\u0103\u021bii, este necesar s\u0103 \u00eendep\u0103rta\u021bi periodic capacul de protec\u021bie \u0219i s\u0103 controla\u021bi calitatea lubrifiantului, reumplindu-l dac\u0103 este necesar. Dac\u0103 suprafa\u021ba rulmentului sau a canelurii rolei este uzat\u0103 sever, piesa trebuie \u00eenlocuit\u0103.<\/strong><\/p>","protected":false},"excerpt":{"rendered":"<p>Piesa de schimb este conceput\u0103 pentru a crea for\u021ba de tensiune necesar\u0103 pentru cureaua de transmisie a alternatorului. Fixa\u021bi pe carcasa motorului cu un \u0219urub. Este format dintr-un suport metalic, un rulment, o rol\u0103 pentru o curea cu profil \u201eZ\u201d \u0219i un capac care protejeaz\u0103 rulmentul de praf \u0219i umiditate. \u00cen timpul func\u021bion\u0103rii, rulmentul se&hellip;<\/p>","protected":false},"featured_media":1428,"template":"","meta":[],"product_cat":[64],"product_tag":[],"class_list":{"0":"post-1427","1":"product","2":"type-product","3":"status-publish","4":"has-post-thumbnail","6":"product_cat-piese-auto","8":"first","9":"instock","10":"shipping-taxable","11":"product-type-simple"},"_links":{"self":[{"href":"https:\/\/motovitalex.md\/ru\/wp-json\/wp\/v2\/product\/1427","targetHints":{"allow":["GET"]}}],"collection":[{"href":"https:\/\/motovitalex.md\/ru\/wp-json\/wp\/v2\/product"}],"about":[{"href":"https:\/\/motovitalex.md\/ru\/wp-json\/wp\/v2\/types\/product"}],"version-history":[{"count":1,"href":"https:\/\/motovitalex.md\/ru\/wp-json\/wp\/v2\/product\/1427\/revisions"}],"predecessor-version":[{"id":1429,"href":"https:\/\/motovitalex.md\/ru\/wp-json\/wp\/v2\/product\/1427\/revisions\/1429"}],"wp:featuredmedia":[{"embeddable":true,"href":"https:\/\/motovitalex.md\/ru\/wp-json\/wp\/v2\/media\/1428"}],"wp:attachment":[{"href":"https:\/\/motovitalex.md\/ru\/wp-json\/wp\/v2\/media?parent=1427"}],"wp:term":[{"taxonomy":"product_cat","embeddable":true,"href":"https:\/\/motovitalex.md\/ru\/wp-json\/wp\/v2\/product_cat?post=1427"},{"taxonomy":"product_tag","embeddable":true,"href":"https:\/\/motovitalex.md\/ru\/wp-json\/wp\/v2\/product_tag?post=1427"}],"curies":[{"name":"wp","href":"https:\/\/api.w.org\/{rel}","templated":true}]}}