{"id":1421,"date":"2024-12-20T19:17:54","date_gmt":"2024-12-20T19:17:54","guid":{"rendered":"https:\/\/motovitalex.md\/?post_type=product&#038;p=1421"},"modified":"2024-12-20T19:17:54","modified_gmt":"2024-12-20T19:17:54","slug":"robinet-de-combustibil-pentru-motor-diesel-190n","status":"publish","type":"product","link":"https:\/\/motovitalex.md\/ru\/product\/robinet-de-combustibil-pentru-motor-diesel-190n\/","title":{"rendered":"Robinet de combustibil pentru motor diesel 190N"},"content":{"rendered":"<p>Supapa de combustibil utilizat\u0103 \u00een sistemul de combustibil al motorului diesel de 180 N joac\u0103 un rol cheie \u00een controlul fluxului de combustibil. Deschide \u0219i \u00eenchide conducta de combustibil, oferind func\u021bia important\u0103 de control precis al debitului de combustibil, care este esen\u021bial\u0103 pentru func\u021bionarea fiabil\u0103 a motorului. Aceast\u0103 supap\u0103 este u\u0219or de utilizat \u0219i ofer\u0103 un control convenabil al debitului de combustibil, \u00een special \u00een timpul \u00eentre\u021binerii sau opririi motorului. <strong>Dac\u0103 supapa de combustibil din sistemul de combustibil se defecteaz\u0103, \u00eenlocuirea sau repararea devine o m\u0103sur\u0103 de urgen\u021b\u0103 pentru a asigura func\u021bionarea lin\u0103 a motorului. \u00cen caz contrar, pot ap\u0103rea probleme, cum ar fi \u00eentreruperea aliment\u0103rii cu combustibil, pierderea puterii, func\u021bionarea accidentat\u0103 sau oprirea complet\u0103 a motorului.<\/strong> \u00cen plus, o defec\u021biune a supapei care provoac\u0103 un flux necontrolat de combustibil poate cauza un consum excesiv de combustibil \u0219i poate deteriora motorul pe termen lung, necesit\u00e2nd repara\u021bii mai serioase \u0219i costisitoare \u00een viitor. Prin urmare, \u00eenlocuirea unei supape de combustibil defecte este o m\u0103sur\u0103 critic\u0103 pentru a asigura func\u021bionarea fiabil\u0103 \u0219i eficient\u0103 a motorului. Se recomand\u0103 ca, dac\u0103 sunt detectate semne de func\u021bionare defectuoas\u0103 a robinetului, \u00eenlocuirea sau repara\u021bia s\u0103 fie efectuat\u0103 c\u00e2t mai cur\u00e2nd posibil.<\/p>","protected":false},"excerpt":{"rendered":"<p>Supapa de combustibil utilizat\u0103 \u00een sistemul de combustibil al motorului diesel de 180 N joac\u0103 un rol cheie \u00een controlul fluxului de combustibil. Deschide \u0219i \u00eenchide conducta de combustibil, oferind func\u021bia important\u0103 de control precis al debitului de combustibil, care este esen\u021bial\u0103 pentru func\u021bionarea fiabil\u0103 a motorului. Aceast\u0103 supap\u0103 este u\u0219or de utilizat \u0219i ofer\u0103&hellip;<\/p>","protected":false},"featured_media":1422,"template":"","meta":[],"product_cat":[64],"product_tag":[],"class_list":{"0":"post-1421","1":"product","2":"type-product","3":"status-publish","4":"has-post-thumbnail","6":"product_cat-piese-auto","8":"first","9":"instock","10":"shipping-taxable","11":"product-type-simple"},"_links":{"self":[{"href":"https:\/\/motovitalex.md\/ru\/wp-json\/wp\/v2\/product\/1421","targetHints":{"allow":["GET"]}}],"collection":[{"href":"https:\/\/motovitalex.md\/ru\/wp-json\/wp\/v2\/product"}],"about":[{"href":"https:\/\/motovitalex.md\/ru\/wp-json\/wp\/v2\/types\/product"}],"version-history":[{"count":1,"href":"https:\/\/motovitalex.md\/ru\/wp-json\/wp\/v2\/product\/1421\/revisions"}],"predecessor-version":[{"id":1423,"href":"https:\/\/motovitalex.md\/ru\/wp-json\/wp\/v2\/product\/1421\/revisions\/1423"}],"wp:featuredmedia":[{"embeddable":true,"href":"https:\/\/motovitalex.md\/ru\/wp-json\/wp\/v2\/media\/1422"}],"wp:attachment":[{"href":"https:\/\/motovitalex.md\/ru\/wp-json\/wp\/v2\/media?parent=1421"}],"wp:term":[{"taxonomy":"product_cat","embeddable":true,"href":"https:\/\/motovitalex.md\/ru\/wp-json\/wp\/v2\/product_cat?post=1421"},{"taxonomy":"product_tag","embeddable":true,"href":"https:\/\/motovitalex.md\/ru\/wp-json\/wp\/v2\/product_tag?post=1421"}],"curies":[{"name":"wp","href":"https:\/\/api.w.org\/{rel}","templated":true}]}}