{"id":1415,"date":"2024-12-20T18:59:40","date_gmt":"2024-12-20T18:59:40","guid":{"rendered":"https:\/\/motovitalex.md\/?post_type=product&#038;p=1415"},"modified":"2024-12-20T18:59:40","modified_gmt":"2024-12-20T18:59:40","slug":"releu-de-incarcare-190n","status":"publish","type":"product","link":"https:\/\/motovitalex.md\/ru\/product\/releu-de-incarcare-190n\/","title":{"rendered":"Releu de \u00eenc\u0103rcare &#8211; 190N"},"content":{"rendered":"<p>Releul de \u00eenc\u0103rcare &#8211; 190N este potrivit pentru motoarele diesel ale tractoarelor \u0219i mototractoarelor cu o putere de 10\/12 CP. cu racire cu apa.<\/p>\n<p>Greutate brut\u0103 (gr.) &#8211; 195<\/p>","protected":false},"excerpt":{"rendered":"<p>Releul de \u00eenc\u0103rcare &#8211; 190N este potrivit pentru motoarele diesel ale tractoarelor \u0219i mototractoarelor cu o putere de 10\/12 CP. cu racire cu apa. Greutate brut\u0103 (gr.) &#8211; 195<\/p>","protected":false},"featured_media":1416,"template":"","meta":[],"product_cat":[64],"product_tag":[],"class_list":{"0":"post-1415","1":"product","2":"type-product","3":"status-publish","4":"has-post-thumbnail","6":"product_cat-piese-auto","8":"first","9":"instock","10":"shipping-taxable","11":"product-type-simple"},"_links":{"self":[{"href":"https:\/\/motovitalex.md\/ru\/wp-json\/wp\/v2\/product\/1415","targetHints":{"allow":["GET"]}}],"collection":[{"href":"https:\/\/motovitalex.md\/ru\/wp-json\/wp\/v2\/product"}],"about":[{"href":"https:\/\/motovitalex.md\/ru\/wp-json\/wp\/v2\/types\/product"}],"version-history":[{"count":1,"href":"https:\/\/motovitalex.md\/ru\/wp-json\/wp\/v2\/product\/1415\/revisions"}],"predecessor-version":[{"id":1417,"href":"https:\/\/motovitalex.md\/ru\/wp-json\/wp\/v2\/product\/1415\/revisions\/1417"}],"wp:featuredmedia":[{"embeddable":true,"href":"https:\/\/motovitalex.md\/ru\/wp-json\/wp\/v2\/media\/1416"}],"wp:attachment":[{"href":"https:\/\/motovitalex.md\/ru\/wp-json\/wp\/v2\/media?parent=1415"}],"wp:term":[{"taxonomy":"product_cat","embeddable":true,"href":"https:\/\/motovitalex.md\/ru\/wp-json\/wp\/v2\/product_cat?post=1415"},{"taxonomy":"product_tag","embeddable":true,"href":"https:\/\/motovitalex.md\/ru\/wp-json\/wp\/v2\/product_tag?post=1415"}],"curies":[{"name":"wp","href":"https:\/\/api.w.org\/{rel}","templated":true}]}}