{"id":1412,"date":"2024-12-20T18:55:54","date_gmt":"2024-12-20T18:55:54","guid":{"rendered":"https:\/\/motovitalex.md\/?post_type=product&#038;p=1412"},"modified":"2024-12-20T18:55:54","modified_gmt":"2024-12-20T18:55:54","slug":"pompa-de-ulei-pentru-motor-diesel-190n","status":"publish","type":"product","link":"https:\/\/motovitalex.md\/ru\/product\/pompa-de-ulei-pentru-motor-diesel-190n\/","title":{"rendered":"Pompa de ulei  pentru motor diesel 190N"},"content":{"rendered":"<p>Pompa de ulei pentru motor diesel 190N este conceput\u0103 pentru a crea presiunea uleiului \u00een linie \u0219i a o furniza componentelor \u0219i elementelor importante ale unit\u0103\u021bii de putere.<\/p>\n<p>Pompa este format\u0103 dintr-o carcas\u0103 \u0219i dou\u0103 ro\u021bi din\u021bate dispuse \u00een cuplare \u00eentre ele. Piesa din fabric\u0103 este realizat\u0103 cu echipamente moderne de \u00eenalt\u0103 precizie. Componentele interne sunt prelucrate de calitate, \u0219lefuite pentru o performan\u021b\u0103 \u00eembun\u0103t\u0103\u021bit\u0103.<\/p>\n<p>Pompa este situat\u0103 \u00een afara blocului motor \u00een partea sa inferioar\u0103 \u0219i este antrenat\u0103 de la arborele de echilibrare. <strong>Pentru a asigura func\u021bionarea fiabil\u0103 a pompei, este necesar s\u0103 se men\u021bin\u0103 un nivel optim de ulei \u00een carterul motorului \u0219i s\u0103 \u00eentre\u021bin\u0103 regulat filtrul de ulei pentru a reduce rezisten\u021ba la curgerea uleiului.<\/strong> <em><strong>\u00centre\u021binerea regulat\u0103 a motorului \u0219i verificarea sistemului de lubrifiere va ajuta la prevenirea posibilelor probleme cu pompa de ulei \u0219i la asigurarea unei durate lungi de via\u021b\u0103 a acesteia.<\/strong><\/em><\/p>","protected":false},"excerpt":{"rendered":"<p>Pompa de ulei pentru motor diesel 190N este conceput\u0103 pentru a crea presiunea uleiului \u00een linie \u0219i a o furniza componentelor \u0219i elementelor importante ale unit\u0103\u021bii de putere. Pompa este format\u0103 dintr-o carcas\u0103 \u0219i dou\u0103 ro\u021bi din\u021bate dispuse \u00een cuplare \u00eentre ele. Piesa din fabric\u0103 este realizat\u0103 cu echipamente moderne de \u00eenalt\u0103 precizie. Componentele interne&hellip;<\/p>","protected":false},"featured_media":1413,"template":"","meta":[],"product_cat":[64],"product_tag":[],"class_list":{"0":"post-1412","1":"product","2":"type-product","3":"status-publish","4":"has-post-thumbnail","6":"product_cat-piese-auto","8":"first","9":"instock","10":"shipping-taxable","11":"product-type-simple"},"_links":{"self":[{"href":"https:\/\/motovitalex.md\/ru\/wp-json\/wp\/v2\/product\/1412","targetHints":{"allow":["GET"]}}],"collection":[{"href":"https:\/\/motovitalex.md\/ru\/wp-json\/wp\/v2\/product"}],"about":[{"href":"https:\/\/motovitalex.md\/ru\/wp-json\/wp\/v2\/types\/product"}],"version-history":[{"count":1,"href":"https:\/\/motovitalex.md\/ru\/wp-json\/wp\/v2\/product\/1412\/revisions"}],"predecessor-version":[{"id":1414,"href":"https:\/\/motovitalex.md\/ru\/wp-json\/wp\/v2\/product\/1412\/revisions\/1414"}],"wp:featuredmedia":[{"embeddable":true,"href":"https:\/\/motovitalex.md\/ru\/wp-json\/wp\/v2\/media\/1413"}],"wp:attachment":[{"href":"https:\/\/motovitalex.md\/ru\/wp-json\/wp\/v2\/media?parent=1412"}],"wp:term":[{"taxonomy":"product_cat","embeddable":true,"href":"https:\/\/motovitalex.md\/ru\/wp-json\/wp\/v2\/product_cat?post=1412"},{"taxonomy":"product_tag","embeddable":true,"href":"https:\/\/motovitalex.md\/ru\/wp-json\/wp\/v2\/product_tag?post=1412"}],"curies":[{"name":"wp","href":"https:\/\/api.w.org\/{rel}","templated":true}]}}