{"id":1403,"date":"2024-12-20T17:46:37","date_gmt":"2024-12-20T17:46:37","guid":{"rendered":"https:\/\/motovitalex.md\/?post_type=product&#038;p=1403"},"modified":"2024-12-20T17:46:37","modified_gmt":"2024-12-20T17:46:37","slug":"conducte-combustibil-pentru-motor-diesel-190n","status":"publish","type":"product","link":"https:\/\/motovitalex.md\/ru\/product\/conducte-combustibil-pentru-motor-diesel-190n\/","title":{"rendered":"Conducte combustibil  pentru motor diesel 190N"},"content":{"rendered":"<p>Conducte combustibil pentru motor diesel 190N, folosite pentru transportul combustibilului de la rezervor la pomp\u0103.<\/p>\n<p>\u021aevile pe o parte sunt terminate cu fitinguri pentru \u0219urubul de combustibil. Aceast\u0103 conexiune s-a dovedit a fi simpl\u0103, fiabil\u0103 \u0219i u\u0219or de \u00eentre\u021binut. Pere\u021bii transparen\u021bi ai duzelor v\u0103 permit s\u0103 controla\u021bi prezen\u021ba combustibilului \u00een sistem, precum \u0219i apari\u021bia bulelor de aer care apar atunci c\u00e2nd integritatea conductei de combustibil este \u00eenc\u0103lcat\u0103. Tuburile sunt realizate din material rezistent la UV \u0219i \u00ee\u0219i p\u0103streaz\u0103 flexibilitatea chiar \u0219i atunci c\u00e2nd temperatura ambiental\u0103 scade.<\/p>","protected":false},"excerpt":{"rendered":"<p>Conducte combustibil pentru motor diesel 190N, folosite pentru transportul combustibilului de la rezervor la pomp\u0103. \u021aevile pe o parte sunt terminate cu fitinguri pentru \u0219urubul de combustibil. Aceast\u0103 conexiune s-a dovedit a fi simpl\u0103, fiabil\u0103 \u0219i u\u0219or de \u00eentre\u021binut. Pere\u021bii transparen\u021bi ai duzelor v\u0103 permit s\u0103 controla\u021bi prezen\u021ba combustibilului \u00een sistem, precum \u0219i apari\u021bia bulelor&hellip;<\/p>","protected":false},"featured_media":1404,"template":"","meta":[],"product_cat":[64],"product_tag":[],"class_list":{"0":"post-1403","1":"product","2":"type-product","3":"status-publish","4":"has-post-thumbnail","6":"product_cat-piese-auto","8":"first","9":"instock","10":"shipping-taxable","11":"product-type-simple"},"_links":{"self":[{"href":"https:\/\/motovitalex.md\/ru\/wp-json\/wp\/v2\/product\/1403","targetHints":{"allow":["GET"]}}],"collection":[{"href":"https:\/\/motovitalex.md\/ru\/wp-json\/wp\/v2\/product"}],"about":[{"href":"https:\/\/motovitalex.md\/ru\/wp-json\/wp\/v2\/types\/product"}],"version-history":[{"count":1,"href":"https:\/\/motovitalex.md\/ru\/wp-json\/wp\/v2\/product\/1403\/revisions"}],"predecessor-version":[{"id":1405,"href":"https:\/\/motovitalex.md\/ru\/wp-json\/wp\/v2\/product\/1403\/revisions\/1405"}],"wp:featuredmedia":[{"embeddable":true,"href":"https:\/\/motovitalex.md\/ru\/wp-json\/wp\/v2\/media\/1404"}],"wp:attachment":[{"href":"https:\/\/motovitalex.md\/ru\/wp-json\/wp\/v2\/media?parent=1403"}],"wp:term":[{"taxonomy":"product_cat","embeddable":true,"href":"https:\/\/motovitalex.md\/ru\/wp-json\/wp\/v2\/product_cat?post=1403"},{"taxonomy":"product_tag","embeddable":true,"href":"https:\/\/motovitalex.md\/ru\/wp-json\/wp\/v2\/product_tag?post=1403"}],"curies":[{"name":"wp","href":"https:\/\/api.w.org\/{rel}","templated":true}]}}