{"id":1400,"date":"2024-12-20T17:40:11","date_gmt":"2024-12-20T17:40:11","guid":{"rendered":"https:\/\/motovitalex.md\/?post_type=product&#038;p=1400"},"modified":"2024-12-20T17:40:11","modified_gmt":"2024-12-20T17:40:11","slug":"conducta-de-inalta-presiune-pentru-motor-diesel-190n","status":"publish","type":"product","link":"https:\/\/motovitalex.md\/ru\/product\/conducta-de-inalta-presiune-pentru-motor-diesel-190n\/","title":{"rendered":"Conducta de inalta presiune pentru motor diesel 190N"},"content":{"rendered":"<p>Conducta de \u00eenalt\u0103 presiune\u00a0 pentru motorul diesel 190N face parte din sistemul de combustibil al unit\u0103\u021bii de alimentare \u0219i conecteaz\u0103 pompa de combustibil la injector. Este un tub metalic la capetele c\u0103ruia sunt instalate v\u00e2rfuri cu conuri de etan\u0219are.<\/p>\n<p>Piesa de schimb este echipat\u0103 cu piuli\u021be speciale pentru fixarea acesteia la ie\u0219irea pompei de injec\u021bie \u0219i la intrarea injectorului de combustibil. La instalarea tubului pe motor, trebuie evitate curbele ascu\u021bite, care pot \u00eenc\u0103lca etan\u0219eitatea produsului \u0219i pot reduce fiabilitatea prin reducerea grosimii peretelui la cot. Piuli\u021bele sunt fabricate din o\u021bel durabil, acest lucru v\u0103 permite s\u0103 crea\u021bi for\u021ba necesar\u0103 pentru a str\u00e2nge elementele sistemului \u0219i cre\u0219te fiabilitatea conexiunii.<\/p>","protected":false},"excerpt":{"rendered":"<p>Conducta de \u00eenalt\u0103 presiune\u00a0 pentru motorul diesel 190N face parte din sistemul de combustibil al unit\u0103\u021bii de alimentare \u0219i conecteaz\u0103 pompa de combustibil la injector. Este un tub metalic la capetele c\u0103ruia sunt instalate v\u00e2rfuri cu conuri de etan\u0219are. Piesa de schimb este echipat\u0103 cu piuli\u021be speciale pentru fixarea acesteia la ie\u0219irea pompei de injec\u021bie&hellip;<\/p>","protected":false},"featured_media":1401,"template":"","meta":[],"product_cat":[64],"product_tag":[],"class_list":{"0":"post-1400","1":"product","2":"type-product","3":"status-publish","4":"has-post-thumbnail","6":"product_cat-piese-auto","8":"first","9":"instock","10":"shipping-taxable","11":"product-type-simple"},"_links":{"self":[{"href":"https:\/\/motovitalex.md\/ru\/wp-json\/wp\/v2\/product\/1400","targetHints":{"allow":["GET"]}}],"collection":[{"href":"https:\/\/motovitalex.md\/ru\/wp-json\/wp\/v2\/product"}],"about":[{"href":"https:\/\/motovitalex.md\/ru\/wp-json\/wp\/v2\/types\/product"}],"version-history":[{"count":1,"href":"https:\/\/motovitalex.md\/ru\/wp-json\/wp\/v2\/product\/1400\/revisions"}],"predecessor-version":[{"id":1402,"href":"https:\/\/motovitalex.md\/ru\/wp-json\/wp\/v2\/product\/1400\/revisions\/1402"}],"wp:featuredmedia":[{"embeddable":true,"href":"https:\/\/motovitalex.md\/ru\/wp-json\/wp\/v2\/media\/1401"}],"wp:attachment":[{"href":"https:\/\/motovitalex.md\/ru\/wp-json\/wp\/v2\/media?parent=1400"}],"wp:term":[{"taxonomy":"product_cat","embeddable":true,"href":"https:\/\/motovitalex.md\/ru\/wp-json\/wp\/v2\/product_cat?post=1400"},{"taxonomy":"product_tag","embeddable":true,"href":"https:\/\/motovitalex.md\/ru\/wp-json\/wp\/v2\/product_tag?post=1400"}],"curies":[{"name":"wp","href":"https:\/\/api.w.org\/{rel}","templated":true}]}}