{"id":1396,"date":"2024-12-20T17:36:12","date_gmt":"2024-12-20T17:36:12","guid":{"rendered":"https:\/\/motovitalex.md\/?post_type=product&#038;p=1396"},"modified":"2024-12-20T17:36:59","modified_gmt":"2024-12-20T17:36:59","slug":"carcasa-rulmentului-arborelui-cotit-190n","status":"publish","type":"product","link":"https:\/\/motovitalex.md\/ru\/product\/carcasa-rulmentului-arborelui-cotit-190n\/","title":{"rendered":"Carcasa rulmentului arborelui cotit &#8211; 190N"},"content":{"rendered":"<p>Carcasa rulmentului arborelui cotit &#8211; 190N este potrivit\u0103 pentru motoarele diesel ale motocultoarelor \u0219i tractoarelor cu motor cu o putere de 10 CP. si 12 CP cu bloc (1GZ90) r\u0103cire cu ap\u0103.<\/p>\n<p>Material &#8211; font\u0103. Sub rulment 6311<\/p>\n<p>diametru (mm) &#8211; 120<\/p>\n<p>Diametrul de aterizare \u00een bloc (mm) &#8211; 150<\/p>\n<p>Diametrul orificiului pentru cutia de presa (mm) &#8211; 75<\/p>\n<p>Greutate (gr.) &#8211; 2700<\/p>","protected":false},"excerpt":{"rendered":"<p>Carcasa rulmentului arborelui cotit &#8211; 190N este potrivit\u0103 pentru motoarele diesel ale motocultoarelor \u0219i tractoarelor cu motor cu o putere de 10 CP. si 12 CP cu bloc (1GZ90) r\u0103cire cu ap\u0103. Material &#8211; font\u0103. Sub rulment 6311 diametru (mm) &#8211; 120 Diametrul de aterizare \u00een bloc (mm) &#8211; 150 Diametrul orificiului pentru cutia de&hellip;<\/p>","protected":false},"featured_media":1397,"template":"","meta":[],"product_cat":[64],"product_tag":[],"class_list":{"0":"post-1396","1":"product","2":"type-product","3":"status-publish","4":"has-post-thumbnail","6":"product_cat-piese-auto","8":"first","9":"instock","10":"shipping-taxable","11":"product-type-simple"},"_links":{"self":[{"href":"https:\/\/motovitalex.md\/ru\/wp-json\/wp\/v2\/product\/1396","targetHints":{"allow":["GET"]}}],"collection":[{"href":"https:\/\/motovitalex.md\/ru\/wp-json\/wp\/v2\/product"}],"about":[{"href":"https:\/\/motovitalex.md\/ru\/wp-json\/wp\/v2\/types\/product"}],"version-history":[{"count":2,"href":"https:\/\/motovitalex.md\/ru\/wp-json\/wp\/v2\/product\/1396\/revisions"}],"predecessor-version":[{"id":1399,"href":"https:\/\/motovitalex.md\/ru\/wp-json\/wp\/v2\/product\/1396\/revisions\/1399"}],"wp:featuredmedia":[{"embeddable":true,"href":"https:\/\/motovitalex.md\/ru\/wp-json\/wp\/v2\/media\/1397"}],"wp:attachment":[{"href":"https:\/\/motovitalex.md\/ru\/wp-json\/wp\/v2\/media?parent=1396"}],"wp:term":[{"taxonomy":"product_cat","embeddable":true,"href":"https:\/\/motovitalex.md\/ru\/wp-json\/wp\/v2\/product_cat?post=1396"},{"taxonomy":"product_tag","embeddable":true,"href":"https:\/\/motovitalex.md\/ru\/wp-json\/wp\/v2\/product_tag?post=1396"}],"curies":[{"name":"wp","href":"https:\/\/api.w.org\/{rel}","templated":true}]}}