{"id":1387,"date":"2024-12-20T17:24:50","date_gmt":"2024-12-20T17:24:50","guid":{"rendered":"https:\/\/motovitalex.md\/?post_type=product&#038;p=1387"},"modified":"2024-12-20T17:24:50","modified_gmt":"2024-12-20T17:24:50","slug":"capac-rezervor-plasa-pentru-gat-secret-190n","status":"publish","type":"product","link":"https:\/\/motovitalex.md\/ru\/product\/capac-rezervor-plasa-pentru-gat-secret-190n\/","title":{"rendered":"Capac rezervor + plas\u0103 pentru g\u00e2t secret &#8211; 190N"},"content":{"rendered":"<p>Capacul rezervorului cu gril\u0103 sub gura secret\u0103 &#8211; 190N este potrivit pentru motoarele diesel ale motocultoarelor \u0219i mototractoarelor cu o putere de 10 h.p., cu racire cu apa.<\/p>\n<p>Diametru interior capac (mm) &#8211; 82<\/p>\n<p>\u00cen\u0103l\u021bimea capacului (mm) &#8211; 17<\/p>\n<p>\u00cen\u0103l\u021bimea grilei (mm) &#8211; 73<\/p>\n<p>Diametrul de aterizare al unei grile (mm) &#8211; 38<\/p>\n<p>Greutate (gr.) &#8211; 120<\/p>","protected":false},"excerpt":{"rendered":"<p>Capacul rezervorului cu gril\u0103 sub gura secret\u0103 &#8211; 190N este potrivit pentru motoarele diesel ale motocultoarelor \u0219i mototractoarelor cu o putere de 10 h.p., cu racire cu apa. Diametru interior capac (mm) &#8211; 82 \u00cen\u0103l\u021bimea capacului (mm) &#8211; 17 \u00cen\u0103l\u021bimea grilei (mm) &#8211; 73 Diametrul de aterizare al unei grile (mm) &#8211; 38 Greutate (gr.)&hellip;<\/p>","protected":false},"featured_media":1388,"template":"","meta":[],"product_cat":[64],"product_tag":[],"class_list":{"0":"post-1387","1":"product","2":"type-product","3":"status-publish","4":"has-post-thumbnail","6":"product_cat-piese-auto","8":"first","9":"instock","10":"shipping-taxable","11":"product-type-simple"},"_links":{"self":[{"href":"https:\/\/motovitalex.md\/ru\/wp-json\/wp\/v2\/product\/1387","targetHints":{"allow":["GET"]}}],"collection":[{"href":"https:\/\/motovitalex.md\/ru\/wp-json\/wp\/v2\/product"}],"about":[{"href":"https:\/\/motovitalex.md\/ru\/wp-json\/wp\/v2\/types\/product"}],"version-history":[{"count":1,"href":"https:\/\/motovitalex.md\/ru\/wp-json\/wp\/v2\/product\/1387\/revisions"}],"predecessor-version":[{"id":1389,"href":"https:\/\/motovitalex.md\/ru\/wp-json\/wp\/v2\/product\/1387\/revisions\/1389"}],"wp:featuredmedia":[{"embeddable":true,"href":"https:\/\/motovitalex.md\/ru\/wp-json\/wp\/v2\/media\/1388"}],"wp:attachment":[{"href":"https:\/\/motovitalex.md\/ru\/wp-json\/wp\/v2\/media?parent=1387"}],"wp:term":[{"taxonomy":"product_cat","embeddable":true,"href":"https:\/\/motovitalex.md\/ru\/wp-json\/wp\/v2\/product_cat?post=1387"},{"taxonomy":"product_tag","embeddable":true,"href":"https:\/\/motovitalex.md\/ru\/wp-json\/wp\/v2\/product_tag?post=1387"}],"curies":[{"name":"wp","href":"https:\/\/api.w.org\/{rel}","templated":true}]}}