{"id":1380,"date":"2024-12-20T17:16:05","date_gmt":"2024-12-20T17:16:05","guid":{"rendered":"https:\/\/motovitalex.md\/?post_type=product&#038;p=1380"},"modified":"2024-12-20T17:16:06","modified_gmt":"2024-12-20T17:16:06","slug":"bucsa-demaror-electric-pentru-motor-diesel-190n","status":"publish","type":"product","link":"https:\/\/motovitalex.md\/ru\/product\/bucsa-demaror-electric-pentru-motor-diesel-190n\/","title":{"rendered":"Bucsa demaror electric pentru motor diesel 190N"},"content":{"rendered":"<p>Buc\u0219a de pornire electric\u0103 este proiectat\u0103 pentru a fi utilizat\u0103 pe motoarele diesel model 190N montate pe tractoare cu mers pe jos.<\/p>\n<p>Aceast\u0103 buc\u0219\u0103 este o pies\u0103 de schimb important\u0103 care asigur\u0103 func\u021bionarea fiabil\u0103 a demarorului electric.<\/p>\n<p><strong> Principalele caracteristici ale m\u00e2necii:<\/strong><\/p>\n<p>Lungime: 17 mm.<\/p>\n<p>Diametru: 14 mm interior \/ 18 mm exterior.<\/p>\n<p>Greutate: 10 grame.<\/p>\n<p>Buc\u0219a este realizat\u0103 din material durabil, care este foarte rezistent la uzur\u0103 \u0219i durabil. Este dimensionat precis pentru o potrivire \u0219i compatibilitate perfect\u0103 cu demarorul \u0219i motorul electric. Instalarea corect\u0103 a buc\u0219ei de pornire electric\u0103 pe un tractor cu mers pe jos cu motor diesel de 190N va asigura o pornire eficient\u0103 \u0219i fiabil\u0103 a motorului. Aceast\u0103 pies\u0103 de schimb este o component\u0103 important\u0103 a sistemului de pornire \u0219i v\u0103 va ajuta s\u0103 men\u021bine\u021bi performan\u021ba optim\u0103 a tractorului dumneavoastr\u0103.<\/p>","protected":false},"excerpt":{"rendered":"<p>Buc\u0219a de pornire electric\u0103 este proiectat\u0103 pentru a fi utilizat\u0103 pe motoarele diesel model 190N montate pe tractoare cu mers pe jos. Aceast\u0103 buc\u0219\u0103 este o pies\u0103 de schimb important\u0103 care asigur\u0103 func\u021bionarea fiabil\u0103 a demarorului electric. Principalele caracteristici ale m\u00e2necii: Lungime: 17 mm. Diametru: 14 mm interior \/ 18 mm exterior. Greutate: 10 grame.&hellip;<\/p>","protected":false},"featured_media":1381,"template":"","meta":[],"product_cat":[64],"product_tag":[],"class_list":{"0":"post-1380","1":"product","2":"type-product","3":"status-publish","4":"has-post-thumbnail","6":"product_cat-piese-auto","8":"first","9":"instock","10":"shipping-taxable","11":"product-type-simple"},"_links":{"self":[{"href":"https:\/\/motovitalex.md\/ru\/wp-json\/wp\/v2\/product\/1380","targetHints":{"allow":["GET"]}}],"collection":[{"href":"https:\/\/motovitalex.md\/ru\/wp-json\/wp\/v2\/product"}],"about":[{"href":"https:\/\/motovitalex.md\/ru\/wp-json\/wp\/v2\/types\/product"}],"version-history":[{"count":1,"href":"https:\/\/motovitalex.md\/ru\/wp-json\/wp\/v2\/product\/1380\/revisions"}],"predecessor-version":[{"id":1382,"href":"https:\/\/motovitalex.md\/ru\/wp-json\/wp\/v2\/product\/1380\/revisions\/1382"}],"wp:featuredmedia":[{"embeddable":true,"href":"https:\/\/motovitalex.md\/ru\/wp-json\/wp\/v2\/media\/1381"}],"wp:attachment":[{"href":"https:\/\/motovitalex.md\/ru\/wp-json\/wp\/v2\/media?parent=1380"}],"wp:term":[{"taxonomy":"product_cat","embeddable":true,"href":"https:\/\/motovitalex.md\/ru\/wp-json\/wp\/v2\/product_cat?post=1380"},{"taxonomy":"product_tag","embeddable":true,"href":"https:\/\/motovitalex.md\/ru\/wp-json\/wp\/v2\/product_tag?post=1380"}],"curies":[{"name":"wp","href":"https:\/\/api.w.org\/{rel}","templated":true}]}}