{"id":1377,"date":"2024-12-20T17:10:54","date_gmt":"2024-12-20T17:10:54","guid":{"rendered":"https:\/\/motovitalex.md\/?post_type=product&#038;p=1377"},"modified":"2024-12-20T17:10:54","modified_gmt":"2024-12-20T17:10:54","slug":"bucsa-de-biela-pentru-motor-diesel-190n","status":"publish","type":"product","link":"https:\/\/motovitalex.md\/ru\/product\/bucsa-de-biela-pentru-motor-diesel-190n\/","title":{"rendered":"Bucsa de biela  pentru motor diesel 190N"},"content":{"rendered":"<p>Buc\u0219a bielei\u00a0 este o component\u0103 important\u0103 a motorului, asigur\u00e2nd func\u021bionarea corect\u0103 a pistonului \u0219i a bielei, reduc\u00e2nd uzura \u0219i permi\u021b\u00e2nd motorului s\u0103 func\u021bioneze mai eficient.<\/p>\n<p>Buc\u0219a bielei serve\u0219te la asigurarea unui suport stabil pe care este \u021binut pistonul. Ajut\u0103 la asigurarea mi\u0219c\u0103rii corecte a pistonului \u00een interiorul cilindrului \u0219i, de asemenea, controleaz\u0103 cursa acestuia.<\/p>\n<p>Aceast\u0103 pies\u0103 reduce, de asemenea, frecarea dintre piston \u0219i biela. Asigur\u0103 o mi\u0219care lin\u0103 \u0219i perfect\u0103 a pistonului \u00een timp ce motorul func\u021bioneaz\u0103, reduc\u00e2nd uzura \u0219i prelungind durata de via\u021b\u0103 a motorului. O buc\u0219\u0103 de biela care func\u021bioneaz\u0103 bine ajut\u0103 la reducerea vibra\u021biilor \u0219i a zgomotului asociate cu func\u021bionarea motorului, rezult\u00e2nd o func\u021bionare mai lin\u0103 \u0219i mai silen\u021bioas\u0103.<\/p>","protected":false},"excerpt":{"rendered":"<p>Buc\u0219a bielei\u00a0 este o component\u0103 important\u0103 a motorului, asigur\u00e2nd func\u021bionarea corect\u0103 a pistonului \u0219i a bielei, reduc\u00e2nd uzura \u0219i permi\u021b\u00e2nd motorului s\u0103 func\u021bioneze mai eficient. Buc\u0219a bielei serve\u0219te la asigurarea unui suport stabil pe care este \u021binut pistonul. Ajut\u0103 la asigurarea mi\u0219c\u0103rii corecte a pistonului \u00een interiorul cilindrului \u0219i, de asemenea, controleaz\u0103 cursa acestuia. Aceast\u0103&hellip;<\/p>","protected":false},"featured_media":1378,"template":"","meta":[],"product_cat":[64],"product_tag":[],"class_list":{"0":"post-1377","1":"product","2":"type-product","3":"status-publish","4":"has-post-thumbnail","6":"product_cat-piese-auto","8":"first","9":"instock","10":"shipping-taxable","11":"product-type-simple"},"_links":{"self":[{"href":"https:\/\/motovitalex.md\/ru\/wp-json\/wp\/v2\/product\/1377","targetHints":{"allow":["GET"]}}],"collection":[{"href":"https:\/\/motovitalex.md\/ru\/wp-json\/wp\/v2\/product"}],"about":[{"href":"https:\/\/motovitalex.md\/ru\/wp-json\/wp\/v2\/types\/product"}],"version-history":[{"count":1,"href":"https:\/\/motovitalex.md\/ru\/wp-json\/wp\/v2\/product\/1377\/revisions"}],"predecessor-version":[{"id":1379,"href":"https:\/\/motovitalex.md\/ru\/wp-json\/wp\/v2\/product\/1377\/revisions\/1379"}],"wp:featuredmedia":[{"embeddable":true,"href":"https:\/\/motovitalex.md\/ru\/wp-json\/wp\/v2\/media\/1378"}],"wp:attachment":[{"href":"https:\/\/motovitalex.md\/ru\/wp-json\/wp\/v2\/media?parent=1377"}],"wp:term":[{"taxonomy":"product_cat","embeddable":true,"href":"https:\/\/motovitalex.md\/ru\/wp-json\/wp\/v2\/product_cat?post=1377"},{"taxonomy":"product_tag","embeddable":true,"href":"https:\/\/motovitalex.md\/ru\/wp-json\/wp\/v2\/product_tag?post=1377"}],"curies":[{"name":"wp","href":"https:\/\/api.w.org\/{rel}","templated":true}]}}