{"id":1362,"date":"2024-12-20T16:48:50","date_gmt":"2024-12-20T16:48:50","guid":{"rendered":"https:\/\/motovitalex.md\/?post_type=product&#038;p=1362"},"modified":"2024-12-20T16:48:50","modified_gmt":"2024-12-20T16:48:50","slug":"arbore-cotit-gol-pentru-motor-diesel-190n-filetat-12-mm","status":"publish","type":"product","link":"https:\/\/motovitalex.md\/ru\/product\/arbore-cotit-gol-pentru-motor-diesel-190n-filetat-12-mm\/","title":{"rendered":"Arbore cotit  gol pentru motor diesel 190N, filetat 12 mm"},"content":{"rendered":"<p>Arbore cotit\u00a0 gol pentru motor diesel 190N, filet 12 mm, potrivit pentru motoarele diesel ale motocultoarelor\u00a0 si mototractoarelor cu o putere de 10 CP., cu racire cu apa.<\/p>\n<p><strong> Structura arborelui cotit:<\/strong><\/p>\n<p>-g\u00e2tul principal &#8211; suportul arborelui situat \u00een rulmentul principal situat \u00een carterul motorului;<\/p>\n<p>-jurnal de biele &#8211; un suport cu care arborele este conectat la biele (exist\u0103 canale de ulei pentru lubrifierea lag\u0103relor de biele);<\/p>\n<p>-obraji &#8211; conecta\u021bi g\u00e2turile principale \u0219i bielei;<\/p>\n<p>-partea de ie\u0219ire frontal\u0103 a arborelui (degetul de la picioare) &#8211; parte a arborelui pe care este montat\u0103 roata din\u021bat\u0103 sau scripetele prizei de putere pentru a antrena mecanismul de distribu\u021bie a gazului (GRM) \u0219i diverse unit\u0103\u021bi, sisteme \u0219i ansambluri auxiliare;<\/p>\n<p>-partea de ie\u0219ire din spate a arborelui (cod\u0103) &#8211; partea arborelui conectat\u0103 la volant sau roata de vitez\u0103 masiv\u0103 de selec\u021bie a p\u0103r\u021bii principale a puterii;<\/p>\n<p>-contragreut\u0103\u021bi &#8211; asigur\u0103 desc\u0103rcarea rulmen\u021bilor principali de for\u021bele de iner\u021bie centrifug\u0103 de ordinul \u00eent\u00e2i a maselor dezechilibrate ale manivelei \u0219i partea inferioar\u0103 a bielei.<\/p>","protected":false},"excerpt":{"rendered":"<p>Arbore cotit\u00a0 gol pentru motor diesel 190N, filet 12 mm, potrivit pentru motoarele diesel ale motocultoarelor\u00a0 si mototractoarelor cu o putere de 10 CP., cu racire cu apa. Structura arborelui cotit: -g\u00e2tul principal &#8211; suportul arborelui situat \u00een rulmentul principal situat \u00een carterul motorului; -jurnal de biele &#8211; un suport cu care arborele este conectat&hellip;<\/p>","protected":false},"featured_media":1363,"template":"","meta":[],"product_cat":[64],"product_tag":[],"class_list":{"0":"post-1362","1":"product","2":"type-product","3":"status-publish","4":"has-post-thumbnail","6":"product_cat-piese-auto","8":"first","9":"instock","10":"shipping-taxable","11":"product-type-simple"},"_links":{"self":[{"href":"https:\/\/motovitalex.md\/ru\/wp-json\/wp\/v2\/product\/1362","targetHints":{"allow":["GET"]}}],"collection":[{"href":"https:\/\/motovitalex.md\/ru\/wp-json\/wp\/v2\/product"}],"about":[{"href":"https:\/\/motovitalex.md\/ru\/wp-json\/wp\/v2\/types\/product"}],"version-history":[{"count":1,"href":"https:\/\/motovitalex.md\/ru\/wp-json\/wp\/v2\/product\/1362\/revisions"}],"predecessor-version":[{"id":1364,"href":"https:\/\/motovitalex.md\/ru\/wp-json\/wp\/v2\/product\/1362\/revisions\/1364"}],"wp:featuredmedia":[{"embeddable":true,"href":"https:\/\/motovitalex.md\/ru\/wp-json\/wp\/v2\/media\/1363"}],"wp:attachment":[{"href":"https:\/\/motovitalex.md\/ru\/wp-json\/wp\/v2\/media?parent=1362"}],"wp:term":[{"taxonomy":"product_cat","embeddable":true,"href":"https:\/\/motovitalex.md\/ru\/wp-json\/wp\/v2\/product_cat?post=1362"},{"taxonomy":"product_tag","embeddable":true,"href":"https:\/\/motovitalex.md\/ru\/wp-json\/wp\/v2\/product_tag?post=1362"}],"curies":[{"name":"wp","href":"https:\/\/api.w.org\/{rel}","templated":true}]}}