{"id":1341,"date":"2024-12-13T18:58:54","date_gmt":"2024-12-13T18:58:54","guid":{"rendered":"https:\/\/motovitalex.md\/?post_type=product&#038;p=1341"},"modified":"2024-12-13T19:00:05","modified_gmt":"2024-12-13T19:00:05","slug":"chit-piston-std-pentru-motor-pe-benzina-170f-cu-diametrul-pistonului-de-7000-mm","status":"publish","type":"product","link":"https:\/\/motovitalex.md\/ru\/product\/chit-piston-std-pentru-motor-pe-benzina-170f-cu-diametrul-pistonului-de-7000-mm\/","title":{"rendered":"Chit piston STD  pentru motor pe benzin\u0103 170F (cu diametrul pistonului de 70,00 mm)"},"content":{"rendered":"<p>Chit piston STD\u00a0 pentru un motor pe benzin\u0103 170F cu diametrul pistonului de 70,00 mm .<\/p>\n<p>P\u0103r\u021bile setului sunt folosite pentru a fi instalate \u00een cilindrul unui bloc motor cu diametrul pistonului corespunz\u0103tor. Aceasta este dimensiunea standard a grupului cilindru-piston pentru cilindrii noi \u0219i u\u0219or uza\u021bi.<\/p>\n<p><strong>Compozi\u021bia trusei:<\/strong><\/p>\n<p>\u2022 Piston. Fabricat pe echipamente de \u00eenalt\u0103 precizie din aluminiu de \u00eenalt\u0103 calitate.<\/p>\n<p>\u2022 Set complet de inele de compresie pentru piston \u0219i racletoare de ulei<\/p>\n<p>\u2022 \u015etift de piston cu \u00eencuietori<\/p>\n<p><strong>Pentru func\u021bionarea pe termen lung a pieselor acestui chit ca parte a unit\u0103\u021bii de alimentare, este important s\u0103 nu se dep\u0103\u0219easc\u0103 sarcinile admise \u0219i s\u0103 se asigure lubrifierea normal\u0103 a elementelor de frecare.<\/strong><\/p>","protected":false},"excerpt":{"rendered":"<p>Chit piston STD\u00a0 pentru un motor pe benzin\u0103 170F cu diametrul pistonului de 70,00 mm . P\u0103r\u021bile setului sunt folosite pentru a fi instalate \u00een cilindrul unui bloc motor cu diametrul pistonului corespunz\u0103tor. Aceasta este dimensiunea standard a grupului cilindru-piston pentru cilindrii noi \u0219i u\u0219or uza\u021bi. Compozi\u021bia trusei: \u2022 Piston. Fabricat pe echipamente de \u00eenalt\u0103&hellip;<\/p>","protected":false},"featured_media":1342,"template":"","meta":[],"product_cat":[64],"product_tag":[],"class_list":{"0":"post-1341","1":"product","2":"type-product","3":"status-publish","4":"has-post-thumbnail","6":"product_cat-piese-auto","8":"first","9":"instock","10":"shipping-taxable","11":"product-type-simple"},"_links":{"self":[{"href":"https:\/\/motovitalex.md\/ru\/wp-json\/wp\/v2\/product\/1341","targetHints":{"allow":["GET"]}}],"collection":[{"href":"https:\/\/motovitalex.md\/ru\/wp-json\/wp\/v2\/product"}],"about":[{"href":"https:\/\/motovitalex.md\/ru\/wp-json\/wp\/v2\/types\/product"}],"version-history":[{"count":3,"href":"https:\/\/motovitalex.md\/ru\/wp-json\/wp\/v2\/product\/1341\/revisions"}],"predecessor-version":[{"id":1345,"href":"https:\/\/motovitalex.md\/ru\/wp-json\/wp\/v2\/product\/1341\/revisions\/1345"}],"wp:featuredmedia":[{"embeddable":true,"href":"https:\/\/motovitalex.md\/ru\/wp-json\/wp\/v2\/media\/1342"}],"wp:attachment":[{"href":"https:\/\/motovitalex.md\/ru\/wp-json\/wp\/v2\/media?parent=1341"}],"wp:term":[{"taxonomy":"product_cat","embeddable":true,"href":"https:\/\/motovitalex.md\/ru\/wp-json\/wp\/v2\/product_cat?post=1341"},{"taxonomy":"product_tag","embeddable":true,"href":"https:\/\/motovitalex.md\/ru\/wp-json\/wp\/v2\/product_tag?post=1341"}],"curies":[{"name":"wp","href":"https:\/\/api.w.org\/{rel}","templated":true}]}}