{"id":1336,"date":"2024-12-13T18:43:38","date_gmt":"2024-12-13T18:43:38","guid":{"rendered":"https:\/\/motovitalex.md\/?post_type=product&#038;p=1336"},"modified":"2024-12-13T19:01:53","modified_gmt":"2024-12-13T19:01:53","slug":"chit-piston-std-pentru-motor-pe-benzina-168f-cu-diametrul-pistonului-de-68-mm","status":"publish","type":"product","link":"https:\/\/motovitalex.md\/ru\/product\/chit-piston-std-pentru-motor-pe-benzina-168f-cu-diametrul-pistonului-de-68-mm\/","title":{"rendered":"Chit piston STD pentru motor pe benzin\u0103 168F (cu diametrul pistonului de 68 mm)"},"content":{"rendered":"<p>Chit piston STD pentru instalare pe un motor pe benzin\u0103 168F cu diametrul pistonului de 68 mm -este folosit pentru a completa cilindrul motorului cu ardere intern\u0103 cu diametrul interior corespunz\u0103tor. Face parte din grupul cilindru-piston.<\/p>\n<p><strong> Setul este format din:<\/strong><\/p>\n<p>\u2022 Piston din aluminiu, diametru 68 mm. <strong>Scop<\/strong> &#8211; conversia energiei de ardere \u00een mi\u0219care liniar\u0103.<\/p>\n<p>\u2022 Inel de compresie din o\u021bel. Scopul este de a cre\u0219te raportul de compresie.<\/p>\n<p>\u2022 Inel de compresie din font\u0103. Este instalat al doilea, mai departe de camera de ardere.<\/p>\n<p>\u2022 Dou\u0103 inele de r\u0103zuire a uleiului din o\u021bel. Cur\u0103\u021ba\u021bi suprafa\u021ba interioar\u0103 a cilindrului de excesul de ulei.<\/p>\n<p>\u2022 Cu\u0219c\u0103 din o\u021bel. <strong>Scop<\/strong> &#8211; pentru a crea un spa\u021biu \u00eentre cele dou\u0103 &#8211; raclet\u0103 de ulei.<\/p>\n<p>\u2022 \u015etift de piston din o\u0163el. Sarcina este de a fixa biela \u00een orificiul pistonului.<\/p>\n<p>\u2022 Dou\u0103 dispozitive de fixare a \u0219tiftului pistonului din o\u021bel.<\/p>\n<p>Setul este realizat din materiale de \u00eenalt\u0103 calitate. <strong>Serve\u0219te mult timp atunci c\u00e2nd se asigur\u0103 modul corect de \u00eenc\u0103rcare \u0219i \u00eentre\u021binerea la timp.<\/strong><\/p>","protected":false},"excerpt":{"rendered":"<p>Chit piston STD pentru instalare pe un motor pe benzin\u0103 168F cu diametrul pistonului de 68 mm -este folosit pentru a completa cilindrul motorului cu ardere intern\u0103 cu diametrul interior corespunz\u0103tor. Face parte din grupul cilindru-piston. Setul este format din: \u2022 Piston din aluminiu, diametru 68 mm. Scop &#8211; conversia energiei de ardere \u00een mi\u0219care&hellip;<\/p>","protected":false},"featured_media":1337,"template":"","meta":[],"product_cat":[64],"product_tag":[],"class_list":{"0":"post-1336","1":"product","2":"type-product","3":"status-publish","4":"has-post-thumbnail","6":"product_cat-piese-auto","8":"first","9":"instock","10":"shipping-taxable","11":"product-type-simple"},"_links":{"self":[{"href":"https:\/\/motovitalex.md\/ru\/wp-json\/wp\/v2\/product\/1336","targetHints":{"allow":["GET"]}}],"collection":[{"href":"https:\/\/motovitalex.md\/ru\/wp-json\/wp\/v2\/product"}],"about":[{"href":"https:\/\/motovitalex.md\/ru\/wp-json\/wp\/v2\/types\/product"}],"version-history":[{"count":4,"href":"https:\/\/motovitalex.md\/ru\/wp-json\/wp\/v2\/product\/1336\/revisions"}],"predecessor-version":[{"id":1346,"href":"https:\/\/motovitalex.md\/ru\/wp-json\/wp\/v2\/product\/1336\/revisions\/1346"}],"wp:featuredmedia":[{"embeddable":true,"href":"https:\/\/motovitalex.md\/ru\/wp-json\/wp\/v2\/media\/1337"}],"wp:attachment":[{"href":"https:\/\/motovitalex.md\/ru\/wp-json\/wp\/v2\/media?parent=1336"}],"wp:term":[{"taxonomy":"product_cat","embeddable":true,"href":"https:\/\/motovitalex.md\/ru\/wp-json\/wp\/v2\/product_cat?post=1336"},{"taxonomy":"product_tag","embeddable":true,"href":"https:\/\/motovitalex.md\/ru\/wp-json\/wp\/v2\/product_tag?post=1336"}],"curies":[{"name":"wp","href":"https:\/\/api.w.org\/{rel}","templated":true}]}}