{"id":1332,"date":"2024-12-13T18:35:08","date_gmt":"2024-12-13T18:35:08","guid":{"rendered":"https:\/\/motovitalex.md\/?post_type=product&#038;p=1332"},"modified":"2024-12-13T19:03:08","modified_gmt":"2024-12-13T19:03:08","slug":"kit-piston-std-88-00-mm-pentru-motor-pe-benzina-188f","status":"publish","type":"product","link":"https:\/\/motovitalex.md\/ru\/product\/kit-piston-std-88-00-mm-pentru-motor-pe-benzina-188f\/","title":{"rendered":"Chit piston STD 88.00 mm pentru motor pe benzin\u0103 188F"},"content":{"rendered":"<p>Chit piston STD 88.00 mm pentru motorul pe benzin\u0103 188F<\/p>\n<p><strong>Setul este format din urm\u0103toarele elemente:<\/strong><\/p>\n<p>\u2022 Un piston din aluminiu care transform\u0103 energia gazelor arse \u00een energie cinetic\u0103.<\/p>\n<p>\u2022 Bolt de piston din o\u021bel care conecteaz\u0103 piesa de biela pentru a transmite mi\u0219carea.<\/p>\n<p>\u2022 Dou\u0103 inele de blocare din o\u021bel pentru a asigura pozi\u021bia \u0219tiftului \u00een orificiul pistonului.<\/p>\n<p>\u2022 Dou\u0103 inele de compresie din font\u0103 care etan\u0219eaz\u0103 \u00eembinarea gazului \u0219i m\u0103resc compresia \u00een cilindru.<\/p>\n<p>\u2022 Inel de r\u0103zuire a uleiului din trei piese din o\u021bel conceput pentru a \u00eendep\u0103rta excesul de ulei de pe pere\u021bii cilindrului.<\/p>\n<p>\u00cen timpul func\u021bion\u0103rii, piesele sunt supuse uzurii, ceea ce duce la pierderea puterii, la cre\u0219terea consumului de combustibil \u0219i la uzura accelerat\u0103 a motorului cu ardere intern\u0103.<\/p>","protected":false},"excerpt":{"rendered":"<p>Chit piston STD 88.00 mm pentru motorul pe benzin\u0103 188F Setul este format din urm\u0103toarele elemente: \u2022 Un piston din aluminiu care transform\u0103 energia gazelor arse \u00een energie cinetic\u0103. \u2022 Bolt de piston din o\u021bel care conecteaz\u0103 piesa de biela pentru a transmite mi\u0219carea. \u2022 Dou\u0103 inele de blocare din o\u021bel pentru a asigura pozi\u021bia&hellip;<\/p>","protected":false},"featured_media":1333,"template":"","meta":[],"product_cat":[64],"product_tag":[],"class_list":{"0":"post-1332","1":"product","2":"type-product","3":"status-publish","4":"has-post-thumbnail","6":"product_cat-piese-auto","8":"first","9":"instock","10":"shipping-taxable","11":"product-type-simple"},"_links":{"self":[{"href":"https:\/\/motovitalex.md\/ru\/wp-json\/wp\/v2\/product\/1332","targetHints":{"allow":["GET"]}}],"collection":[{"href":"https:\/\/motovitalex.md\/ru\/wp-json\/wp\/v2\/product"}],"about":[{"href":"https:\/\/motovitalex.md\/ru\/wp-json\/wp\/v2\/types\/product"}],"version-history":[{"count":3,"href":"https:\/\/motovitalex.md\/ru\/wp-json\/wp\/v2\/product\/1332\/revisions"}],"predecessor-version":[{"id":1347,"href":"https:\/\/motovitalex.md\/ru\/wp-json\/wp\/v2\/product\/1332\/revisions\/1347"}],"wp:featuredmedia":[{"embeddable":true,"href":"https:\/\/motovitalex.md\/ru\/wp-json\/wp\/v2\/media\/1333"}],"wp:attachment":[{"href":"https:\/\/motovitalex.md\/ru\/wp-json\/wp\/v2\/media?parent=1332"}],"wp:term":[{"taxonomy":"product_cat","embeddable":true,"href":"https:\/\/motovitalex.md\/ru\/wp-json\/wp\/v2\/product_cat?post=1332"},{"taxonomy":"product_tag","embeddable":true,"href":"https:\/\/motovitalex.md\/ru\/wp-json\/wp\/v2\/product_tag?post=1332"}],"curies":[{"name":"wp","href":"https:\/\/api.w.org\/{rel}","templated":true}]}}