{"id":1329,"date":"2024-12-13T18:28:58","date_gmt":"2024-12-13T18:28:58","guid":{"rendered":"https:\/\/motovitalex.md\/?post_type=product&#038;p=1329"},"modified":"2024-12-13T19:04:02","modified_gmt":"2024-12-13T19:04:02","slug":"kit-piston-std-80-00-mm-pentru-motor-diesel-180n-plat","status":"publish","type":"product","link":"https:\/\/motovitalex.md\/ru\/product\/kit-piston-std-80-00-mm-pentru-motor-diesel-180n-plat\/","title":{"rendered":"Chit piston STD 80.00 mm  pentru motor diesel 180N (plat)"},"content":{"rendered":"<p>Chit piston STD 80.00 mm pentru motor diesel 180N (plat), este un set de piese necesare \u00eenlocuirii componentelor uzate sau deteriorate ale unit\u0103\u021bii de alimentare.<\/p>\n<p><strong> Compozi\u021bia include urm\u0103toarele elemente:<\/strong><\/p>\n<p>\u2022 Un piston este o pies\u0103 care transform\u0103 presiunea gazelor rezultate din arderea combustibilului \u00een energie mecanic\u0103 de rota\u021bie a arborelui cotit. Pistonul este format dintr-un cap, fust\u0103 \u0219i \u0219efuri. Capul pistonului asigur\u0103 etan\u0219eitatea camerei de ardere, iar fusta pistonului asigur\u0103 deplasarea uniform\u0103 a acestuia \u00een interiorul cilindrului.<\/p>\n<p>\u2022 Axul pistonului este piesa care leaga pistonul de biela. \u0218tiftul pistonului este fabricat din o\u021bel de \u00eenalt\u0103 rezisten\u021b\u0103.<\/p>\n<p>\u2022 Cele dou\u0103 inele de siguran\u0163\u0103 sunt piese care \u00eempiedic\u0103 mi\u015fcarea axial\u0103 a bol\u0163ului pistonului. Inelele de re\u021binere sunt realizate din o\u021bel pentru arc.<\/p>\n<p>\u2022 Cele dou\u0103 inele de compresie sunt inelele care \u021bin camera de ardere etan\u0219\u0103. Fabricat din font\u0103 maleabil\u0103.<\/p>\n<p>\u2022 Inelul r\u0103zuitor de ulei este o component\u0103 care \u00eendep\u0103rteaz\u0103 excesul de ulei de pe pere\u021bii cilindrului. Inelul de raclere a uleiului este realizat din fonta si otel.<\/p>\n<p><strong>Setul de piston pentru un motor diesel trebuie s\u0103 se potriveasc\u0103 cu modelul \u0219i specifica\u021biile motorului. Selectarea atent\u0103 a componentelor va asigura o durat\u0103 lung\u0103 de via\u021b\u0103 \u0219i caracteristici tehnice ridicate ale motorului.<\/strong><\/p>","protected":false},"excerpt":{"rendered":"<p>Chit piston STD 80.00 mm pentru motor diesel 180N (plat), este un set de piese necesare \u00eenlocuirii componentelor uzate sau deteriorate ale unit\u0103\u021bii de alimentare. Compozi\u021bia include urm\u0103toarele elemente: \u2022 Un piston este o pies\u0103 care transform\u0103 presiunea gazelor rezultate din arderea combustibilului \u00een energie mecanic\u0103 de rota\u021bie a arborelui cotit. Pistonul este format dintr-un&hellip;<\/p>","protected":false},"featured_media":1330,"template":"","meta":[],"product_cat":[64],"product_tag":[],"class_list":{"0":"post-1329","1":"product","2":"type-product","3":"status-publish","4":"has-post-thumbnail","6":"product_cat-piese-auto","8":"first","9":"instock","10":"shipping-taxable","11":"product-type-simple"},"_links":{"self":[{"href":"https:\/\/motovitalex.md\/ru\/wp-json\/wp\/v2\/product\/1329","targetHints":{"allow":["GET"]}}],"collection":[{"href":"https:\/\/motovitalex.md\/ru\/wp-json\/wp\/v2\/product"}],"about":[{"href":"https:\/\/motovitalex.md\/ru\/wp-json\/wp\/v2\/types\/product"}],"version-history":[{"count":2,"href":"https:\/\/motovitalex.md\/ru\/wp-json\/wp\/v2\/product\/1329\/revisions"}],"predecessor-version":[{"id":1348,"href":"https:\/\/motovitalex.md\/ru\/wp-json\/wp\/v2\/product\/1329\/revisions\/1348"}],"wp:featuredmedia":[{"embeddable":true,"href":"https:\/\/motovitalex.md\/ru\/wp-json\/wp\/v2\/media\/1330"}],"wp:attachment":[{"href":"https:\/\/motovitalex.md\/ru\/wp-json\/wp\/v2\/media?parent=1329"}],"wp:term":[{"taxonomy":"product_cat","embeddable":true,"href":"https:\/\/motovitalex.md\/ru\/wp-json\/wp\/v2\/product_cat?post=1329"},{"taxonomy":"product_tag","embeddable":true,"href":"https:\/\/motovitalex.md\/ru\/wp-json\/wp\/v2\/product_tag?post=1329"}],"curies":[{"name":"wp","href":"https:\/\/api.w.org\/{rel}","templated":true}]}}