{"id":1326,"date":"2024-12-13T18:21:07","date_gmt":"2024-12-13T18:21:07","guid":{"rendered":"https:\/\/motovitalex.md\/?post_type=product&#038;p=1326"},"modified":"2024-12-13T19:04:40","modified_gmt":"2024-12-13T19:04:40","slug":"kit-piston-95-00mm-std-195n","status":"publish","type":"product","link":"https:\/\/motovitalex.md\/ru\/product\/kit-piston-95-00mm-std-195n\/","title":{"rendered":"Chit piston 95.00mm STD &#8211; 195N"},"content":{"rendered":"<p>Setul de piston 95,0 mm STD\u00a0 &#8211; 195N este potrivit pentru motoarele diesel ale tractoarelor cu motor de 12 CP. ,cu racire cu apa.<\/p>\n<p>Diametrul exterior sus\/jos (mm) &#8211; 94,23 \/ 94,73<\/p>\n<p>Distan\u021ba de la deget p\u00e2n\u0103 la v\u00e2rful pistonului (mm) &#8211; 40,45<\/p>\n<p>\u00cen\u0103l\u021bimea total\u0103 (mm) &#8211; 94<\/p>\n<p>Lungimea degetului (mm) &#8211; 77<\/p>\n<p>Diametrul degetului (mm) &#8211; 28<\/p>\n<p>Greutate (gr.) &#8211; 1100 \/ 1150<\/p>","protected":false},"excerpt":{"rendered":"<p>Setul de piston 95,0 mm STD\u00a0 &#8211; 195N este potrivit pentru motoarele diesel ale tractoarelor cu motor de 12 CP. ,cu racire cu apa. Diametrul exterior sus\/jos (mm) &#8211; 94,23 \/ 94,73 Distan\u021ba de la deget p\u00e2n\u0103 la v\u00e2rful pistonului (mm) &#8211; 40,45 \u00cen\u0103l\u021bimea total\u0103 (mm) &#8211; 94 Lungimea degetului (mm) &#8211; 77 Diametrul degetului&hellip;<\/p>","protected":false},"featured_media":1327,"template":"","meta":[],"product_cat":[64],"product_tag":[],"class_list":{"0":"post-1326","1":"product","2":"type-product","3":"status-publish","4":"has-post-thumbnail","6":"product_cat-piese-auto","8":"first","9":"instock","10":"shipping-taxable","11":"product-type-simple"},"_links":{"self":[{"href":"https:\/\/motovitalex.md\/ru\/wp-json\/wp\/v2\/product\/1326","targetHints":{"allow":["GET"]}}],"collection":[{"href":"https:\/\/motovitalex.md\/ru\/wp-json\/wp\/v2\/product"}],"about":[{"href":"https:\/\/motovitalex.md\/ru\/wp-json\/wp\/v2\/types\/product"}],"version-history":[{"count":2,"href":"https:\/\/motovitalex.md\/ru\/wp-json\/wp\/v2\/product\/1326\/revisions"}],"predecessor-version":[{"id":1349,"href":"https:\/\/motovitalex.md\/ru\/wp-json\/wp\/v2\/product\/1326\/revisions\/1349"}],"wp:featuredmedia":[{"embeddable":true,"href":"https:\/\/motovitalex.md\/ru\/wp-json\/wp\/v2\/media\/1327"}],"wp:attachment":[{"href":"https:\/\/motovitalex.md\/ru\/wp-json\/wp\/v2\/media?parent=1326"}],"wp:term":[{"taxonomy":"product_cat","embeddable":true,"href":"https:\/\/motovitalex.md\/ru\/wp-json\/wp\/v2\/product_cat?post=1326"},{"taxonomy":"product_tag","embeddable":true,"href":"https:\/\/motovitalex.md\/ru\/wp-json\/wp\/v2\/product_tag?post=1326"}],"curies":[{"name":"wp","href":"https:\/\/api.w.org\/{rel}","templated":true}]}}