{"id":1323,"date":"2024-12-13T18:17:05","date_gmt":"2024-12-13T18:17:05","guid":{"rendered":"https:\/\/motovitalex.md\/?post_type=product&#038;p=1323"},"modified":"2024-12-13T19:05:17","modified_gmt":"2024-12-13T19:05:17","slug":"kit-piston-9200-mm-std-192n","status":"publish","type":"product","link":"https:\/\/motovitalex.md\/ru\/product\/kit-piston-9200-mm-std-192n\/","title":{"rendered":"Chit piston 92,00 mm STD &#8211; 192N"},"content":{"rendered":"<p>Setul piston 92.0 mm STD &#8211; 192N este potrivit pentru motoarele diesel ale tractoarelor \u0219i bloc-motoare cu o putere de 12 CP., cu racire cu apa.<\/p>\n<p>Diametrul exterior (mm) &#8211; 91,8<\/p>\n<p>Distan\u021ba de la \u0219tift la v\u00e2rful pistonului (mm) &#8211; 31,4<\/p>\n<p>\u00cen\u0103l\u021bimea total\u0103 (mm) &#8211; 86<\/p>\n<p>Lungimea degetului (mm) &#8211; 66,5<\/p>\n<p>Diametrul degetului (mm) &#8211; 28<\/p>\n<p>Grosimea inelului (buc.\/mm) &#8211; 3*2,5; 1*5<\/p>\n<p>Greutate net\u0103 \/ brut\u0103 (g) &#8211; 845 \/ 890<\/p>","protected":false},"excerpt":{"rendered":"<p>Setul piston 92.0 mm STD &#8211; 192N este potrivit pentru motoarele diesel ale tractoarelor \u0219i bloc-motoare cu o putere de 12 CP., cu racire cu apa. Diametrul exterior (mm) &#8211; 91,8 Distan\u021ba de la \u0219tift la v\u00e2rful pistonului (mm) &#8211; 31,4 \u00cen\u0103l\u021bimea total\u0103 (mm) &#8211; 86 Lungimea degetului (mm) &#8211; 66,5 Diametrul degetului (mm) &#8211;&hellip;<\/p>","protected":false},"featured_media":1324,"template":"","meta":[],"product_cat":[64],"product_tag":[],"class_list":{"0":"post-1323","1":"product","2":"type-product","3":"status-publish","4":"has-post-thumbnail","6":"product_cat-piese-auto","8":"first","9":"instock","10":"shipping-taxable","11":"product-type-simple"},"_links":{"self":[{"href":"https:\/\/motovitalex.md\/ru\/wp-json\/wp\/v2\/product\/1323","targetHints":{"allow":["GET"]}}],"collection":[{"href":"https:\/\/motovitalex.md\/ru\/wp-json\/wp\/v2\/product"}],"about":[{"href":"https:\/\/motovitalex.md\/ru\/wp-json\/wp\/v2\/types\/product"}],"version-history":[{"count":2,"href":"https:\/\/motovitalex.md\/ru\/wp-json\/wp\/v2\/product\/1323\/revisions"}],"predecessor-version":[{"id":1350,"href":"https:\/\/motovitalex.md\/ru\/wp-json\/wp\/v2\/product\/1323\/revisions\/1350"}],"wp:featuredmedia":[{"embeddable":true,"href":"https:\/\/motovitalex.md\/ru\/wp-json\/wp\/v2\/media\/1324"}],"wp:attachment":[{"href":"https:\/\/motovitalex.md\/ru\/wp-json\/wp\/v2\/media?parent=1323"}],"wp:term":[{"taxonomy":"product_cat","embeddable":true,"href":"https:\/\/motovitalex.md\/ru\/wp-json\/wp\/v2\/product_cat?post=1323"},{"taxonomy":"product_tag","embeddable":true,"href":"https:\/\/motovitalex.md\/ru\/wp-json\/wp\/v2\/product_tag?post=1323"}],"curies":[{"name":"wp","href":"https:\/\/api.w.org\/{rel}","templated":true}]}}