{"id":1319,"date":"2024-12-13T18:14:03","date_gmt":"2024-12-13T18:14:03","guid":{"rendered":"https:\/\/motovitalex.md\/?post_type=product&#038;p=1319"},"modified":"2024-12-13T19:06:08","modified_gmt":"2024-12-13T19:06:08","slug":"kit-piston-9000-mm-std-190f","status":"publish","type":"product","link":"https:\/\/motovitalex.md\/ru\/product\/kit-piston-9000-mm-std-190f\/","title":{"rendered":"Chit piston 90,00 mm STD &#8211; 190F"},"content":{"rendered":"<p>Chit piston \u00d890mm STD &#8211; 190F este potrivit pentru motoarele pe benzina ale tractoarelor, motocultoare, motopompe, freze zapada si alte echipamente, cu o putere de 13 CP. ,aer r\u0103cit.<\/p>\n<p>Diametrul pistonului (mm.) &#8211; 89,77<\/p>\n<p>\u00cen\u0103l\u021bimea de la bol\u021b p\u00e2n\u0103 la v\u00e2rful pistonului (mm) &#8211; 17,8<\/p>\n<p>Diametrul degetului (mm) &#8211; 20<\/p>\n<p>Greutate brut\u0103\/net\u0103 (gr.) &#8211; 460\/430<\/p>","protected":false},"excerpt":{"rendered":"<p>Chit piston \u00d890mm STD &#8211; 190F este potrivit pentru motoarele pe benzina ale tractoarelor, motocultoare, motopompe, freze zapada si alte echipamente, cu o putere de 13 CP. ,aer r\u0103cit. Diametrul pistonului (mm.) &#8211; 89,77 \u00cen\u0103l\u021bimea de la bol\u021b p\u00e2n\u0103 la v\u00e2rful pistonului (mm) &#8211; 17,8 Diametrul degetului (mm) &#8211; 20 Greutate brut\u0103\/net\u0103 (gr.) &#8211; 460\/430<\/p>","protected":false},"featured_media":1321,"template":"","meta":[],"product_cat":[64],"product_tag":[],"class_list":{"0":"post-1319","1":"product","2":"type-product","3":"status-publish","4":"has-post-thumbnail","6":"product_cat-piese-auto","8":"first","9":"instock","10":"shipping-taxable","11":"product-type-simple"},"_links":{"self":[{"href":"https:\/\/motovitalex.md\/ru\/wp-json\/wp\/v2\/product\/1319","targetHints":{"allow":["GET"]}}],"collection":[{"href":"https:\/\/motovitalex.md\/ru\/wp-json\/wp\/v2\/product"}],"about":[{"href":"https:\/\/motovitalex.md\/ru\/wp-json\/wp\/v2\/types\/product"}],"version-history":[{"count":2,"href":"https:\/\/motovitalex.md\/ru\/wp-json\/wp\/v2\/product\/1319\/revisions"}],"predecessor-version":[{"id":1351,"href":"https:\/\/motovitalex.md\/ru\/wp-json\/wp\/v2\/product\/1319\/revisions\/1351"}],"wp:featuredmedia":[{"embeddable":true,"href":"https:\/\/motovitalex.md\/ru\/wp-json\/wp\/v2\/media\/1321"}],"wp:attachment":[{"href":"https:\/\/motovitalex.md\/ru\/wp-json\/wp\/v2\/media?parent=1319"}],"wp:term":[{"taxonomy":"product_cat","embeddable":true,"href":"https:\/\/motovitalex.md\/ru\/wp-json\/wp\/v2\/product_cat?post=1319"},{"taxonomy":"product_tag","embeddable":true,"href":"https:\/\/motovitalex.md\/ru\/wp-json\/wp\/v2\/product_tag?post=1319"}],"curies":[{"name":"wp","href":"https:\/\/api.w.org\/{rel}","templated":true}]}}