{"id":1313,"date":"2024-12-13T18:04:20","date_gmt":"2024-12-13T18:04:20","guid":{"rendered":"https:\/\/motovitalex.md\/?post_type=product&#038;p=1313"},"modified":"2024-12-13T19:07:39","modified_gmt":"2024-12-13T19:07:39","slug":"kit-piston-86-mm-std-pentru-motor-diesel-186f-con-precamera-obtuz","status":"publish","type":"product","link":"https:\/\/motovitalex.md\/ru\/product\/kit-piston-86-mm-std-pentru-motor-diesel-186f-con-precamera-obtuz\/","title":{"rendered":"Chit piston 86 mm STD pentru motor diesel 186F( con precamera obtuz)"},"content":{"rendered":"<p>Chit piston 86 mm STD pentru motorul diesel 186F cu con de precamer\u0103 contondent este proiectat pentru utilizare la motoare cu o putere de 10 CP., aer r\u0103cit.<\/p>\n<p>Setul include piston, bol\u021b de piston, inele \u0219i inele de siguran\u021b\u0103.<\/p>\n<p><strong> Specifica\u021bii Chit piston:<\/strong><\/p>\n<p>\u2022 Diametru piston: 86 mm (STD).<\/p>\n<p>\u2022 \u00cen\u0103l\u021bimea pistonului: 78 mm.<\/p>\n<p>\u2022 Diametrul degetului: 23 mm.<\/p>\n<p>\u2022 Grosimea inelelor: 2 mm (2 buc.), 4 mm (1 buc.).<\/p>\n<p>\u2022 Distan\u021ba de la partea superioar\u0103 a pistonului la \u0219tift: 25,5 mm.<\/p>\n<p>\u2022 Greutate cu ambalaj: 660 grame.<\/p>\n<p>Setul de piston este o parte important\u0103 a motorului responsabil\u0103 pentru crearea volumului de lucru \u0219i deplasarea gazelor \u00een interiorul cilindrului. Setul este realizat din materiale de \u00eenalt\u0103 calitate, asigur\u00e2nd fiabilitatea \u0219i durabilitatea motorului.<\/p>","protected":false},"excerpt":{"rendered":"<p>Chit piston 86 mm STD pentru motorul diesel 186F cu con de precamer\u0103 contondent este proiectat pentru utilizare la motoare cu o putere de 10 CP., aer r\u0103cit. Setul include piston, bol\u021b de piston, inele \u0219i inele de siguran\u021b\u0103. Specifica\u021bii Chit piston: \u2022 Diametru piston: 86 mm (STD). \u2022 \u00cen\u0103l\u021bimea pistonului: 78 mm. \u2022 Diametrul&hellip;<\/p>","protected":false},"featured_media":1314,"template":"","meta":[],"product_cat":[64],"product_tag":[],"class_list":{"0":"post-1313","1":"product","2":"type-product","3":"status-publish","4":"has-post-thumbnail","6":"product_cat-piese-auto","8":"first","9":"instock","10":"shipping-taxable","11":"product-type-simple"},"_links":{"self":[{"href":"https:\/\/motovitalex.md\/ru\/wp-json\/wp\/v2\/product\/1313","targetHints":{"allow":["GET"]}}],"collection":[{"href":"https:\/\/motovitalex.md\/ru\/wp-json\/wp\/v2\/product"}],"about":[{"href":"https:\/\/motovitalex.md\/ru\/wp-json\/wp\/v2\/types\/product"}],"version-history":[{"count":2,"href":"https:\/\/motovitalex.md\/ru\/wp-json\/wp\/v2\/product\/1313\/revisions"}],"predecessor-version":[{"id":1353,"href":"https:\/\/motovitalex.md\/ru\/wp-json\/wp\/v2\/product\/1313\/revisions\/1353"}],"wp:featuredmedia":[{"embeddable":true,"href":"https:\/\/motovitalex.md\/ru\/wp-json\/wp\/v2\/media\/1314"}],"wp:attachment":[{"href":"https:\/\/motovitalex.md\/ru\/wp-json\/wp\/v2\/media?parent=1313"}],"wp:term":[{"taxonomy":"product_cat","embeddable":true,"href":"https:\/\/motovitalex.md\/ru\/wp-json\/wp\/v2\/product_cat?post=1313"},{"taxonomy":"product_tag","embeddable":true,"href":"https:\/\/motovitalex.md\/ru\/wp-json\/wp\/v2\/product_tag?post=1313"}],"curies":[{"name":"wp","href":"https:\/\/api.w.org\/{rel}","templated":true}]}}