{"id":1303,"date":"2024-12-13T17:41:18","date_gmt":"2024-12-13T17:41:18","guid":{"rendered":"https:\/\/motovitalex.md\/?post_type=product&#038;p=1303"},"modified":"2024-12-13T19:09:45","modified_gmt":"2024-12-13T19:09:45","slug":"kit-piston-7700-mm-std-177f","status":"publish","type":"product","link":"https:\/\/motovitalex.md\/ru\/product\/kit-piston-7700-mm-std-177f\/","title":{"rendered":"Chit piston 77,00 mm STD &#8211; 177F"},"content":{"rendered":"<p>Chit piston \u00d877,0 mm STD &#8211; 177F este potrivit pentru motoarele pe benzin\u0103 ale tractoarelor, generatoare, etc., cu o putere de 10 CP. ,aer r\u0103cit.<\/p>\n<p>Diametrul pistonului (mm) &#8211; 76,84<\/p>\n<p>Distan\u021ba de la deget p\u00e2n\u0103 la v\u00e2rful pistonului (mm) &#8211; 16,75<\/p>\n<p>Greutate setat\u0103 (gr.) &#8211; 342<\/p>","protected":false},"excerpt":{"rendered":"<p>Chit piston \u00d877,0 mm STD &#8211; 177F este potrivit pentru motoarele pe benzin\u0103 ale tractoarelor, generatoare, etc., cu o putere de 10 CP. ,aer r\u0103cit. Diametrul pistonului (mm) &#8211; 76,84 Distan\u021ba de la deget p\u00e2n\u0103 la v\u00e2rful pistonului (mm) &#8211; 16,75 Greutate setat\u0103 (gr.) &#8211; 342<\/p>","protected":false},"featured_media":1304,"template":"","meta":[],"product_cat":[64],"product_tag":[],"class_list":{"0":"post-1303","1":"product","2":"type-product","3":"status-publish","4":"has-post-thumbnail","6":"product_cat-piese-auto","8":"first","9":"instock","10":"shipping-taxable","11":"product-type-simple"},"_links":{"self":[{"href":"https:\/\/motovitalex.md\/ru\/wp-json\/wp\/v2\/product\/1303","targetHints":{"allow":["GET"]}}],"collection":[{"href":"https:\/\/motovitalex.md\/ru\/wp-json\/wp\/v2\/product"}],"about":[{"href":"https:\/\/motovitalex.md\/ru\/wp-json\/wp\/v2\/types\/product"}],"version-history":[{"count":2,"href":"https:\/\/motovitalex.md\/ru\/wp-json\/wp\/v2\/product\/1303\/revisions"}],"predecessor-version":[{"id":1356,"href":"https:\/\/motovitalex.md\/ru\/wp-json\/wp\/v2\/product\/1303\/revisions\/1356"}],"wp:featuredmedia":[{"embeddable":true,"href":"https:\/\/motovitalex.md\/ru\/wp-json\/wp\/v2\/media\/1304"}],"wp:attachment":[{"href":"https:\/\/motovitalex.md\/ru\/wp-json\/wp\/v2\/media?parent=1303"}],"wp:term":[{"taxonomy":"product_cat","embeddable":true,"href":"https:\/\/motovitalex.md\/ru\/wp-json\/wp\/v2\/product_cat?post=1303"},{"taxonomy":"product_tag","embeddable":true,"href":"https:\/\/motovitalex.md\/ru\/wp-json\/wp\/v2\/product_tag?post=1303"}],"curies":[{"name":"wp","href":"https:\/\/api.w.org\/{rel}","templated":true}]}}