{"id":1297,"date":"2024-12-13T15:21:32","date_gmt":"2024-12-13T15:21:32","guid":{"rendered":"https:\/\/motovitalex.md\/?post_type=product&#038;p=1297"},"modified":"2024-12-13T15:21:32","modified_gmt":"2024-12-13T15:21:32","slug":"inele-std-pentru-motor-pe-benzina-168f-68-00-mm","status":"publish","type":"product","link":"https:\/\/motovitalex.md\/ru\/product\/inele-std-pentru-motor-pe-benzina-168f-68-00-mm\/","title":{"rendered":"Inele STD  pentru motor pe benzina 168F, 68.00 mm"},"content":{"rendered":"<p>Inele STD\u00a0 pentru motor pe benzina 168F, 68,00 mm &#8211; elemente ale grupului piston motor care asigura etansitatea camerei de ardere. Setul este proiectat pentru instalare pe un piston standard cu un diametru de 68 mm.<\/p>\n<p><strong> Setul este format din cinci inele:<\/strong><\/p>\n<p>\u2022 Prima compresie &#8211; din otel aliat, are un strat special pe suprafata laterala;<\/p>\n<p>\u2022 A doua compresie &#8211; din font\u0103 gri neacoperit\u0103;<\/p>\n<p>\u2022 Rac\u0103toarea sub\u021bire de ulei serve\u0219te la cur\u0103\u021barea pere\u021bilor cilindrului de excesul de ulei;<\/p>\n<p>\u2022 Inel-separator &#8211; un arc din o\u021bel care creeaz\u0103 un spa\u021biu \u00eentre inelele racletei de ulei;<\/p>\n<p>\u2022 Al doilea r\u0103zuitor sub\u021bire de ulei este un element din o\u021bel care func\u021bioneaz\u0103 \u00een tandem cu primul inel r\u0103zuitor de ulei.<\/p>\n<p>Calitatea \u0219i uzura segmentelor de piston afecteaz\u0103 direct performan\u021ba unit\u0103\u021bii de putere. <strong>O sc\u0103dere a compresiei, o sc\u0103dere a puterii, apari\u021bia fumului \u00een gazele de e\u0219apament pot indica necesitatea \u00eenlocuirii unui set de inele.<\/strong><\/p>","protected":false},"excerpt":{"rendered":"<p>Inele STD\u00a0 pentru motor pe benzina 168F, 68,00 mm &#8211; elemente ale grupului piston motor care asigura etansitatea camerei de ardere. Setul este proiectat pentru instalare pe un piston standard cu un diametru de 68 mm. Setul este format din cinci inele: \u2022 Prima compresie &#8211; din otel aliat, are un strat special pe suprafata&hellip;<\/p>","protected":false},"featured_media":1298,"template":"","meta":[],"product_cat":[64],"product_tag":[],"class_list":{"0":"post-1297","1":"product","2":"type-product","3":"status-publish","4":"has-post-thumbnail","6":"product_cat-piese-auto","8":"first","9":"instock","10":"shipping-taxable","11":"product-type-simple"},"_links":{"self":[{"href":"https:\/\/motovitalex.md\/ru\/wp-json\/wp\/v2\/product\/1297","targetHints":{"allow":["GET"]}}],"collection":[{"href":"https:\/\/motovitalex.md\/ru\/wp-json\/wp\/v2\/product"}],"about":[{"href":"https:\/\/motovitalex.md\/ru\/wp-json\/wp\/v2\/types\/product"}],"version-history":[{"count":1,"href":"https:\/\/motovitalex.md\/ru\/wp-json\/wp\/v2\/product\/1297\/revisions"}],"predecessor-version":[{"id":1299,"href":"https:\/\/motovitalex.md\/ru\/wp-json\/wp\/v2\/product\/1297\/revisions\/1299"}],"wp:featuredmedia":[{"embeddable":true,"href":"https:\/\/motovitalex.md\/ru\/wp-json\/wp\/v2\/media\/1298"}],"wp:attachment":[{"href":"https:\/\/motovitalex.md\/ru\/wp-json\/wp\/v2\/media?parent=1297"}],"wp:term":[{"taxonomy":"product_cat","embeddable":true,"href":"https:\/\/motovitalex.md\/ru\/wp-json\/wp\/v2\/product_cat?post=1297"},{"taxonomy":"product_tag","embeddable":true,"href":"https:\/\/motovitalex.md\/ru\/wp-json\/wp\/v2\/product_tag?post=1297"}],"curies":[{"name":"wp","href":"https:\/\/api.w.org\/{rel}","templated":true}]}}