{"id":1290,"date":"2024-12-13T15:09:21","date_gmt":"2024-12-13T15:09:21","guid":{"rendered":"https:\/\/motovitalex.md\/?post_type=product&#038;p=1290"},"modified":"2024-12-13T15:09:21","modified_gmt":"2024-12-13T15:09:21","slug":"inele-std-pentru-motor-diesel-190n-set-pentru-1-piston-90-00-mm","status":"publish","type":"product","link":"https:\/\/motovitalex.md\/ru\/product\/inele-std-pentru-motor-diesel-190n-set-pentru-1-piston-90-00-mm\/","title":{"rendered":"Inele STD  pentru motor diesel 190N ( set pentru 1 piston), 90.00 mm"},"content":{"rendered":"<p>Piesele sunt parte integrant\u0103 a grupului de piston \u0219i servesc la etan\u0219area jonc\u021biunii pistonului \u0219i a pere\u021bilor cilindrului pentru a cre\u0219te raportul de compresie \u0219i a cre\u0219te eficien\u021ba \u0219i puterea motorului. Instalat \u00een caneluri de pe suprafa\u021ba exterioar\u0103 a pistonului.<\/p>\n<p><strong>Setul este format din patru inele:<\/strong> primul inel de compresie din o\u021bel, dou\u0103 inele de compresie din font\u0103 \u0219i o raclet\u0103 de ulei de design complex.<\/p>\n<p>Inelele au un diametru pentru un piston standard, un man\u0219on de 90,00 mm \u0219i sunt proiectate pentru instalare \u00eentr-un sistem de piston nou sau u\u0219or uzat. Un semn de uzur\u0103 a inelului este o sc\u0103dere a puterii motorului \u0219i o sc\u0103dere a compresiei \u00een cilindru. <strong>Diagnosticarea \u00een timp util \u0219i \u00eenlocuirea segmentelor de piston vor cre\u0219te semnificativ durata de via\u021b\u0103 a motorului.<\/strong><\/p>","protected":false},"excerpt":{"rendered":"<p>Piesele sunt parte integrant\u0103 a grupului de piston \u0219i servesc la etan\u0219area jonc\u021biunii pistonului \u0219i a pere\u021bilor cilindrului pentru a cre\u0219te raportul de compresie \u0219i a cre\u0219te eficien\u021ba \u0219i puterea motorului. Instalat \u00een caneluri de pe suprafa\u021ba exterioar\u0103 a pistonului. Setul este format din patru inele: primul inel de compresie din o\u021bel, dou\u0103 inele de&hellip;<\/p>","protected":false},"featured_media":1291,"template":"","meta":[],"product_cat":[64],"product_tag":[],"class_list":{"0":"post-1290","1":"product","2":"type-product","3":"status-publish","4":"has-post-thumbnail","6":"product_cat-piese-auto","8":"first","9":"instock","10":"shipping-taxable","11":"product-type-simple"},"_links":{"self":[{"href":"https:\/\/motovitalex.md\/ru\/wp-json\/wp\/v2\/product\/1290","targetHints":{"allow":["GET"]}}],"collection":[{"href":"https:\/\/motovitalex.md\/ru\/wp-json\/wp\/v2\/product"}],"about":[{"href":"https:\/\/motovitalex.md\/ru\/wp-json\/wp\/v2\/types\/product"}],"version-history":[{"count":1,"href":"https:\/\/motovitalex.md\/ru\/wp-json\/wp\/v2\/product\/1290\/revisions"}],"predecessor-version":[{"id":1292,"href":"https:\/\/motovitalex.md\/ru\/wp-json\/wp\/v2\/product\/1290\/revisions\/1292"}],"wp:featuredmedia":[{"embeddable":true,"href":"https:\/\/motovitalex.md\/ru\/wp-json\/wp\/v2\/media\/1291"}],"wp:attachment":[{"href":"https:\/\/motovitalex.md\/ru\/wp-json\/wp\/v2\/media?parent=1290"}],"wp:term":[{"taxonomy":"product_cat","embeddable":true,"href":"https:\/\/motovitalex.md\/ru\/wp-json\/wp\/v2\/product_cat?post=1290"},{"taxonomy":"product_tag","embeddable":true,"href":"https:\/\/motovitalex.md\/ru\/wp-json\/wp\/v2\/product_tag?post=1290"}],"curies":[{"name":"wp","href":"https:\/\/api.w.org\/{rel}","templated":true}]}}