{"id":1287,"date":"2024-12-13T15:04:24","date_gmt":"2024-12-13T15:04:24","guid":{"rendered":"https:\/\/motovitalex.md\/?post_type=product&#038;p=1287"},"modified":"2024-12-13T15:04:24","modified_gmt":"2024-12-13T15:04:24","slug":"inele-std-pentru-motor-diesel-178f-78-00-mm-set-pentru-1-piston","status":"publish","type":"product","link":"https:\/\/motovitalex.md\/ru\/product\/inele-std-pentru-motor-diesel-178f-78-00-mm-set-pentru-1-piston\/","title":{"rendered":"Inele STD pentru motor diesel 178F, 78.00 mm (set pentru 1 piston)"},"content":{"rendered":"<p>Inelele STD\u00a0 pentru motor diesel 178F, 78.00 mm, set pentru 1 piston- fac parte integrant\u0103 din grupul ICE cilindru-piston. Piesele de schimb sunt instalate \u00een caneluri de pe suprafa\u021ba exterioar\u0103 a pistonului \u0219i creeaz\u0103 o etan\u0219are suplimentar\u0103 \u00een punctul de contact cu pere\u021bii cilindrului.<\/p>\n<p><strong>Setul este format din trei inele:<\/strong> dou\u0103 inele de compresie, instalate \u00een partea superioar\u0103 a pistonului \u0219i un racletor de ulei, conceput pentru a drena excesul de ulei de pe pere\u021bii cilindrului.<\/p>\n<p>Inelele sunt realizate din font\u0103 \u0219i sunt capabile s\u0103 func\u021bioneze la temperaturi ridicate \u0219i la sarcini dinamice mari care apar \u00een camera de ardere a unui motor diesel. Aceste inele sunt instalate \u00een unitatea de putere f\u0103r\u0103 uzur\u0103 semnificativ\u0103 a CPG \u0219i au dimensiuni geometrice standard.<\/p>","protected":false},"excerpt":{"rendered":"<p>Inelele STD\u00a0 pentru motor diesel 178F, 78.00 mm, set pentru 1 piston- fac parte integrant\u0103 din grupul ICE cilindru-piston. Piesele de schimb sunt instalate \u00een caneluri de pe suprafa\u021ba exterioar\u0103 a pistonului \u0219i creeaz\u0103 o etan\u0219are suplimentar\u0103 \u00een punctul de contact cu pere\u021bii cilindrului. Setul este format din trei inele: dou\u0103 inele de compresie, instalate&hellip;<\/p>","protected":false},"featured_media":1288,"template":"","meta":[],"product_cat":[64],"product_tag":[],"class_list":{"0":"post-1287","1":"product","2":"type-product","3":"status-publish","4":"has-post-thumbnail","6":"product_cat-piese-auto","8":"first","9":"instock","10":"shipping-taxable","11":"product-type-simple"},"_links":{"self":[{"href":"https:\/\/motovitalex.md\/ru\/wp-json\/wp\/v2\/product\/1287","targetHints":{"allow":["GET"]}}],"collection":[{"href":"https:\/\/motovitalex.md\/ru\/wp-json\/wp\/v2\/product"}],"about":[{"href":"https:\/\/motovitalex.md\/ru\/wp-json\/wp\/v2\/types\/product"}],"version-history":[{"count":1,"href":"https:\/\/motovitalex.md\/ru\/wp-json\/wp\/v2\/product\/1287\/revisions"}],"predecessor-version":[{"id":1289,"href":"https:\/\/motovitalex.md\/ru\/wp-json\/wp\/v2\/product\/1287\/revisions\/1289"}],"wp:featuredmedia":[{"embeddable":true,"href":"https:\/\/motovitalex.md\/ru\/wp-json\/wp\/v2\/media\/1288"}],"wp:attachment":[{"href":"https:\/\/motovitalex.md\/ru\/wp-json\/wp\/v2\/media?parent=1287"}],"wp:term":[{"taxonomy":"product_cat","embeddable":true,"href":"https:\/\/motovitalex.md\/ru\/wp-json\/wp\/v2\/product_cat?post=1287"},{"taxonomy":"product_tag","embeddable":true,"href":"https:\/\/motovitalex.md\/ru\/wp-json\/wp\/v2\/product_tag?post=1287"}],"curies":[{"name":"wp","href":"https:\/\/api.w.org\/{rel}","templated":true}]}}