{"id":1273,"date":"2024-12-13T14:47:26","date_gmt":"2024-12-13T14:47:26","guid":{"rendered":"https:\/\/motovitalex.md\/?post_type=product&#038;p=1273"},"modified":"2024-12-13T14:47:26","modified_gmt":"2024-12-13T14:47:26","slug":"inele-90-00-mm-std-set-pentru-1-piston-190f","status":"publish","type":"product","link":"https:\/\/motovitalex.md\/ru\/product\/inele-90-00-mm-std-set-pentru-1-piston-190f\/","title":{"rendered":"Inele 90.00 mm STD (set pentru 1 piston )- 190F"},"content":{"rendered":"<p>Inelele \u00d890,0mm STD &#8211; 190F sunt potrivite pentru motoarele pe benzin\u0103 ale tractoarelor, motocultoare, motopompe, freze de z\u0103pad\u0103 \u0219i alte echipamente, cu o putere de 15 CP., aer r\u0103cit.<\/p>\n<p>Grosimea inelului (mm) &#8211; 2<\/p>\n<p>Greutate (gr.) &#8211; 35<\/p>","protected":false},"excerpt":{"rendered":"<p>Inelele \u00d890,0mm STD &#8211; 190F sunt potrivite pentru motoarele pe benzin\u0103 ale tractoarelor, motocultoare, motopompe, freze de z\u0103pad\u0103 \u0219i alte echipamente, cu o putere de 15 CP., aer r\u0103cit. Grosimea inelului (mm) &#8211; 2 Greutate (gr.) &#8211; 35<\/p>","protected":false},"featured_media":1274,"template":"","meta":[],"product_cat":[64],"product_tag":[],"class_list":{"0":"post-1273","1":"product","2":"type-product","3":"status-publish","4":"has-post-thumbnail","6":"product_cat-piese-auto","8":"first","9":"instock","10":"shipping-taxable","11":"product-type-simple"},"_links":{"self":[{"href":"https:\/\/motovitalex.md\/ru\/wp-json\/wp\/v2\/product\/1273","targetHints":{"allow":["GET"]}}],"collection":[{"href":"https:\/\/motovitalex.md\/ru\/wp-json\/wp\/v2\/product"}],"about":[{"href":"https:\/\/motovitalex.md\/ru\/wp-json\/wp\/v2\/types\/product"}],"version-history":[{"count":1,"href":"https:\/\/motovitalex.md\/ru\/wp-json\/wp\/v2\/product\/1273\/revisions"}],"predecessor-version":[{"id":1275,"href":"https:\/\/motovitalex.md\/ru\/wp-json\/wp\/v2\/product\/1273\/revisions\/1275"}],"wp:featuredmedia":[{"embeddable":true,"href":"https:\/\/motovitalex.md\/ru\/wp-json\/wp\/v2\/media\/1274"}],"wp:attachment":[{"href":"https:\/\/motovitalex.md\/ru\/wp-json\/wp\/v2\/media?parent=1273"}],"wp:term":[{"taxonomy":"product_cat","embeddable":true,"href":"https:\/\/motovitalex.md\/ru\/wp-json\/wp\/v2\/product_cat?post=1273"},{"taxonomy":"product_tag","embeddable":true,"href":"https:\/\/motovitalex.md\/ru\/wp-json\/wp\/v2\/product_tag?post=1273"}],"curies":[{"name":"wp","href":"https:\/\/api.w.org\/{rel}","templated":true}]}}