{"id":1264,"date":"2024-12-13T14:34:26","date_gmt":"2024-12-13T14:34:26","guid":{"rendered":"https:\/\/motovitalex.md\/?post_type=product&#038;p=1264"},"modified":"2024-12-13T14:34:26","modified_gmt":"2024-12-13T14:34:26","slug":"inele-77-00-mm-std-set-pentru-1-piston-177f","status":"publish","type":"product","link":"https:\/\/motovitalex.md\/ru\/product\/inele-77-00-mm-std-set-pentru-1-piston-177f\/","title":{"rendered":"Inele 77.00 mm STD (set pentru 1 piston )- 177F"},"content":{"rendered":"<p>Inelele \u00d877,0 mm STD &#8211; 177F sunt potrivite pentru motoarele pe benzin\u0103 ale tractoarelor, generatoare, etc., cu o putere de 9 CP. ,aer r\u0103cit.<\/p>\n<p>Grosimea inelului (mm) &#8211; 2<\/p>\n<p>Latime (mm) &#8211; 3,5<\/p>\n<p>Greutate (gr.) &#8211; 30<\/p>","protected":false},"excerpt":{"rendered":"<p>Inelele \u00d877,0 mm STD &#8211; 177F sunt potrivite pentru motoarele pe benzin\u0103 ale tractoarelor, generatoare, etc., cu o putere de 9 CP. ,aer r\u0103cit. Grosimea inelului (mm) &#8211; 2 Latime (mm) &#8211; 3,5 Greutate (gr.) &#8211; 30<\/p>","protected":false},"featured_media":1265,"template":"","meta":[],"product_cat":[64],"product_tag":[],"class_list":{"0":"post-1264","1":"product","2":"type-product","3":"status-publish","4":"has-post-thumbnail","6":"product_cat-piese-auto","8":"first","9":"instock","10":"shipping-taxable","11":"product-type-simple"},"_links":{"self":[{"href":"https:\/\/motovitalex.md\/ru\/wp-json\/wp\/v2\/product\/1264","targetHints":{"allow":["GET"]}}],"collection":[{"href":"https:\/\/motovitalex.md\/ru\/wp-json\/wp\/v2\/product"}],"about":[{"href":"https:\/\/motovitalex.md\/ru\/wp-json\/wp\/v2\/types\/product"}],"version-history":[{"count":1,"href":"https:\/\/motovitalex.md\/ru\/wp-json\/wp\/v2\/product\/1264\/revisions"}],"predecessor-version":[{"id":1266,"href":"https:\/\/motovitalex.md\/ru\/wp-json\/wp\/v2\/product\/1264\/revisions\/1266"}],"wp:featuredmedia":[{"embeddable":true,"href":"https:\/\/motovitalex.md\/ru\/wp-json\/wp\/v2\/media\/1265"}],"wp:attachment":[{"href":"https:\/\/motovitalex.md\/ru\/wp-json\/wp\/v2\/media?parent=1264"}],"wp:term":[{"taxonomy":"product_cat","embeddable":true,"href":"https:\/\/motovitalex.md\/ru\/wp-json\/wp\/v2\/product_cat?post=1264"},{"taxonomy":"product_tag","embeddable":true,"href":"https:\/\/motovitalex.md\/ru\/wp-json\/wp\/v2\/product_tag?post=1264"}],"curies":[{"name":"wp","href":"https:\/\/api.w.org\/{rel}","templated":true}]}}