{"id":1258,"date":"2024-12-13T14:24:23","date_gmt":"2024-12-13T14:24:23","guid":{"rendered":"https:\/\/motovitalex.md\/?post_type=product&#038;p=1258"},"modified":"2024-12-13T14:24:23","modified_gmt":"2024-12-13T14:24:23","slug":"inel-volant-pentru-motor-diesel-190n-z-120","status":"publish","type":"product","link":"https:\/\/motovitalex.md\/ru\/product\/inel-volant-pentru-motor-diesel-190n-z-120\/","title":{"rendered":"Inel volant pentru motor diesel 190N Z-120"},"content":{"rendered":"<p>Inelul volantului\u00a0 190N Z-120 este o pies\u0103 de schimb de calitate conceput\u0103 special pentru utilizarea cu motoarele diesel 190N cu o putere de 10 CP. ,cu racire cu apa.<span style=\"font-size: 1rem;\">Aceast\u0103 coroan\u0103 de volant\u0103 este fabricat\u0103 din o\u021bel rezistent, ceea ce asigur\u0103 fiabilitatea \u0219i durabilitatea func\u021bion\u0103rii sale.<\/span><\/p>\n<p><span style=\"font-size: 1rem;\"><strong> Principalele caracteristici ale coroanei volantului 190N Z-120:<\/strong> <\/span><\/p>\n<p><span style=\"font-size: 1rem;\">&#8211; Numar de dinti: 20;<\/span><\/p>\n<p><span style=\"font-size: 1rem;\"> &#8211; Diametru de aterizare: 332 mm ;<\/span><\/p>\n<p><span style=\"font-size: 1rem;\">&#8211; Diametru exterior: 362 mm;<\/span><\/p>\n<p><span style=\"font-size: 1rem;\"> &#8211; Latime: 14 mm;<\/span><\/p>\n<p><span style=\"font-size: 1rem;\"> &#8211; Greutate: 1600 g.<\/span><\/p>\n<p><span style=\"font-size: 1rem;\"> Scopul principal al coroanei volantului este de a crea o mas\u0103 iner\u021bial\u0103, care ajut\u0103 la netezirea vibra\u021biilor \u0219i asigur\u0103 func\u021bionarea lin\u0103 a motorului. C\u00e2nd motorul func\u021bioneaz\u0103, inelul volantului serve\u0219te la stocarea \u0219i eliberarea energiei, ceea ce permite rotirea uniform\u0103 a arborelui cotit. \u00cen plus, coroana volantului joac\u0103, de asemenea, un rol important \u00een procesul de pornire a motorului, ofer\u0103 iner\u021bia necesar\u0103 pentru a aduce arborele cotit \u00een rota\u021bie la pornirea motorului. Astfel, inelul volantului este parte integrant\u0103 a motorului \u0219i \u00eendepline\u0219te func\u021biile de netezire a vibra\u021biilor, de stocare a energiei \u0219i de a asigura o rotire lin\u0103 a arborelui cotit.<\/span><\/p>","protected":false},"excerpt":{"rendered":"<p>Inelul volantului\u00a0 190N Z-120 este o pies\u0103 de schimb de calitate conceput\u0103 special pentru utilizarea cu motoarele diesel 190N cu o putere de 10 CP. ,cu racire cu apa.Aceast\u0103 coroan\u0103 de volant\u0103 este fabricat\u0103 din o\u021bel rezistent, ceea ce asigur\u0103 fiabilitatea \u0219i durabilitatea func\u021bion\u0103rii sale. Principalele caracteristici ale coroanei volantului 190N Z-120: &#8211; Numar de&hellip;<\/p>","protected":false},"featured_media":1259,"template":"","meta":[],"product_cat":[64],"product_tag":[],"class_list":{"0":"post-1258","1":"product","2":"type-product","3":"status-publish","4":"has-post-thumbnail","6":"product_cat-piese-auto","8":"first","9":"instock","10":"shipping-taxable","11":"product-type-simple"},"_links":{"self":[{"href":"https:\/\/motovitalex.md\/ru\/wp-json\/wp\/v2\/product\/1258","targetHints":{"allow":["GET"]}}],"collection":[{"href":"https:\/\/motovitalex.md\/ru\/wp-json\/wp\/v2\/product"}],"about":[{"href":"https:\/\/motovitalex.md\/ru\/wp-json\/wp\/v2\/types\/product"}],"version-history":[{"count":1,"href":"https:\/\/motovitalex.md\/ru\/wp-json\/wp\/v2\/product\/1258\/revisions"}],"predecessor-version":[{"id":1260,"href":"https:\/\/motovitalex.md\/ru\/wp-json\/wp\/v2\/product\/1258\/revisions\/1260"}],"wp:featuredmedia":[{"embeddable":true,"href":"https:\/\/motovitalex.md\/ru\/wp-json\/wp\/v2\/media\/1259"}],"wp:attachment":[{"href":"https:\/\/motovitalex.md\/ru\/wp-json\/wp\/v2\/media?parent=1258"}],"wp:term":[{"taxonomy":"product_cat","embeddable":true,"href":"https:\/\/motovitalex.md\/ru\/wp-json\/wp\/v2\/product_cat?post=1258"},{"taxonomy":"product_tag","embeddable":true,"href":"https:\/\/motovitalex.md\/ru\/wp-json\/wp\/v2\/product_tag?post=1258"}],"curies":[{"name":"wp","href":"https:\/\/api.w.org\/{rel}","templated":true}]}}