{"id":1255,"date":"2024-12-13T14:16:08","date_gmt":"2024-12-13T14:16:08","guid":{"rendered":"https:\/\/motovitalex.md\/?post_type=product&#038;p=1255"},"modified":"2024-12-13T14:16:08","modified_gmt":"2024-12-13T14:16:08","slug":"inel-volant-pentru-motor-diesel-178f-z-97","status":"publish","type":"product","link":"https:\/\/motovitalex.md\/ru\/product\/inel-volant-pentru-motor-diesel-178f-z-97\/","title":{"rendered":"Inel volant pentru motor diesel 178F, Z-97"},"content":{"rendered":"<p>Coroana volantului pentru motor diesel 178F, Z-97 este proiectat\u0103 pentru instalarea pe volantul ICE \u0219i serve\u0219te la transferul puterii de la demarorul electric la sistemul de mecanism de manivel\u0103.<\/p>\n<p>Datorit\u0103 diametrului mare al angrenajului, se genereaz\u0103 un cuplu semnificativ, care este necesar pentru a pune \u00een mi\u0219care pistonul motorului.<\/p>\n<p>Coroana este din metal si este un inel cu dinti la exterior. Piesa este presat\u0103 pe partea exterioar\u0103 a volantului \u0219i \u021binut\u0103 de ea. \u00cen timpul func\u021bion\u0103rii, din\u021bii coroanei se uzeaz\u0103, iar gradul lor de angajare cu bendixul starterului scade.<strong> \u00cen caz de uzur\u0103 critic\u0103, piesa trebuie \u00eenlocuit\u0103.<\/strong><\/p>","protected":false},"excerpt":{"rendered":"<p>Coroana volantului pentru motor diesel 178F, Z-97 este proiectat\u0103 pentru instalarea pe volantul ICE \u0219i serve\u0219te la transferul puterii de la demarorul electric la sistemul de mecanism de manivel\u0103. Datorit\u0103 diametrului mare al angrenajului, se genereaz\u0103 un cuplu semnificativ, care este necesar pentru a pune \u00een mi\u0219care pistonul motorului. Coroana este din metal si este&hellip;<\/p>","protected":false},"featured_media":1256,"template":"","meta":[],"product_cat":[64],"product_tag":[],"class_list":{"0":"post-1255","1":"product","2":"type-product","3":"status-publish","4":"has-post-thumbnail","6":"product_cat-piese-auto","8":"first","9":"instock","10":"shipping-taxable","11":"product-type-simple"},"_links":{"self":[{"href":"https:\/\/motovitalex.md\/ru\/wp-json\/wp\/v2\/product\/1255","targetHints":{"allow":["GET"]}}],"collection":[{"href":"https:\/\/motovitalex.md\/ru\/wp-json\/wp\/v2\/product"}],"about":[{"href":"https:\/\/motovitalex.md\/ru\/wp-json\/wp\/v2\/types\/product"}],"version-history":[{"count":1,"href":"https:\/\/motovitalex.md\/ru\/wp-json\/wp\/v2\/product\/1255\/revisions"}],"predecessor-version":[{"id":1257,"href":"https:\/\/motovitalex.md\/ru\/wp-json\/wp\/v2\/product\/1255\/revisions\/1257"}],"wp:featuredmedia":[{"embeddable":true,"href":"https:\/\/motovitalex.md\/ru\/wp-json\/wp\/v2\/media\/1256"}],"wp:attachment":[{"href":"https:\/\/motovitalex.md\/ru\/wp-json\/wp\/v2\/media?parent=1255"}],"wp:term":[{"taxonomy":"product_cat","embeddable":true,"href":"https:\/\/motovitalex.md\/ru\/wp-json\/wp\/v2\/product_cat?post=1255"},{"taxonomy":"product_tag","embeddable":true,"href":"https:\/\/motovitalex.md\/ru\/wp-json\/wp\/v2\/product_tag?post=1255"}],"curies":[{"name":"wp","href":"https:\/\/api.w.org\/{rel}","templated":true}]}}