{"id":1252,"date":"2024-12-13T14:07:11","date_gmt":"2024-12-13T14:07:11","guid":{"rendered":"https:\/\/motovitalex.md\/?post_type=product&#038;p=1252"},"modified":"2024-12-13T14:07:11","modified_gmt":"2024-12-13T14:07:11","slug":"garnituri-pentru-motor-pe-benzina-170f-cu-diametrul-pistonului-de-70-mm","status":"publish","type":"product","link":"https:\/\/motovitalex.md\/ru\/product\/garnituri-pentru-motor-pe-benzina-170f-cu-diametrul-pistonului-de-70-mm\/","title":{"rendered":"Garnituri  pentru motor pe benzin\u0103 170F (cu diametrul pistonului de 70 mm)"},"content":{"rendered":"<p>Garnituri\u00a0 pentru motor pe benzin\u0103 170F (cu diametrul pistonului de 70 mm), set: 7 buc., proiectat pentru instalare pe o unitate de putere de 7 CP. ,aer r\u0103cit.<\/p>\n<p><strong> Garnituri incluse:\u00a0<\/strong><\/p>\n<p>\u2022 capace bloc motor;<\/p>\n<p>\u2022 chiulasa;<\/p>\n<p>\u2022 capac supape;<\/p>\n<p>\u2022 carburator;<\/p>\n<p>\u2022 filtru de aer;<\/p>\n<p>\u2022 toba de esapament;<\/p>\n<p>\u2022 galeria de admisie.<\/p>\n<p>Piesele sunt proiectate pentru a preveni scurgerile de p\u0103cur\u0103 \u0219i gaze de e\u0219apament din diferite sisteme de motor. Garnitura chiulasei este \u00eent\u0103rit\u0103 suplimentar cu un inel metalic \u00een zona \u00eembin\u0103rii gazului pentru a cre\u0219te fiabilitatea \u0219i rezisten\u021ba la uzur\u0103.<\/p>","protected":false},"excerpt":{"rendered":"<p>Garnituri\u00a0 pentru motor pe benzin\u0103 170F (cu diametrul pistonului de 70 mm), set: 7 buc., proiectat pentru instalare pe o unitate de putere de 7 CP. ,aer r\u0103cit. Garnituri incluse:\u00a0 \u2022 capace bloc motor; \u2022 chiulasa; \u2022 capac supape; \u2022 carburator; \u2022 filtru de aer; \u2022 toba de esapament; \u2022 galeria de admisie. Piesele sunt&hellip;<\/p>","protected":false},"featured_media":1253,"template":"","meta":[],"product_cat":[64],"product_tag":[],"class_list":{"0":"post-1252","1":"product","2":"type-product","3":"status-publish","4":"has-post-thumbnail","6":"product_cat-piese-auto","8":"first","9":"instock","10":"shipping-taxable","11":"product-type-simple"},"_links":{"self":[{"href":"https:\/\/motovitalex.md\/ru\/wp-json\/wp\/v2\/product\/1252","targetHints":{"allow":["GET"]}}],"collection":[{"href":"https:\/\/motovitalex.md\/ru\/wp-json\/wp\/v2\/product"}],"about":[{"href":"https:\/\/motovitalex.md\/ru\/wp-json\/wp\/v2\/types\/product"}],"version-history":[{"count":1,"href":"https:\/\/motovitalex.md\/ru\/wp-json\/wp\/v2\/product\/1252\/revisions"}],"predecessor-version":[{"id":1254,"href":"https:\/\/motovitalex.md\/ru\/wp-json\/wp\/v2\/product\/1252\/revisions\/1254"}],"wp:featuredmedia":[{"embeddable":true,"href":"https:\/\/motovitalex.md\/ru\/wp-json\/wp\/v2\/media\/1253"}],"wp:attachment":[{"href":"https:\/\/motovitalex.md\/ru\/wp-json\/wp\/v2\/media?parent=1252"}],"wp:term":[{"taxonomy":"product_cat","embeddable":true,"href":"https:\/\/motovitalex.md\/ru\/wp-json\/wp\/v2\/product_cat?post=1252"},{"taxonomy":"product_tag","embeddable":true,"href":"https:\/\/motovitalex.md\/ru\/wp-json\/wp\/v2\/product_tag?post=1252"}],"curies":[{"name":"wp","href":"https:\/\/api.w.org\/{rel}","templated":true}]}}