{"id":1246,"date":"2024-12-13T13:59:09","date_gmt":"2024-12-13T13:59:09","guid":{"rendered":"https:\/\/motovitalex.md\/?post_type=product&#038;p=1246"},"modified":"2024-12-13T14:01:19","modified_gmt":"2024-12-13T14:01:19","slug":"garnituri-pentru-motor-pe-benzina-168f-cu-diametrul-pistonului-de-68-mm","status":"publish","type":"product","link":"https:\/\/motovitalex.md\/ru\/product\/garnituri-pentru-motor-pe-benzina-168f-cu-diametrul-pistonului-de-68-mm\/","title":{"rendered":"Garnituri  pentru motor pe benzin\u0103 168F( cu diametrul pistonului de 68 mm)"},"content":{"rendered":"<p>Garniturile\u00a0 pentru motor pe benzin\u0103 168F( set: 7 buc., 68 mm), sunt necesare atunci c\u00e2nd se efectueaz\u0103 o repara\u021bie complex\u0103 a unit\u0103\u021bii de putere asociat\u0103 cu dezasamblarea complet\u0103 a acesteia.<\/p>\n<p>Piesele sunt consumabile deoarece se deformeaz\u0103 cu utilizarea \u0219i nu pot fi refolosite.<\/p>\n<p><strong>\u00a0 \u00a0 \u00a0 \u00a0 \u00a0 Setul include \u0219apte garnituri:<\/strong><\/p>\n<p>\u2022 Garnitura capac bloc motor &#8211; 1 buc.;<\/p>\n<p>\u2022 Pozarea unui cap al cilindrului &#8211; 1 bucat\u0103.;<\/p>\n<p>\u2022 Garnitur\u0103 capac supape -1 buc. ;<\/p>\n<p>\u2022 Pozarea carburatorului &#8211; 1 bucat\u0103;<\/p>\n<p>\u2022 Garnitura filtru de aer- 1 buc.;<\/p>\n<p>\u2022 Garnitura toba de e\u0219apament &#8211; 1 buc.;<\/p>\n<p>\u2022 Garnitura galeriei de admisie.<\/p>\n<p>Scopul principal al fiec\u0103rui element este de a sigila jonc\u021biunile diferitelor elemente ale motorului, pentru a preveni p\u0103trunderea prafului, murd\u0103riei, umezelii \u00een unitatea de alimentare, pentru a preveni scurgerile de ulei, amestec\u00a0 aer-combustibil \u0219i gaze de e\u0219apament. <strong>\u00cenlocuirea la timp a pieselor uzate prelunge\u0219te semnificativ durata de via\u021b\u0103 a motorului cu ardere intern\u0103.<\/strong><\/p>","protected":false},"excerpt":{"rendered":"<p>Garniturile\u00a0 pentru motor pe benzin\u0103 168F( set: 7 buc., 68 mm), sunt necesare atunci c\u00e2nd se efectueaz\u0103 o repara\u021bie complex\u0103 a unit\u0103\u021bii de putere asociat\u0103 cu dezasamblarea complet\u0103 a acesteia. Piesele sunt consumabile deoarece se deformeaz\u0103 cu utilizarea \u0219i nu pot fi refolosite. \u00a0 \u00a0 \u00a0 \u00a0 \u00a0 Setul include \u0219apte garnituri: \u2022 Garnitura capac&hellip;<\/p>","protected":false},"featured_media":1247,"template":"","meta":[],"product_cat":[64],"product_tag":[],"class_list":{"0":"post-1246","1":"product","2":"type-product","3":"status-publish","4":"has-post-thumbnail","6":"product_cat-piese-auto","8":"first","9":"instock","10":"shipping-taxable","11":"product-type-simple"},"_links":{"self":[{"href":"https:\/\/motovitalex.md\/ru\/wp-json\/wp\/v2\/product\/1246","targetHints":{"allow":["GET"]}}],"collection":[{"href":"https:\/\/motovitalex.md\/ru\/wp-json\/wp\/v2\/product"}],"about":[{"href":"https:\/\/motovitalex.md\/ru\/wp-json\/wp\/v2\/types\/product"}],"version-history":[{"count":4,"href":"https:\/\/motovitalex.md\/ru\/wp-json\/wp\/v2\/product\/1246\/revisions"}],"predecessor-version":[{"id":1251,"href":"https:\/\/motovitalex.md\/ru\/wp-json\/wp\/v2\/product\/1246\/revisions\/1251"}],"wp:featuredmedia":[{"embeddable":true,"href":"https:\/\/motovitalex.md\/ru\/wp-json\/wp\/v2\/media\/1247"}],"wp:attachment":[{"href":"https:\/\/motovitalex.md\/ru\/wp-json\/wp\/v2\/media?parent=1246"}],"wp:term":[{"taxonomy":"product_cat","embeddable":true,"href":"https:\/\/motovitalex.md\/ru\/wp-json\/wp\/v2\/product_cat?post=1246"},{"taxonomy":"product_tag","embeddable":true,"href":"https:\/\/motovitalex.md\/ru\/wp-json\/wp\/v2\/product_tag?post=1246"}],"curies":[{"name":"wp","href":"https:\/\/api.w.org\/{rel}","templated":true}]}}