{"id":1219,"date":"2024-12-13T13:08:25","date_gmt":"2024-12-13T13:08:25","guid":{"rendered":"https:\/\/motovitalex.md\/?post_type=product&#038;p=1219"},"modified":"2024-12-14T17:58:10","modified_gmt":"2024-12-14T17:58:10","slug":"garnituri-pentru-motor-pe-benzina-188f","status":"publish","type":"product","link":"https:\/\/motovitalex.md\/ru\/product\/garnituri-pentru-motor-pe-benzina-188f\/","title":{"rendered":"Garnituri  pentru motor pe benzina 188F"},"content":{"rendered":"<p>Garnituri motor ,pentru motor pe benzina 188F, set: 7 buc.- un set de elemente de etan\u0219are,proiectat pentru instalare pe o unitate de putere r\u0103cit\u0103 cu aer.<\/p>\n<p><strong>\u00a0 \u00a0 \u00a0 \u00a0 \u00a0 \u00a0 \u00a0 \u00a0 Setul include:<\/strong><\/p>\n<p>\u2022 Garnitur\u0103 capac supape &#8211; asigur\u0103 etan\u0219eitatea mecanismului supapei \u0219i protec\u021bie \u00eempotriva influen\u021belor externe;<\/p>\n<p>\u2022 Garnitura chiulasa &#8211; etanseaza imbinarea dintre cap si bloc si previne scurgerea amestecului de combustibil si a gazelor de evacuare din camera de ardere;<\/p>\n<p>\u2022 Garnitura blocului motor \u2013 previne scurgerea uleiului din carter \u0219i p\u0103trunderea prafului \u00een mecanism;<\/p>\n<p>\u2022 Garnitura tobei de e\u0219apament asigur\u0103 o fixare str\u00e2ns\u0103 a flan\u0219ei la ie\u0219irea chiulasei;<\/p>\n<p>\u2022 Garnitura filtrului de aer \u2013 conceput\u0103 pentru a etan\u0219a spa\u021biul dintre filtru \u0219i carburator, \u00eempiedic\u00e2nd aspirarea aerului necurat \u00een motor;<\/p>\n<p>\u2022 Garniturile carburatorului \u0219i ale galeriei de admisie previn scurgerea amestecului aer-combustibil.<\/p>","protected":false},"excerpt":{"rendered":"<p>Garnituri motor ,pentru motor pe benzina 188F, set: 7 buc.- un set de elemente de etan\u0219are,proiectat pentru instalare pe o unitate de putere r\u0103cit\u0103 cu aer. \u00a0 \u00a0 \u00a0 \u00a0 \u00a0 \u00a0 \u00a0 \u00a0 Setul include: \u2022 Garnitur\u0103 capac supape &#8211; asigur\u0103 etan\u0219eitatea mecanismului supapei \u0219i protec\u021bie \u00eempotriva influen\u021belor externe; \u2022 Garnitura chiulasa &#8211; etanseaza&hellip;<\/p>","protected":false},"featured_media":1359,"template":"","meta":[],"product_cat":[64],"product_tag":[],"class_list":{"0":"post-1219","1":"product","2":"type-product","3":"status-publish","4":"has-post-thumbnail","6":"product_cat-piese-auto","8":"first","9":"instock","10":"shipping-taxable","11":"product-type-simple"},"_links":{"self":[{"href":"https:\/\/motovitalex.md\/ru\/wp-json\/wp\/v2\/product\/1219","targetHints":{"allow":["GET"]}}],"collection":[{"href":"https:\/\/motovitalex.md\/ru\/wp-json\/wp\/v2\/product"}],"about":[{"href":"https:\/\/motovitalex.md\/ru\/wp-json\/wp\/v2\/types\/product"}],"version-history":[{"count":4,"href":"https:\/\/motovitalex.md\/ru\/wp-json\/wp\/v2\/product\/1219\/revisions"}],"predecessor-version":[{"id":1224,"href":"https:\/\/motovitalex.md\/ru\/wp-json\/wp\/v2\/product\/1219\/revisions\/1224"}],"wp:featuredmedia":[{"embeddable":true,"href":"https:\/\/motovitalex.md\/ru\/wp-json\/wp\/v2\/media\/1359"}],"wp:attachment":[{"href":"https:\/\/motovitalex.md\/ru\/wp-json\/wp\/v2\/media?parent=1219"}],"wp:term":[{"taxonomy":"product_cat","embeddable":true,"href":"https:\/\/motovitalex.md\/ru\/wp-json\/wp\/v2\/product_cat?post=1219"},{"taxonomy":"product_tag","embeddable":true,"href":"https:\/\/motovitalex.md\/ru\/wp-json\/wp\/v2\/product_tag?post=1219"}],"curies":[{"name":"wp","href":"https:\/\/api.w.org\/{rel}","templated":true}]}}