{"id":1215,"date":"2024-12-13T12:59:46","date_gmt":"2024-12-13T12:59:46","guid":{"rendered":"https:\/\/motovitalex.md\/?post_type=product&#038;p=1215"},"modified":"2024-12-13T13:01:10","modified_gmt":"2024-12-13T13:01:10","slug":"garnituri-motor-80-mm-pentru-motor-diesel-180n-capac-scurt","status":"publish","type":"product","link":"https:\/\/motovitalex.md\/ru\/product\/garnituri-motor-80-mm-pentru-motor-diesel-180n-capac-scurt\/","title":{"rendered":"Garnituri motor 80 mm  pentru motor diesel 180N (capac scurt)"},"content":{"rendered":"<p>Garniturile pentru motor de 80 mm sunt concepute pentru a fi utilizate cu motorul diesel 180N (cu capac scurt) \u0219i sunt disponibile \u00eentr-un set de 13.\u00a0 Aceste garnituri au o serie de caracteristici care asigur\u0103 o utilizare fiabil\u0103 \u0219i eficient\u0103.<\/p>\n<p><strong>Caracteristici de utilizare<\/strong> <strong>:\u00a0 <\/strong>Fabricate din materiale de \u00eenalt\u0103 calitate, garniturile asigur\u0103 o etan\u0219are fiabil\u0103 \u00eentre diferitele componente ale motorului. Acest lucru este important pentru a preveni scurgerile de ulei, gaze \u0219i alte fluide care pot afecta performan\u021ba motorului.<\/p>\n<p>Garniturile sunt proiectate cu precizie pentru a se potrivi cu dimensiunea \u0219i forma pieselor motorului. Acest lucru asigur\u0103 o potrivire perfect\u0103 \u0219i minimizeaz\u0103 posibilitatea de goluri sau conexiuni sl\u0103bite, rezult\u00e2nd performan\u021be optime ale motorului.<\/p>","protected":false},"excerpt":{"rendered":"<p>Garniturile pentru motor de 80 mm sunt concepute pentru a fi utilizate cu motorul diesel 180N (cu capac scurt) \u0219i sunt disponibile \u00eentr-un set de 13.\u00a0 Aceste garnituri au o serie de caracteristici care asigur\u0103 o utilizare fiabil\u0103 \u0219i eficient\u0103. Caracteristici de utilizare :\u00a0 Fabricate din materiale de \u00eenalt\u0103 calitate, garniturile asigur\u0103 o etan\u0219are fiabil\u0103&hellip;<\/p>","protected":false},"featured_media":1216,"template":"","meta":[],"product_cat":[64],"product_tag":[],"class_list":{"0":"post-1215","1":"product","2":"type-product","3":"status-publish","4":"has-post-thumbnail","6":"product_cat-piese-auto","8":"first","9":"instock","10":"shipping-taxable","11":"product-type-simple"},"_links":{"self":[{"href":"https:\/\/motovitalex.md\/ru\/wp-json\/wp\/v2\/product\/1215","targetHints":{"allow":["GET"]}}],"collection":[{"href":"https:\/\/motovitalex.md\/ru\/wp-json\/wp\/v2\/product"}],"about":[{"href":"https:\/\/motovitalex.md\/ru\/wp-json\/wp\/v2\/types\/product"}],"version-history":[{"count":2,"href":"https:\/\/motovitalex.md\/ru\/wp-json\/wp\/v2\/product\/1215\/revisions"}],"predecessor-version":[{"id":1218,"href":"https:\/\/motovitalex.md\/ru\/wp-json\/wp\/v2\/product\/1215\/revisions\/1218"}],"wp:featuredmedia":[{"embeddable":true,"href":"https:\/\/motovitalex.md\/ru\/wp-json\/wp\/v2\/media\/1216"}],"wp:attachment":[{"href":"https:\/\/motovitalex.md\/ru\/wp-json\/wp\/v2\/media?parent=1215"}],"wp:term":[{"taxonomy":"product_cat","embeddable":true,"href":"https:\/\/motovitalex.md\/ru\/wp-json\/wp\/v2\/product_cat?post=1215"},{"taxonomy":"product_tag","embeddable":true,"href":"https:\/\/motovitalex.md\/ru\/wp-json\/wp\/v2\/product_tag?post=1215"}],"curies":[{"name":"wp","href":"https:\/\/api.w.org\/{rel}","templated":true}]}}