{"id":1212,"date":"2024-12-13T12:49:01","date_gmt":"2024-12-13T12:49:01","guid":{"rendered":"https:\/\/motovitalex.md\/?post_type=product&#038;p=1212"},"modified":"2024-12-14T18:01:17","modified_gmt":"2024-12-14T18:01:17","slug":"garnituri-motor-80-mm-pentru-motor-diesel-180n-capac-lung","status":"publish","type":"product","link":"https:\/\/motovitalex.md\/ru\/product\/garnituri-motor-80-mm-pentru-motor-diesel-180n-capac-lung\/","title":{"rendered":"Garnituri motor 80 mm  pentru motor diesel 180N (capac lung)"},"content":{"rendered":"<p>Garniturile de 80 mm pentru motorul diesel\u00a0 180N sunt componente esen\u021biale care asigur\u0103 o etan\u0219are bun\u0103 \u00eentre diferitele p\u0103r\u021bi ale motorului.<\/p>\n<p>Aceast\u0103 versiune a garniturilor are un capac lung \u0219i vine \u00eentr-un set de 13 buc\u0103\u021bi ,sunt special concepute pentru a asigura func\u021bionarea \u0219i performan\u021ba optim\u0103 a motoarelor diesel 180N.<\/p>\n<p><strong>\u00a0 \u00a0 \u00a0 \u00a0 \u00a0 \u00a0 Caracteristici de utilizare:<\/strong>\u00a0Utilizarea lor special\u0103 const\u0103 \u00een gradul ridicat de etan\u0219eitate pe care \u00eel asigur\u0103 \u00eentre diferitele componente ale motorului. Acest lucru ajut\u0103 la prevenirea scurgerilor de ulei, gaz sau lichid de r\u0103cire, ceea ce este important pentru func\u021bionarea eficient\u0103 \u0219i f\u0103r\u0103 probleme a motorului.<\/p>\n<p>Garniturile sunt realizate din materiale de \u00eenalt\u0103 calitate care sunt rezistente la temperaturi ridicate \u0219i influen\u021be chimice, ceea ce garanteaz\u0103 o durat\u0103 lung\u0103 de via\u021b\u0103 a acestora.<\/p>","protected":false},"excerpt":{"rendered":"<p>Garniturile de 80 mm pentru motorul diesel\u00a0 180N sunt componente esen\u021biale care asigur\u0103 o etan\u0219are bun\u0103 \u00eentre diferitele p\u0103r\u021bi ale motorului. Aceast\u0103 versiune a garniturilor are un capac lung \u0219i vine \u00eentr-un set de 13 buc\u0103\u021bi ,sunt special concepute pentru a asigura func\u021bionarea \u0219i performan\u021ba optim\u0103 a motoarelor diesel 180N. \u00a0 \u00a0 \u00a0 \u00a0 \u00a0&hellip;<\/p>","protected":false},"featured_media":1360,"template":"","meta":[],"product_cat":[64],"product_tag":[],"class_list":{"0":"post-1212","1":"product","2":"type-product","3":"status-publish","4":"has-post-thumbnail","6":"product_cat-piese-auto","8":"first","9":"instock","10":"shipping-taxable","11":"product-type-simple"},"_links":{"self":[{"href":"https:\/\/motovitalex.md\/ru\/wp-json\/wp\/v2\/product\/1212","targetHints":{"allow":["GET"]}}],"collection":[{"href":"https:\/\/motovitalex.md\/ru\/wp-json\/wp\/v2\/product"}],"about":[{"href":"https:\/\/motovitalex.md\/ru\/wp-json\/wp\/v2\/types\/product"}],"version-history":[{"count":1,"href":"https:\/\/motovitalex.md\/ru\/wp-json\/wp\/v2\/product\/1212\/revisions"}],"predecessor-version":[{"id":1214,"href":"https:\/\/motovitalex.md\/ru\/wp-json\/wp\/v2\/product\/1212\/revisions\/1214"}],"wp:featuredmedia":[{"embeddable":true,"href":"https:\/\/motovitalex.md\/ru\/wp-json\/wp\/v2\/media\/1360"}],"wp:attachment":[{"href":"https:\/\/motovitalex.md\/ru\/wp-json\/wp\/v2\/media?parent=1212"}],"wp:term":[{"taxonomy":"product_cat","embeddable":true,"href":"https:\/\/motovitalex.md\/ru\/wp-json\/wp\/v2\/product_cat?post=1212"},{"taxonomy":"product_tag","embeddable":true,"href":"https:\/\/motovitalex.md\/ru\/wp-json\/wp\/v2\/product_tag?post=1212"}],"curies":[{"name":"wp","href":"https:\/\/api.w.org\/{rel}","templated":true}]}}