{"id":1202,"date":"2024-12-12T17:55:20","date_gmt":"2024-12-12T17:55:20","guid":{"rendered":"https:\/\/motovitalex.md\/?post_type=product&#038;p=1202"},"modified":"2024-12-12T17:55:20","modified_gmt":"2024-12-12T17:55:20","slug":"ansamblu-filtru-de-aer-pentru-motor-diesel-178f","status":"publish","type":"product","link":"https:\/\/motovitalex.md\/ru\/product\/ansamblu-filtru-de-aer-pentru-motor-diesel-178f\/","title":{"rendered":"Ansamblu filtru de aer pentru motor diesel 178F"},"content":{"rendered":"<p>Ansamblul filtrului de aer pentru motorul diesel 178F este un sistem de ulei iner\u021bial conceput pentru a cur\u0103\u021ba aerul de admisie \u00eenainte de a intra \u00een camera motorului cu ardere intern\u0103.<\/p>\n<p>Este conectat la galeria de admisie a unit\u0103\u021bii de putere prin intermediul unei conexiuni cu flan\u0219\u0103.<\/p>\n<p><strong> Caracteristici \u0219i Beneficii:<\/strong><\/p>\n<p>-Carcasa din o\u021bel este acoperit\u0103 cu un strat de email pentru a proteja \u00eempotriva coroziunii<\/p>\n<p>&#8211; Echipamentul este protejat \u00een mod fiabil de influen\u021bele mecanice externe.<\/p>\n<p>-\u00cen partea inferioar\u0103 a carcasei exist\u0103 o baie de ulei \u0219i un filtru secundar care cur\u0103\u021b\u0103 aerul de pic\u0103turile de ulei \u0219i reziduurile de praf fin.<\/p>\n<p>-Filtrul este \u00eentre\u021binut conform reglement\u0103rilor, const\u0103 \u00een schimbarea uleiului \u0219i sp\u0103larea elementului de spum\u0103 \u00eentr-o solu\u021bie de s\u0103pun. Cu o func\u021bionare corect\u0103, durata de via\u021b\u0103 a filtrului este practic nelimitat\u0103, cur\u0103\u021barea sa \u00een timp util garanteaz\u0103 o func\u021bionare f\u0103r\u0103 probleme \u0219i prelunge\u0219te durata de via\u021b\u0103 a motorului.<\/p>","protected":false},"excerpt":{"rendered":"<p>Ansamblul filtrului de aer pentru motorul diesel 178F este un sistem de ulei iner\u021bial conceput pentru a cur\u0103\u021ba aerul de admisie \u00eenainte de a intra \u00een camera motorului cu ardere intern\u0103. Este conectat la galeria de admisie a unit\u0103\u021bii de putere prin intermediul unei conexiuni cu flan\u0219\u0103. Caracteristici \u0219i Beneficii: -Carcasa din o\u021bel este acoperit\u0103&hellip;<\/p>","protected":false},"featured_media":1203,"template":"","meta":[],"product_cat":[64],"product_tag":[],"class_list":{"0":"post-1202","1":"product","2":"type-product","3":"status-publish","4":"has-post-thumbnail","6":"product_cat-piese-auto","8":"first","9":"instock","10":"shipping-taxable","11":"purchasable","12":"product-type-simple"},"_links":{"self":[{"href":"https:\/\/motovitalex.md\/ru\/wp-json\/wp\/v2\/product\/1202","targetHints":{"allow":["GET"]}}],"collection":[{"href":"https:\/\/motovitalex.md\/ru\/wp-json\/wp\/v2\/product"}],"about":[{"href":"https:\/\/motovitalex.md\/ru\/wp-json\/wp\/v2\/types\/product"}],"version-history":[{"count":1,"href":"https:\/\/motovitalex.md\/ru\/wp-json\/wp\/v2\/product\/1202\/revisions"}],"predecessor-version":[{"id":1204,"href":"https:\/\/motovitalex.md\/ru\/wp-json\/wp\/v2\/product\/1202\/revisions\/1204"}],"wp:featuredmedia":[{"embeddable":true,"href":"https:\/\/motovitalex.md\/ru\/wp-json\/wp\/v2\/media\/1203"}],"wp:attachment":[{"href":"https:\/\/motovitalex.md\/ru\/wp-json\/wp\/v2\/media?parent=1202"}],"wp:term":[{"taxonomy":"product_cat","embeddable":true,"href":"https:\/\/motovitalex.md\/ru\/wp-json\/wp\/v2\/product_cat?post=1202"},{"taxonomy":"product_tag","embeddable":true,"href":"https:\/\/motovitalex.md\/ru\/wp-json\/wp\/v2\/product_tag?post=1202"}],"curies":[{"name":"wp","href":"https:\/\/api.w.org\/{rel}","templated":true}]}}