{"id":1173,"date":"2024-12-12T16:26:27","date_gmt":"2024-12-12T16:26:27","guid":{"rendered":"https:\/\/motovitalex.md\/?post_type=product&#038;p=1173"},"modified":"2024-12-12T16:40:59","modified_gmt":"2024-12-12T16:40:59","slug":"capac-surub-ambreiaj-pentru-cutie-de-viteze-6","status":"publish","type":"product","link":"https:\/\/motovitalex.md\/ru\/product\/capac-surub-ambreiaj-pentru-cutie-de-viteze-6\/","title":{"rendered":"Capac \u0219urub ambreiaj pentru cutie de viteze\/6"},"content":{"rendered":"<p>Capacul \u0219urubului de ambreiaj\u00a0 pentru cutia de viteze\/6 este o pies\u0103 auxiliar\u0103 care \u00eendepline\u0219te o func\u021bie de protec\u021bie. Piesa de schimb este ata\u0219at\u0103 la carcasa ambreiajului \u0219i blocheaz\u0103 accesul la rulment \u0219i \u0219urubul de fixare.<\/p>\n<p>Capacul este fabricat din plastic durabil, rezistent la socuri si UV. Aceast\u0103 protec\u021bie v\u0103 va permite s\u0103 de\u0219uruba\u021bi cu u\u0219urin\u021b\u0103 \u0219urubul de fixare f\u0103r\u0103 efortul asociat cu cur\u0103\u021barea conexiunii filetate, iar protejarea rulmentului de particulele abrazive va reduce semnificativ uzura acestuia.<\/p>\n<p>Utilizarea unei piese at\u00e2t de simple va reduce cu siguran\u021b\u0103 timpul necesar pentru lucr\u0103rile de repara\u021bie \u0219i va asigura o durat\u0103 lung\u0103 de via\u021b\u0103 a unit\u0103\u021bii.<\/p>","protected":false},"excerpt":{"rendered":"<p>Capacul \u0219urubului de ambreiaj\u00a0 pentru cutia de viteze\/6 este o pies\u0103 auxiliar\u0103 care \u00eendepline\u0219te o func\u021bie de protec\u021bie. Piesa de schimb este ata\u0219at\u0103 la carcasa ambreiajului \u0219i blocheaz\u0103 accesul la rulment \u0219i \u0219urubul de fixare. Capacul este fabricat din plastic durabil, rezistent la socuri si UV. Aceast\u0103 protec\u021bie v\u0103 va permite s\u0103 de\u0219uruba\u021bi cu u\u0219urin\u021b\u0103&hellip;<\/p>","protected":false},"featured_media":1174,"template":"","meta":[],"product_cat":[64],"product_tag":[],"class_list":{"0":"post-1173","1":"product","2":"type-product","3":"status-publish","4":"has-post-thumbnail","6":"product_cat-piese-auto","8":"first","9":"instock","10":"shipping-taxable","11":"purchasable","12":"product-type-simple"},"_links":{"self":[{"href":"https:\/\/motovitalex.md\/ru\/wp-json\/wp\/v2\/product\/1173","targetHints":{"allow":["GET"]}}],"collection":[{"href":"https:\/\/motovitalex.md\/ru\/wp-json\/wp\/v2\/product"}],"about":[{"href":"https:\/\/motovitalex.md\/ru\/wp-json\/wp\/v2\/types\/product"}],"version-history":[{"count":1,"href":"https:\/\/motovitalex.md\/ru\/wp-json\/wp\/v2\/product\/1173\/revisions"}],"predecessor-version":[{"id":1175,"href":"https:\/\/motovitalex.md\/ru\/wp-json\/wp\/v2\/product\/1173\/revisions\/1175"}],"wp:featuredmedia":[{"embeddable":true,"href":"https:\/\/motovitalex.md\/ru\/wp-json\/wp\/v2\/media\/1174"}],"wp:attachment":[{"href":"https:\/\/motovitalex.md\/ru\/wp-json\/wp\/v2\/media?parent=1173"}],"wp:term":[{"taxonomy":"product_cat","embeddable":true,"href":"https:\/\/motovitalex.md\/ru\/wp-json\/wp\/v2\/product_cat?post=1173"},{"taxonomy":"product_tag","embeddable":true,"href":"https:\/\/motovitalex.md\/ru\/wp-json\/wp\/v2\/product_tag?post=1173"}],"curies":[{"name":"wp","href":"https:\/\/api.w.org\/{rel}","templated":true}]}}